{"id":6173,"date":"2025-08-12T14:28:45","date_gmt":"2025-08-12T11:28:45","guid":{"rendered":"https:\/\/luxmusicae.com\/?page_id=6173"},"modified":"2025-08-17T22:14:05","modified_gmt":"2025-08-17T19:14:05","slug":"sa-strommar-vattnen-under-den-nordiska-himlen","status":"publish","type":"page","link":"https:\/\/luxmusicae.com\/sv\/sa-strommar-vattnen-under-den-nordiska-himlen\/","title":{"rendered":"S\u00e5 str\u00f6mmar vattnen under den nordiska himlen"},"content":{"rendered":"\n<p><strong><strong>S\u00f6ndagen den 16 november 2025 | Sjunde\u00e5 kyrka<\/strong><\/strong><\/p>\n\n\n\n<p>Lux Musicae 2025 f\u00e5r en v\u00e4rdig avslutning n\u00e4r <strong>Johanna<\/strong> och <strong>Ville Rusanen, Laura Hynninen <\/strong>och <strong>Pami Karvonen<\/strong> hyllar finsk musik och musikkonst. Konserten \u00e4r en kraftfull kombination av tv\u00e5 glimrande s\u00e5ngarsyskon, en modig och f\u00f6rdomsfri harpist samt en karismatisk pianist. Det blir en upplevelserik och st\u00e4mningsfull avslutning p\u00e5 festivalen \u2013 en musikalisk str\u00f6m som flyter under den nordiska himlen.<\/p>\n\n\n\n<p><strong>Laura Hynninen <\/strong>\u00e4r harpist, komposit\u00f6r och bildkonstn\u00e4r, k\u00e4nd f\u00f6r sitt unika s\u00e4tt att kombinera ljud och bild. Hon har upptr\u00e4tt som solist och kammarmusiker sedan 1990-talet, varit harpans st\u00e4mledare vid Finlands nationalopera och f\u00f6r Radions symfoniorkester samt f\u00e5tt erk\u00e4nnande f\u00f6r sina verk med flera utm\u00e4rkelser s\u00e5som Yles \u00c5rets Album -pris och Pro Musica -priset. Hynninen arbetar ocks\u00e5 som konstn\u00e4rlig ledare f\u00f6r Sysm\u00e4n Suvisoitto.<\/p>\n\n\n\n<div class=\"wp-block-buttons is-layout-flex wp-block-buttons-is-layout-flex\">\n<div class=\"wp-block-button\"><a class=\"wp-block-button__link wp-element-button\" href=\"https:\/\/www.lippu.fi\/sv\/event\/lux-musicae-2025-siuntion-pyhaen-pietarin-kirkko-20334232\/\">BILJETTER<\/a><\/div>\n<\/div>\n","protected":false},"excerpt":{"rendered":"<p>S\u00f6ndagen den 16 november 2025 | Sjunde\u00e5 kyrka Lux Musicae 2025 f\u00e5r en v\u00e4rdig avslutning n\u00e4r Johanna och Ville Rusanen, Laura Hynninen och Pami Karvonen hyllar finsk musik och musikkonst. Konserten \u00e4r en kraftfull kombination av tv\u00e5 glimrande s\u00e5ngarsyskon, en modig och f\u00f6rdomsfri harpist samt en karismatisk pianist. Det blir en upplevelserik och st\u00e4mningsfull avslutning [&hellip;]<\/p>\n","protected":false},"author":1,"featured_media":0,"parent":0,"menu_order":0,"comment_status":"closed","ping_status":"closed","template":"","meta":{"_uag_custom_page_level_css":"","jetpack_post_was_ever_published":false,"footnotes":""},"class_list":["post-6173","page","type-page","status-publish","hentry"],"yoast_head":"<!-- This site is optimized with the Yoast SEO plugin v26.8 - https:\/\/yoast.com\/product\/yoast-seo-wordpress\/ -->\n<title>Lux Musicae 13.-15.11.2026 - S\u00e5 str\u00f6mmar vattnen under den nordiska himlen<\/title>\n<meta name=\"robots\" content=\"index, follow, max-snippet:-1, max-image-preview:large, max-video-preview:-1\" \/>\n<link rel=\"canonical\" href=\"https:\/\/luxmusicae.com\/sv\/sa-strommar-vattnen-under-den-nordiska-himlen\/\" \/>\n<meta property=\"og:locale\" content=\"sv_SE\" \/>\n<meta property=\"og:type\" content=\"article\" \/>\n<meta property=\"og:title\" content=\"Lux Musicae 13.-15.11.2026 - S\u00e5 str\u00f6mmar vattnen under den nordiska himlen\" \/>\n<meta property=\"og:description\" content=\"S\u00f6ndagen den 16 november 2025 | Sjunde\u00e5 kyrka Lux Musicae 2025 f\u00e5r en v\u00e4rdig avslutning n\u00e4r Johanna och Ville Rusanen, Laura Hynninen och Pami Karvonen hyllar finsk musik och musikkonst. Konserten \u00e4r en kraftfull kombination av tv\u00e5 glimrande s\u00e5ngarsyskon, en modig och f\u00f6rdomsfri harpist samt en karismatisk pianist. Det blir en upplevelserik och st\u00e4mningsfull avslutning [&hellip;]\" \/>\n<meta property=\"og:url\" content=\"https:\/\/luxmusicae.com\/sv\/sa-strommar-vattnen-under-den-nordiska-himlen\/\" \/>\n<meta property=\"og:site_name\" content=\"Lux Musicae 13.-15.11.2026\" \/>\n<meta property=\"article:modified_time\" content=\"2025-08-17T19:14:05+00:00\" \/>\n<meta property=\"og:image\" content=\"https:\/\/i0.wp.com\/luxmusicae.com\/wp-content\/uploads\/2025\/07\/LuxMusicae2025_www_HEADER_KORJ.png?fit=2400%2C1600&ssl=1\" \/>\n\t<meta property=\"og:image:width\" content=\"2400\" \/>\n\t<meta property=\"og:image:height\" content=\"1600\" \/>\n\t<meta property=\"og:image:type\" content=\"image\/png\" \/>\n<meta name=\"twitter:card\" content=\"summary_large_image\" \/>\n<meta name=\"twitter:label1\" content=\"Ber\u00e4knad l\u00e4stid\" \/>\n\t<meta name=\"twitter:data1\" content=\"1 minut\" \/>\n<script type=\"application\/ld+json\" class=\"yoast-schema-graph\">{\"@context\":\"https:\/\/schema.org\",\"@graph\":[{\"@type\":\"WebPage\",\"@id\":\"https:\/\/luxmusicae.com\/sv\/sa-strommar-vattnen-under-den-nordiska-himlen\/\",\"url\":\"https:\/\/luxmusicae.com\/sv\/sa-strommar-vattnen-under-den-nordiska-himlen\/\",\"name\":\"Lux Musicae 13.-15.11.2026 - S\u00e5 str\u00f6mmar vattnen under den nordiska himlen\",\"isPartOf\":{\"@id\":\"https:\/\/luxmusicae.com\/#website\"},\"datePublished\":\"2025-08-12T11:28:45+00:00\",\"dateModified\":\"2025-08-17T19:14:05+00:00\",\"breadcrumb\":{\"@id\":\"https:\/\/luxmusicae.com\/sv\/sa-strommar-vattnen-under-den-nordiska-himlen\/#breadcrumb\"},\"inLanguage\":\"sv-SE\",\"potentialAction\":[{\"@type\":\"ReadAction\",\"target\":[\"https:\/\/luxmusicae.com\/sv\/sa-strommar-vattnen-under-den-nordiska-himlen\/\"]}]},{\"@type\":\"BreadcrumbList\",\"@id\":\"https:\/\/luxmusicae.com\/sv\/sa-strommar-vattnen-under-den-nordiska-himlen\/#breadcrumb\",\"itemListElement\":[{\"@type\":\"ListItem\",\"position\":1,\"name\":\"Etusivu\",\"item\":\"https:\/\/luxmusicae.com\/\"},{\"@type\":\"ListItem\",\"position\":2,\"name\":\"S\u00e5 str\u00f6mmar vattnen under den nordiska himlen\"}]},{\"@type\":\"WebSite\",\"@id\":\"https:\/\/luxmusicae.com\/#website\",\"url\":\"https:\/\/luxmusicae.com\/\",\"name\":\"Lux Musicae 13.-15.11.2026\",\"description\":\"Musiikkifestivaali Siuntiossa joka vuoden marraskuussa! - Musikfestival i Sjunde\u00e5. Varje \u00e5r i November! - Music Festival of Siuntio. Every year in november!\",\"publisher\":{\"@id\":\"https:\/\/luxmusicae.com\/#organization\"},\"potentialAction\":[{\"@type\":\"SearchAction\",\"target\":{\"@type\":\"EntryPoint\",\"urlTemplate\":\"https:\/\/luxmusicae.com\/?s={search_term_string}\"},\"query-input\":{\"@type\":\"PropertyValueSpecification\",\"valueRequired\":true,\"valueName\":\"search_term_string\"}}],\"inLanguage\":\"sv-SE\"},{\"@type\":\"Organization\",\"@id\":\"https:\/\/luxmusicae.com\/#organization\",\"name\":\"Lux Musicae 13.-15.11.2026\",\"url\":\"https:\/\/luxmusicae.com\/\",\"logo\":{\"@type\":\"ImageObject\",\"inLanguage\":\"sv-SE\",\"@id\":\"https:\/\/luxmusicae.com\/#\/schema\/logo\/image\/\",\"url\":\"https:\/\/i0.wp.com\/luxmusicae.com\/wp-content\/uploads\/2024\/07\/cropped-LuxMusicae2024_www_LOGO.png?fit=100%2C100&ssl=1\",\"contentUrl\":\"https:\/\/i0.wp.com\/luxmusicae.com\/wp-content\/uploads\/2024\/07\/cropped-LuxMusicae2024_www_LOGO.png?fit=100%2C100&ssl=1\",\"width\":100,\"height\":100,\"caption\":\"Lux Musicae 13.-15.11.2026\"},\"image\":{\"@id\":\"https:\/\/luxmusicae.com\/#\/schema\/logo\/image\/\"}}]}<\/script>\n<!-- \/ Yoast SEO plugin. -->","yoast_head_json":{"title":"Lux Musicae 13.-15.11.2026 - S\u00e5 str\u00f6mmar vattnen under den nordiska himlen","robots":{"index":"index","follow":"follow","max-snippet":"max-snippet:-1","max-image-preview":"max-image-preview:large","max-video-preview":"max-video-preview:-1"},"canonical":"https:\/\/luxmusicae.com\/sv\/sa-strommar-vattnen-under-den-nordiska-himlen\/","og_locale":"sv_SE","og_type":"article","og_title":"Lux Musicae 13.-15.11.2026 - S\u00e5 str\u00f6mmar vattnen under den nordiska himlen","og_description":"S\u00f6ndagen den 16 november 2025 | Sjunde\u00e5 kyrka Lux Musicae 2025 f\u00e5r en v\u00e4rdig avslutning n\u00e4r Johanna och Ville Rusanen, Laura Hynninen och Pami Karvonen hyllar finsk musik och musikkonst. Konserten \u00e4r en kraftfull kombination av tv\u00e5 glimrande s\u00e5ngarsyskon, en modig och f\u00f6rdomsfri harpist samt en karismatisk pianist. Det blir en upplevelserik och st\u00e4mningsfull avslutning [&hellip;]","og_url":"https:\/\/luxmusicae.com\/sv\/sa-strommar-vattnen-under-den-nordiska-himlen\/","og_site_name":"Lux Musicae 13.-15.11.2026","article_modified_time":"2025-08-17T19:14:05+00:00","og_image":[{"width":2400,"height":1600,"url":"https:\/\/i0.wp.com\/luxmusicae.com\/wp-content\/uploads\/2025\/07\/LuxMusicae2025_www_HEADER_KORJ.png?fit=2400%2C1600&ssl=1","type":"image\/png"}],"twitter_card":"summary_large_image","twitter_misc":{"Ber\u00e4knad l\u00e4stid":"1 minut"},"schema":{"@context":"https:\/\/schema.org","@graph":[{"@type":"WebPage","@id":"https:\/\/luxmusicae.com\/sv\/sa-strommar-vattnen-under-den-nordiska-himlen\/","url":"https:\/\/luxmusicae.com\/sv\/sa-strommar-vattnen-under-den-nordiska-himlen\/","name":"Lux Musicae 13.-15.11.2026 - S\u00e5 str\u00f6mmar vattnen under den nordiska himlen","isPartOf":{"@id":"https:\/\/luxmusicae.com\/#website"},"datePublished":"2025-08-12T11:28:45+00:00","dateModified":"2025-08-17T19:14:05+00:00","breadcrumb":{"@id":"https:\/\/luxmusicae.com\/sv\/sa-strommar-vattnen-under-den-nordiska-himlen\/#breadcrumb"},"inLanguage":"sv-SE","potentialAction":[{"@type":"ReadAction","target":["https:\/\/luxmusicae.com\/sv\/sa-strommar-vattnen-under-den-nordiska-himlen\/"]}]},{"@type":"BreadcrumbList","@id":"https:\/\/luxmusicae.com\/sv\/sa-strommar-vattnen-under-den-nordiska-himlen\/#breadcrumb","itemListElement":[{"@type":"ListItem","position":1,"name":"Etusivu","item":"https:\/\/luxmusicae.com\/"},{"@type":"ListItem","position":2,"name":"S\u00e5 str\u00f6mmar vattnen under den nordiska himlen"}]},{"@type":"WebSite","@id":"https:\/\/luxmusicae.com\/#website","url":"https:\/\/luxmusicae.com\/","name":"Lux Musicae 13.-15.11.2026","description":"Musiikkifestivaali Siuntiossa joka vuoden marraskuussa! - Musikfestival i Sjunde\u00e5. Varje \u00e5r i November! - Music Festival of Siuntio. Every year in november!","publisher":{"@id":"https:\/\/luxmusicae.com\/#organization"},"potentialAction":[{"@type":"SearchAction","target":{"@type":"EntryPoint","urlTemplate":"https:\/\/luxmusicae.com\/?s={search_term_string}"},"query-input":{"@type":"PropertyValueSpecification","valueRequired":true,"valueName":"search_term_string"}}],"inLanguage":"sv-SE"},{"@type":"Organization","@id":"https:\/\/luxmusicae.com\/#organization","name":"Lux Musicae 13.-15.11.2026","url":"https:\/\/luxmusicae.com\/","logo":{"@type":"ImageObject","inLanguage":"sv-SE","@id":"https:\/\/luxmusicae.com\/#\/schema\/logo\/image\/","url":"https:\/\/i0.wp.com\/luxmusicae.com\/wp-content\/uploads\/2024\/07\/cropped-LuxMusicae2024_www_LOGO.png?fit=100%2C100&ssl=1","contentUrl":"https:\/\/i0.wp.com\/luxmusicae.com\/wp-content\/uploads\/2024\/07\/cropped-LuxMusicae2024_www_LOGO.png?fit=100%2C100&ssl=1","width":100,"height":100,"caption":"Lux Musicae 13.-15.11.2026"},"image":{"@id":"https:\/\/luxmusicae.com\/#\/schema\/logo\/image\/"}}]}},"uagb_featured_image_src":{"full":false,"thumbnail":false,"medium":false,"medium_large":false,"large":false,"1536x1536":false,"2048x2048":false,"ect-jetpack-portfolio-featured":false,"ect-featured-content":false,"jetpack-portfolio-admin-thumb":false,"featured-content-admin-thumb":false},"uagb_author_info":{"display_name":"Lux Musicae Admin","author_link":"https:\/\/luxmusicae.com\/sv\/author\/admin\/"},"uagb_comment_info":0,"uagb_excerpt":"S\u00f6ndagen den 16 november 2025 | Sjunde\u00e5 kyrka Lux Musicae 2025 f\u00e5r en v\u00e4rdig avslutning n\u00e4r Johanna och Ville Rusanen, Laura Hynninen och Pami Karvonen hyllar finsk musik och musikkonst. Konserten \u00e4r en kraftfull kombination av tv\u00e5 glimrande s\u00e5ngarsyskon, en modig och f\u00f6rdomsfri harpist samt en karismatisk pianist. Det blir en upplevelserik och st\u00e4mningsfull avslutning&hellip;","jetpack_shortlink":"https:\/\/wp.me\/P968cz-1Bz","jetpack_sharing_enabled":true,"_links":{"self":[{"href":"https:\/\/luxmusicae.com\/sv\/wp-json\/wp\/v2\/pages\/6173","targetHints":{"allow":["GET"]}}],"collection":[{"href":"https:\/\/luxmusicae.com\/sv\/wp-json\/wp\/v2\/pages"}],"about":[{"href":"https:\/\/luxmusicae.com\/sv\/wp-json\/wp\/v2\/types\/page"}],"author":[{"embeddable":true,"href":"https:\/\/luxmusicae.com\/sv\/wp-json\/wp\/v2\/users\/1"}],"replies":[{"embeddable":true,"href":"https:\/\/luxmusicae.com\/sv\/wp-json\/wp\/v2\/comments?post=6173"}],"version-history":[{"count":2,"href":"https:\/\/luxmusicae.com\/sv\/wp-json\/wp\/v2\/pages\/6173\/revisions"}],"predecessor-version":[{"id":6223,"href":"https:\/\/luxmusicae.com\/sv\/wp-json\/wp\/v2\/pages\/6173\/revisions\/6223"}],"wp:attachment":[{"href":"https:\/\/luxmusicae.com\/sv\/wp-json\/wp\/v2\/media?parent=6173"}],"curies":[{"name":"wp","href":"https:\/\/api.w.org\/{rel}","templated":true}]}}