{"id":6172,"date":"2025-08-12T14:26:45","date_gmt":"2025-08-12T11:26:45","guid":{"rendered":"https:\/\/luxmusicae.com\/?page_id=6172"},"modified":"2025-08-12T14:26:48","modified_gmt":"2025-08-12T11:26:48","slug":"kan-skuggan-vara-ljus","status":"publish","type":"page","link":"https:\/\/luxmusicae.com\/sv\/kan-skuggan-vara-ljus\/","title":{"rendered":"Kan skuggan vara ljus?"},"content":{"rendered":"\n<p><strong>S\u00f6ndagen den 16 november 2025 | Sjunde\u00e5 kyrka<\/strong><\/p>\n\n\n\n<p>S\u00f6ndagens m\u00e4ssa i samarbete mellan Sjunde\u00e5 finska f\u00f6rsamling och Lux Musicae.<\/p>\n\n\n\n<p>Medverkar: <strong>Johanna Rusanen<\/strong>, sopran &amp; <strong>Pami Karvonen<\/strong>, orgel och piano<\/p>\n\n\n\n<p><strong>Johanna Rusanen <\/strong>\u00e4r en av Finlands mest \u00e4lskade sopraner som \u00e4r k\u00e4nd f\u00f6r sina imponerande operaroller och starka scenkarisma. Hon har upptr\u00e4tt internationellt och varit involverad i m\u00e5nga kyrkomusikprojekt d\u00e4r hon ger sina tolkningar djup och n\u00e4rvaro.<\/p>\n\n\n\n<p><strong>Pami Karvonen <\/strong>\u00e4r en m\u00e5ngsidig pianist och organist, k\u00e4nd f\u00f6r sin k\u00e4nsliga musikalitet och skicklighet som ackompanjat\u00f6r och solist. Han arbetar ocks\u00e5 aktivt inom kyrkomusikf\u00e4ltet och \u00e4r en efterfr\u00e5gad musiker b\u00e5de f\u00f6r konserter och i liturgiska sammanhang. <\/p>\n\n\n\n<p>M\u00e4ssan \u00e4r en dialog mellan ord, toner och tystnad, ljus och skugga, hopp och os\u00e4kerhet. Hela gudstj\u00e4nsten genomsyras av fr\u00e5gan: <em>Kan skuggan vara ljus?<\/em><\/p>\n","protected":false},"excerpt":{"rendered":"<p>S\u00f6ndagen den 16 november 2025 | Sjunde\u00e5 kyrka S\u00f6ndagens m\u00e4ssa i samarbete mellan Sjunde\u00e5 finska f\u00f6rsamling och Lux Musicae. Medverkar: Johanna Rusanen, sopran &amp; Pami Karvonen, orgel och piano Johanna Rusanen \u00e4r en av Finlands mest \u00e4lskade sopraner som \u00e4r k\u00e4nd f\u00f6r sina imponerande operaroller och starka scenkarisma. Hon har upptr\u00e4tt internationellt och varit involverad [&hellip;]<\/p>\n","protected":false},"author":1,"featured_media":0,"parent":0,"menu_order":0,"comment_status":"closed","ping_status":"closed","template":"","meta":{"_uag_custom_page_level_css":"","jetpack_post_was_ever_published":false,"footnotes":""},"class_list":["post-6172","page","type-page","status-publish","hentry"],"yoast_head":"<!-- This site is optimized with the Yoast SEO plugin v26.8 - https:\/\/yoast.com\/product\/yoast-seo-wordpress\/ -->\n<title>Lux Musicae 13.-15.11.2026 - Kan skuggan vara ljus?<\/title>\n<meta name=\"robots\" content=\"index, follow, max-snippet:-1, max-image-preview:large, max-video-preview:-1\" \/>\n<link rel=\"canonical\" href=\"https:\/\/luxmusicae.com\/sv\/kan-skuggan-vara-ljus\/\" \/>\n<meta property=\"og:locale\" content=\"sv_SE\" \/>\n<meta property=\"og:type\" content=\"article\" \/>\n<meta property=\"og:title\" content=\"Lux Musicae 13.-15.11.2026 - Kan skuggan vara ljus?\" \/>\n<meta property=\"og:description\" content=\"S\u00f6ndagen den 16 november 2025 | Sjunde\u00e5 kyrka S\u00f6ndagens m\u00e4ssa i samarbete mellan Sjunde\u00e5 finska f\u00f6rsamling och Lux Musicae. Medverkar: Johanna Rusanen, sopran &amp; Pami Karvonen, orgel och piano Johanna Rusanen \u00e4r en av Finlands mest \u00e4lskade sopraner som \u00e4r k\u00e4nd f\u00f6r sina imponerande operaroller och starka scenkarisma. Hon har upptr\u00e4tt internationellt och varit involverad [&hellip;]\" \/>\n<meta property=\"og:url\" content=\"https:\/\/luxmusicae.com\/sv\/kan-skuggan-vara-ljus\/\" \/>\n<meta property=\"og:site_name\" content=\"Lux Musicae 13.-15.11.2026\" \/>\n<meta property=\"article:modified_time\" content=\"2025-08-12T11:26:48+00:00\" \/>\n<meta property=\"og:image\" content=\"https:\/\/i0.wp.com\/luxmusicae.com\/wp-content\/uploads\/2025\/07\/LuxMusicae2025_www_HEADER_KORJ.png?fit=2400%2C1600&ssl=1\" \/>\n\t<meta property=\"og:image:width\" content=\"2400\" \/>\n\t<meta property=\"og:image:height\" content=\"1600\" \/>\n\t<meta property=\"og:image:type\" content=\"image\/png\" \/>\n<meta name=\"twitter:card\" content=\"summary_large_image\" \/>\n<meta name=\"twitter:label1\" content=\"Ber\u00e4knad l\u00e4stid\" \/>\n\t<meta name=\"twitter:data1\" content=\"1 minut\" \/>\n<script type=\"application\/ld+json\" class=\"yoast-schema-graph\">{\"@context\":\"https:\/\/schema.org\",\"@graph\":[{\"@type\":\"WebPage\",\"@id\":\"https:\/\/luxmusicae.com\/sv\/kan-skuggan-vara-ljus\/\",\"url\":\"https:\/\/luxmusicae.com\/sv\/kan-skuggan-vara-ljus\/\",\"name\":\"Lux Musicae 13.-15.11.2026 - Kan skuggan vara ljus?\",\"isPartOf\":{\"@id\":\"https:\/\/luxmusicae.com\/#website\"},\"datePublished\":\"2025-08-12T11:26:45+00:00\",\"dateModified\":\"2025-08-12T11:26:48+00:00\",\"breadcrumb\":{\"@id\":\"https:\/\/luxmusicae.com\/sv\/kan-skuggan-vara-ljus\/#breadcrumb\"},\"inLanguage\":\"sv-SE\",\"potentialAction\":[{\"@type\":\"ReadAction\",\"target\":[\"https:\/\/luxmusicae.com\/sv\/kan-skuggan-vara-ljus\/\"]}]},{\"@type\":\"BreadcrumbList\",\"@id\":\"https:\/\/luxmusicae.com\/sv\/kan-skuggan-vara-ljus\/#breadcrumb\",\"itemListElement\":[{\"@type\":\"ListItem\",\"position\":1,\"name\":\"Etusivu\",\"item\":\"https:\/\/luxmusicae.com\/\"},{\"@type\":\"ListItem\",\"position\":2,\"name\":\"Kan skuggan vara ljus?\"}]},{\"@type\":\"WebSite\",\"@id\":\"https:\/\/luxmusicae.com\/#website\",\"url\":\"https:\/\/luxmusicae.com\/\",\"name\":\"Lux Musicae 13.-15.11.2026\",\"description\":\"Musiikkifestivaali Siuntiossa joka vuoden marraskuussa! - Musikfestival i Sjunde\u00e5. Varje \u00e5r i November! - Music Festival of Siuntio. Every year in november!\",\"publisher\":{\"@id\":\"https:\/\/luxmusicae.com\/#organization\"},\"potentialAction\":[{\"@type\":\"SearchAction\",\"target\":{\"@type\":\"EntryPoint\",\"urlTemplate\":\"https:\/\/luxmusicae.com\/?s={search_term_string}\"},\"query-input\":{\"@type\":\"PropertyValueSpecification\",\"valueRequired\":true,\"valueName\":\"search_term_string\"}}],\"inLanguage\":\"sv-SE\"},{\"@type\":\"Organization\",\"@id\":\"https:\/\/luxmusicae.com\/#organization\",\"name\":\"Lux Musicae 13.-15.11.2026\",\"url\":\"https:\/\/luxmusicae.com\/\",\"logo\":{\"@type\":\"ImageObject\",\"inLanguage\":\"sv-SE\",\"@id\":\"https:\/\/luxmusicae.com\/#\/schema\/logo\/image\/\",\"url\":\"https:\/\/i0.wp.com\/luxmusicae.com\/wp-content\/uploads\/2024\/07\/cropped-LuxMusicae2024_www_LOGO.png?fit=100%2C100&ssl=1\",\"contentUrl\":\"https:\/\/i0.wp.com\/luxmusicae.com\/wp-content\/uploads\/2024\/07\/cropped-LuxMusicae2024_www_LOGO.png?fit=100%2C100&ssl=1\",\"width\":100,\"height\":100,\"caption\":\"Lux Musicae 13.-15.11.2026\"},\"image\":{\"@id\":\"https:\/\/luxmusicae.com\/#\/schema\/logo\/image\/\"}}]}<\/script>\n<!-- \/ Yoast SEO plugin. -->","yoast_head_json":{"title":"Lux Musicae 13.-15.11.2026 - Kan skuggan vara ljus?","robots":{"index":"index","follow":"follow","max-snippet":"max-snippet:-1","max-image-preview":"max-image-preview:large","max-video-preview":"max-video-preview:-1"},"canonical":"https:\/\/luxmusicae.com\/sv\/kan-skuggan-vara-ljus\/","og_locale":"sv_SE","og_type":"article","og_title":"Lux Musicae 13.-15.11.2026 - Kan skuggan vara ljus?","og_description":"S\u00f6ndagen den 16 november 2025 | Sjunde\u00e5 kyrka S\u00f6ndagens m\u00e4ssa i samarbete mellan Sjunde\u00e5 finska f\u00f6rsamling och Lux Musicae. Medverkar: Johanna Rusanen, sopran &amp; Pami Karvonen, orgel och piano Johanna Rusanen \u00e4r en av Finlands mest \u00e4lskade sopraner som \u00e4r k\u00e4nd f\u00f6r sina imponerande operaroller och starka scenkarisma. Hon har upptr\u00e4tt internationellt och varit involverad [&hellip;]","og_url":"https:\/\/luxmusicae.com\/sv\/kan-skuggan-vara-ljus\/","og_site_name":"Lux Musicae 13.-15.11.2026","article_modified_time":"2025-08-12T11:26:48+00:00","og_image":[{"width":2400,"height":1600,"url":"https:\/\/i0.wp.com\/luxmusicae.com\/wp-content\/uploads\/2025\/07\/LuxMusicae2025_www_HEADER_KORJ.png?fit=2400%2C1600&ssl=1","type":"image\/png"}],"twitter_card":"summary_large_image","twitter_misc":{"Ber\u00e4knad l\u00e4stid":"1 minut"},"schema":{"@context":"https:\/\/schema.org","@graph":[{"@type":"WebPage","@id":"https:\/\/luxmusicae.com\/sv\/kan-skuggan-vara-ljus\/","url":"https:\/\/luxmusicae.com\/sv\/kan-skuggan-vara-ljus\/","name":"Lux Musicae 13.-15.11.2026 - Kan skuggan vara ljus?","isPartOf":{"@id":"https:\/\/luxmusicae.com\/#website"},"datePublished":"2025-08-12T11:26:45+00:00","dateModified":"2025-08-12T11:26:48+00:00","breadcrumb":{"@id":"https:\/\/luxmusicae.com\/sv\/kan-skuggan-vara-ljus\/#breadcrumb"},"inLanguage":"sv-SE","potentialAction":[{"@type":"ReadAction","target":["https:\/\/luxmusicae.com\/sv\/kan-skuggan-vara-ljus\/"]}]},{"@type":"BreadcrumbList","@id":"https:\/\/luxmusicae.com\/sv\/kan-skuggan-vara-ljus\/#breadcrumb","itemListElement":[{"@type":"ListItem","position":1,"name":"Etusivu","item":"https:\/\/luxmusicae.com\/"},{"@type":"ListItem","position":2,"name":"Kan skuggan vara ljus?"}]},{"@type":"WebSite","@id":"https:\/\/luxmusicae.com\/#website","url":"https:\/\/luxmusicae.com\/","name":"Lux Musicae 13.-15.11.2026","description":"Musiikkifestivaali Siuntiossa joka vuoden marraskuussa! - Musikfestival i Sjunde\u00e5. Varje \u00e5r i November! - Music Festival of Siuntio. Every year in november!","publisher":{"@id":"https:\/\/luxmusicae.com\/#organization"},"potentialAction":[{"@type":"SearchAction","target":{"@type":"EntryPoint","urlTemplate":"https:\/\/luxmusicae.com\/?s={search_term_string}"},"query-input":{"@type":"PropertyValueSpecification","valueRequired":true,"valueName":"search_term_string"}}],"inLanguage":"sv-SE"},{"@type":"Organization","@id":"https:\/\/luxmusicae.com\/#organization","name":"Lux Musicae 13.-15.11.2026","url":"https:\/\/luxmusicae.com\/","logo":{"@type":"ImageObject","inLanguage":"sv-SE","@id":"https:\/\/luxmusicae.com\/#\/schema\/logo\/image\/","url":"https:\/\/i0.wp.com\/luxmusicae.com\/wp-content\/uploads\/2024\/07\/cropped-LuxMusicae2024_www_LOGO.png?fit=100%2C100&ssl=1","contentUrl":"https:\/\/i0.wp.com\/luxmusicae.com\/wp-content\/uploads\/2024\/07\/cropped-LuxMusicae2024_www_LOGO.png?fit=100%2C100&ssl=1","width":100,"height":100,"caption":"Lux Musicae 13.-15.11.2026"},"image":{"@id":"https:\/\/luxmusicae.com\/#\/schema\/logo\/image\/"}}]}},"uagb_featured_image_src":{"full":false,"thumbnail":false,"medium":false,"medium_large":false,"large":false,"1536x1536":false,"2048x2048":false,"ect-jetpack-portfolio-featured":false,"ect-featured-content":false,"jetpack-portfolio-admin-thumb":false,"featured-content-admin-thumb":false},"uagb_author_info":{"display_name":"Lux Musicae Admin","author_link":"https:\/\/luxmusicae.com\/sv\/author\/admin\/"},"uagb_comment_info":0,"uagb_excerpt":"S\u00f6ndagen den 16 november 2025 | Sjunde\u00e5 kyrka S\u00f6ndagens m\u00e4ssa i samarbete mellan Sjunde\u00e5 finska f\u00f6rsamling och Lux Musicae. Medverkar: Johanna Rusanen, sopran &amp; Pami Karvonen, orgel och piano Johanna Rusanen \u00e4r en av Finlands mest \u00e4lskade sopraner som \u00e4r k\u00e4nd f\u00f6r sina imponerande operaroller och starka scenkarisma. Hon har upptr\u00e4tt internationellt och varit involverad&hellip;","jetpack_shortlink":"https:\/\/wp.me\/P968cz-1By","jetpack_sharing_enabled":true,"_links":{"self":[{"href":"https:\/\/luxmusicae.com\/sv\/wp-json\/wp\/v2\/pages\/6172","targetHints":{"allow":["GET"]}}],"collection":[{"href":"https:\/\/luxmusicae.com\/sv\/wp-json\/wp\/v2\/pages"}],"about":[{"href":"https:\/\/luxmusicae.com\/sv\/wp-json\/wp\/v2\/types\/page"}],"author":[{"embeddable":true,"href":"https:\/\/luxmusicae.com\/sv\/wp-json\/wp\/v2\/users\/1"}],"replies":[{"embeddable":true,"href":"https:\/\/luxmusicae.com\/sv\/wp-json\/wp\/v2\/comments?post=6172"}],"version-history":[{"count":1,"href":"https:\/\/luxmusicae.com\/sv\/wp-json\/wp\/v2\/pages\/6172\/revisions"}],"predecessor-version":[{"id":6174,"href":"https:\/\/luxmusicae.com\/sv\/wp-json\/wp\/v2\/pages\/6172\/revisions\/6174"}],"wp:attachment":[{"href":"https:\/\/luxmusicae.com\/sv\/wp-json\/wp\/v2\/media?parent=6172"}],"curies":[{"name":"wp","href":"https:\/\/api.w.org\/{rel}","templated":true}]}}