{"id":6169,"date":"2025-08-12T14:24:53","date_gmt":"2025-08-12T11:24:53","guid":{"rendered":"https:\/\/luxmusicae.com\/?page_id=6169"},"modified":"2025-08-17T22:14:21","modified_gmt":"2025-08-17T19:14:21","slug":"den-sista-hostmorgonens-svan","status":"publish","type":"page","link":"https:\/\/luxmusicae.com\/sv\/den-sista-hostmorgonens-svan\/","title":{"rendered":"Den sista h\u00f6stmorgonens svan"},"content":{"rendered":"\n<p><strong>Jazzkonsert, Pickala Golf den 15.11 \u2013 Aili Ikonen, Jukka Perko &amp; Klasstet<\/strong><\/p>\n\n\n\n<p>Aili Ikonen och saxofonisten Jukka Perko f\u00f6renar sina krafter i sin nya konstellation Klasstet. I kv\u00e4llens program h\u00f6rs de mest k\u00e4nda tonerna av klassisk musik \u2013 T\u0161aikovskis, Griegs och Sibelius m\u00e4sterverk \u2013 tolkade p\u00e5 ett nytt s\u00e4tt med jazzens medel.<\/p>\n\n\n\n<p>De ursprungligen som instrumentala verk k\u00e4nda melodierna f\u00e5r nya finska texter som skrivits av bland andra Paleface, Mariska och Mikko Kuustonen. Musiken f\u00e5r ett nytt liv i poetiska och sv\u00e4ngiga versioner.<\/p>\n\n\n\n<p><strong><strong>Artister<\/strong>:<br><\/strong>Aili Ikonen \u2013 s\u00e5ng<br>Jukka Perko \u2013 saxofoner<br>Mikael Myrskog \u2013 piano<br>Ville Herrala \u2013 kontrabas<br>Jaska Lukkarinen \u2013 trummor<\/p>\n\n\n\n<p>V\u00e4lkommen att uppleva en of\u00f6rgl\u00f6mlig kv\u00e4ll d\u00e4r klassisk musik och jazz sm\u00e4lter samman p\u00e5 ett f\u00f6rtrollande s\u00e4tt!<\/p>\n\n\n\n<div class=\"wp-block-buttons is-layout-flex wp-block-buttons-is-layout-flex\">\n<div class=\"wp-block-button\"><a class=\"wp-block-button__link wp-element-button\" href=\"https:\/\/www.lippu.fi\/sv\/event\/lux-musicae-2025-pickala-golf-ravintola-20336253\/\">BILJETTER<\/a><\/div>\n<\/div>\n","protected":false},"excerpt":{"rendered":"<p>Jazzkonsert, Pickala Golf den 15.11 \u2013 Aili Ikonen, Jukka Perko &amp; Klasstet Aili Ikonen och saxofonisten Jukka Perko f\u00f6renar sina krafter i sin nya konstellation Klasstet. I kv\u00e4llens program h\u00f6rs de mest k\u00e4nda tonerna av klassisk musik \u2013 T\u0161aikovskis, Griegs och Sibelius m\u00e4sterverk \u2013 tolkade p\u00e5 ett nytt s\u00e4tt med jazzens medel. De ursprungligen som [&hellip;]<\/p>\n","protected":false},"author":1,"featured_media":0,"parent":0,"menu_order":0,"comment_status":"closed","ping_status":"closed","template":"","meta":{"_uag_custom_page_level_css":"","jetpack_post_was_ever_published":false,"footnotes":""},"class_list":["post-6169","page","type-page","status-publish","hentry"],"yoast_head":"<!-- This site is optimized with the Yoast SEO plugin v26.8 - https:\/\/yoast.com\/product\/yoast-seo-wordpress\/ -->\n<title>Lux Musicae 13.-15.11.2026 - Den sista h\u00f6stmorgonens svan<\/title>\n<meta name=\"robots\" content=\"index, follow, max-snippet:-1, max-image-preview:large, max-video-preview:-1\" \/>\n<link rel=\"canonical\" href=\"https:\/\/luxmusicae.com\/sv\/den-sista-hostmorgonens-svan\/\" \/>\n<meta property=\"og:locale\" content=\"sv_SE\" \/>\n<meta property=\"og:type\" content=\"article\" \/>\n<meta property=\"og:title\" content=\"Lux Musicae 13.-15.11.2026 - Den sista h\u00f6stmorgonens svan\" \/>\n<meta property=\"og:description\" content=\"Jazzkonsert, Pickala Golf den 15.11 \u2013 Aili Ikonen, Jukka Perko &amp; Klasstet Aili Ikonen och saxofonisten Jukka Perko f\u00f6renar sina krafter i sin nya konstellation Klasstet. I kv\u00e4llens program h\u00f6rs de mest k\u00e4nda tonerna av klassisk musik \u2013 T\u0161aikovskis, Griegs och Sibelius m\u00e4sterverk \u2013 tolkade p\u00e5 ett nytt s\u00e4tt med jazzens medel. De ursprungligen som [&hellip;]\" \/>\n<meta property=\"og:url\" content=\"https:\/\/luxmusicae.com\/sv\/den-sista-hostmorgonens-svan\/\" \/>\n<meta property=\"og:site_name\" content=\"Lux Musicae 13.-15.11.2026\" \/>\n<meta property=\"article:modified_time\" content=\"2025-08-17T19:14:21+00:00\" \/>\n<meta property=\"og:image\" content=\"https:\/\/i0.wp.com\/luxmusicae.com\/wp-content\/uploads\/2025\/07\/LuxMusicae2025_www_HEADER_KORJ.png?fit=2400%2C1600&ssl=1\" \/>\n\t<meta property=\"og:image:width\" content=\"2400\" \/>\n\t<meta property=\"og:image:height\" content=\"1600\" \/>\n\t<meta property=\"og:image:type\" content=\"image\/png\" \/>\n<meta name=\"twitter:card\" content=\"summary_large_image\" \/>\n<meta name=\"twitter:label1\" content=\"Ber\u00e4knad l\u00e4stid\" \/>\n\t<meta name=\"twitter:data1\" content=\"1 minut\" \/>\n<script type=\"application\/ld+json\" class=\"yoast-schema-graph\">{\"@context\":\"https:\/\/schema.org\",\"@graph\":[{\"@type\":\"WebPage\",\"@id\":\"https:\/\/luxmusicae.com\/sv\/den-sista-hostmorgonens-svan\/\",\"url\":\"https:\/\/luxmusicae.com\/sv\/den-sista-hostmorgonens-svan\/\",\"name\":\"Lux Musicae 13.-15.11.2026 - Den sista h\u00f6stmorgonens svan\",\"isPartOf\":{\"@id\":\"https:\/\/luxmusicae.com\/#website\"},\"datePublished\":\"2025-08-12T11:24:53+00:00\",\"dateModified\":\"2025-08-17T19:14:21+00:00\",\"breadcrumb\":{\"@id\":\"https:\/\/luxmusicae.com\/sv\/den-sista-hostmorgonens-svan\/#breadcrumb\"},\"inLanguage\":\"sv-SE\",\"potentialAction\":[{\"@type\":\"ReadAction\",\"target\":[\"https:\/\/luxmusicae.com\/sv\/den-sista-hostmorgonens-svan\/\"]}]},{\"@type\":\"BreadcrumbList\",\"@id\":\"https:\/\/luxmusicae.com\/sv\/den-sista-hostmorgonens-svan\/#breadcrumb\",\"itemListElement\":[{\"@type\":\"ListItem\",\"position\":1,\"name\":\"Etusivu\",\"item\":\"https:\/\/luxmusicae.com\/\"},{\"@type\":\"ListItem\",\"position\":2,\"name\":\"Den sista h\u00f6stmorgonens svan\"}]},{\"@type\":\"WebSite\",\"@id\":\"https:\/\/luxmusicae.com\/#website\",\"url\":\"https:\/\/luxmusicae.com\/\",\"name\":\"Lux Musicae 13.-15.11.2026\",\"description\":\"Musiikkifestivaali Siuntiossa joka vuoden marraskuussa! - Musikfestival i Sjunde\u00e5. Varje \u00e5r i November! - Music Festival of Siuntio. Every year in november!\",\"publisher\":{\"@id\":\"https:\/\/luxmusicae.com\/#organization\"},\"potentialAction\":[{\"@type\":\"SearchAction\",\"target\":{\"@type\":\"EntryPoint\",\"urlTemplate\":\"https:\/\/luxmusicae.com\/?s={search_term_string}\"},\"query-input\":{\"@type\":\"PropertyValueSpecification\",\"valueRequired\":true,\"valueName\":\"search_term_string\"}}],\"inLanguage\":\"sv-SE\"},{\"@type\":\"Organization\",\"@id\":\"https:\/\/luxmusicae.com\/#organization\",\"name\":\"Lux Musicae 13.-15.11.2026\",\"url\":\"https:\/\/luxmusicae.com\/\",\"logo\":{\"@type\":\"ImageObject\",\"inLanguage\":\"sv-SE\",\"@id\":\"https:\/\/luxmusicae.com\/#\/schema\/logo\/image\/\",\"url\":\"https:\/\/i0.wp.com\/luxmusicae.com\/wp-content\/uploads\/2024\/07\/cropped-LuxMusicae2024_www_LOGO.png?fit=100%2C100&ssl=1\",\"contentUrl\":\"https:\/\/i0.wp.com\/luxmusicae.com\/wp-content\/uploads\/2024\/07\/cropped-LuxMusicae2024_www_LOGO.png?fit=100%2C100&ssl=1\",\"width\":100,\"height\":100,\"caption\":\"Lux Musicae 13.-15.11.2026\"},\"image\":{\"@id\":\"https:\/\/luxmusicae.com\/#\/schema\/logo\/image\/\"}}]}<\/script>\n<!-- \/ Yoast SEO plugin. -->","yoast_head_json":{"title":"Lux Musicae 13.-15.11.2026 - Den sista h\u00f6stmorgonens svan","robots":{"index":"index","follow":"follow","max-snippet":"max-snippet:-1","max-image-preview":"max-image-preview:large","max-video-preview":"max-video-preview:-1"},"canonical":"https:\/\/luxmusicae.com\/sv\/den-sista-hostmorgonens-svan\/","og_locale":"sv_SE","og_type":"article","og_title":"Lux Musicae 13.-15.11.2026 - Den sista h\u00f6stmorgonens svan","og_description":"Jazzkonsert, Pickala Golf den 15.11 \u2013 Aili Ikonen, Jukka Perko &amp; Klasstet Aili Ikonen och saxofonisten Jukka Perko f\u00f6renar sina krafter i sin nya konstellation Klasstet. I kv\u00e4llens program h\u00f6rs de mest k\u00e4nda tonerna av klassisk musik \u2013 T\u0161aikovskis, Griegs och Sibelius m\u00e4sterverk \u2013 tolkade p\u00e5 ett nytt s\u00e4tt med jazzens medel. De ursprungligen som [&hellip;]","og_url":"https:\/\/luxmusicae.com\/sv\/den-sista-hostmorgonens-svan\/","og_site_name":"Lux Musicae 13.-15.11.2026","article_modified_time":"2025-08-17T19:14:21+00:00","og_image":[{"width":2400,"height":1600,"url":"https:\/\/i0.wp.com\/luxmusicae.com\/wp-content\/uploads\/2025\/07\/LuxMusicae2025_www_HEADER_KORJ.png?fit=2400%2C1600&ssl=1","type":"image\/png"}],"twitter_card":"summary_large_image","twitter_misc":{"Ber\u00e4knad l\u00e4stid":"1 minut"},"schema":{"@context":"https:\/\/schema.org","@graph":[{"@type":"WebPage","@id":"https:\/\/luxmusicae.com\/sv\/den-sista-hostmorgonens-svan\/","url":"https:\/\/luxmusicae.com\/sv\/den-sista-hostmorgonens-svan\/","name":"Lux Musicae 13.-15.11.2026 - Den sista h\u00f6stmorgonens svan","isPartOf":{"@id":"https:\/\/luxmusicae.com\/#website"},"datePublished":"2025-08-12T11:24:53+00:00","dateModified":"2025-08-17T19:14:21+00:00","breadcrumb":{"@id":"https:\/\/luxmusicae.com\/sv\/den-sista-hostmorgonens-svan\/#breadcrumb"},"inLanguage":"sv-SE","potentialAction":[{"@type":"ReadAction","target":["https:\/\/luxmusicae.com\/sv\/den-sista-hostmorgonens-svan\/"]}]},{"@type":"BreadcrumbList","@id":"https:\/\/luxmusicae.com\/sv\/den-sista-hostmorgonens-svan\/#breadcrumb","itemListElement":[{"@type":"ListItem","position":1,"name":"Etusivu","item":"https:\/\/luxmusicae.com\/"},{"@type":"ListItem","position":2,"name":"Den sista h\u00f6stmorgonens svan"}]},{"@type":"WebSite","@id":"https:\/\/luxmusicae.com\/#website","url":"https:\/\/luxmusicae.com\/","name":"Lux Musicae 13.-15.11.2026","description":"Musiikkifestivaali Siuntiossa joka vuoden marraskuussa! - Musikfestival i Sjunde\u00e5. Varje \u00e5r i November! - Music Festival of Siuntio. Every year in november!","publisher":{"@id":"https:\/\/luxmusicae.com\/#organization"},"potentialAction":[{"@type":"SearchAction","target":{"@type":"EntryPoint","urlTemplate":"https:\/\/luxmusicae.com\/?s={search_term_string}"},"query-input":{"@type":"PropertyValueSpecification","valueRequired":true,"valueName":"search_term_string"}}],"inLanguage":"sv-SE"},{"@type":"Organization","@id":"https:\/\/luxmusicae.com\/#organization","name":"Lux Musicae 13.-15.11.2026","url":"https:\/\/luxmusicae.com\/","logo":{"@type":"ImageObject","inLanguage":"sv-SE","@id":"https:\/\/luxmusicae.com\/#\/schema\/logo\/image\/","url":"https:\/\/i0.wp.com\/luxmusicae.com\/wp-content\/uploads\/2024\/07\/cropped-LuxMusicae2024_www_LOGO.png?fit=100%2C100&ssl=1","contentUrl":"https:\/\/i0.wp.com\/luxmusicae.com\/wp-content\/uploads\/2024\/07\/cropped-LuxMusicae2024_www_LOGO.png?fit=100%2C100&ssl=1","width":100,"height":100,"caption":"Lux Musicae 13.-15.11.2026"},"image":{"@id":"https:\/\/luxmusicae.com\/#\/schema\/logo\/image\/"}}]}},"uagb_featured_image_src":{"full":false,"thumbnail":false,"medium":false,"medium_large":false,"large":false,"1536x1536":false,"2048x2048":false,"ect-jetpack-portfolio-featured":false,"ect-featured-content":false,"jetpack-portfolio-admin-thumb":false,"featured-content-admin-thumb":false},"uagb_author_info":{"display_name":"Lux Musicae Admin","author_link":"https:\/\/luxmusicae.com\/sv\/author\/admin\/"},"uagb_comment_info":0,"uagb_excerpt":"Jazzkonsert, Pickala Golf den 15.11 \u2013 Aili Ikonen, Jukka Perko &amp; Klasstet Aili Ikonen och saxofonisten Jukka Perko f\u00f6renar sina krafter i sin nya konstellation Klasstet. I kv\u00e4llens program h\u00f6rs de mest k\u00e4nda tonerna av klassisk musik \u2013 T\u0161aikovskis, Griegs och Sibelius m\u00e4sterverk \u2013 tolkade p\u00e5 ett nytt s\u00e4tt med jazzens medel. De ursprungligen som&hellip;","jetpack_shortlink":"https:\/\/wp.me\/P968cz-1Bv","jetpack_sharing_enabled":true,"_links":{"self":[{"href":"https:\/\/luxmusicae.com\/sv\/wp-json\/wp\/v2\/pages\/6169","targetHints":{"allow":["GET"]}}],"collection":[{"href":"https:\/\/luxmusicae.com\/sv\/wp-json\/wp\/v2\/pages"}],"about":[{"href":"https:\/\/luxmusicae.com\/sv\/wp-json\/wp\/v2\/types\/page"}],"author":[{"embeddable":true,"href":"https:\/\/luxmusicae.com\/sv\/wp-json\/wp\/v2\/users\/1"}],"replies":[{"embeddable":true,"href":"https:\/\/luxmusicae.com\/sv\/wp-json\/wp\/v2\/comments?post=6169"}],"version-history":[{"count":2,"href":"https:\/\/luxmusicae.com\/sv\/wp-json\/wp\/v2\/pages\/6169\/revisions"}],"predecessor-version":[{"id":6224,"href":"https:\/\/luxmusicae.com\/sv\/wp-json\/wp\/v2\/pages\/6169\/revisions\/6224"}],"wp:attachment":[{"href":"https:\/\/luxmusicae.com\/sv\/wp-json\/wp\/v2\/media?parent=6169"}],"curies":[{"name":"wp","href":"https:\/\/api.w.org\/{rel}","templated":true}]}}