{"id":6167,"date":"2025-08-12T14:22:34","date_gmt":"2025-08-12T11:22:34","guid":{"rendered":"https:\/\/luxmusicae.com\/?page_id=6167"},"modified":"2025-08-17T22:14:39","modified_gmt":"2025-08-17T19:14:39","slug":"en-spindelvavstunn-eftermiddag-vid-seinens-strand","status":"publish","type":"page","link":"https:\/\/luxmusicae.com\/sv\/en-spindelvavstunn-eftermiddag-vid-seinens-strand\/","title":{"rendered":"En spindelv\u00e4vstunn eftermiddag vid Seinens strand"},"content":{"rendered":"\n<p><strong>JORMA UOTINEN<\/strong> \u2013 s\u00e5ng och texter<br><strong>JARI HAKKARAINEN<\/strong> \u2013 piano<\/p>\n\n\n\n<p>Jorma Uotinen upptr\u00e4der vid den 26:e Lux Musicae -festivalens konsert <strong>l\u00f6rdagen den 15 november 2025 kl. 14.00<\/strong>. Konsertplatsen \u00e4r <strong>Villa Miina, Lepopirttiv\u00e4gen 33, 02570 Sjunde\u00e5<\/strong>.<\/p>\n\n\n\n<p>V\u00e4lkommen p\u00e5 en unik musikresa till Seinens str\u00e4nder, till den franska chansonens v\u00e4rld! Under konserten h\u00f6r vi melodier som f\u00e4rgats av k\u00e4rlek, l\u00e4ngtan, sk\u00f6nhet och liv \u2013 klassiker och nya p\u00e4rlor. <\/p>\n\n\n\n<p>I programmet ing\u00e5r bl.a. <em>La Vie en rose<\/em>, <em>Padam Padam<\/em>, <em>Odotusta Pariisissa<\/em>, <em>La chanson des vieux amants<\/em>, <em>Les feuilles mortes<\/em>, <em>Mustan kissan kahvila <\/em>och <em>Tuulet tyyntyneet<\/em>. <\/p>\n\n\n\n<p>Jorma Uotinen tolkar l\u00e5tarna med sin m\u00e4ktiga r\u00f6st och sin f\u00e4ngslande n\u00e4rvaro till ackompanjemang av den virtuosa pianisten Jari Hakkarainen. Eftermiddagen \u00e4r fylld av k\u00e4nslor, ber\u00e4ttelser och melodier som stannar kvar i minnet och hj\u00e4rtat.<\/p>\n\n\n\n<div class=\"wp-block-buttons is-layout-flex wp-block-buttons-is-layout-flex\">\n<div class=\"wp-block-button\"><a class=\"wp-block-button__link wp-element-button\" href=\"https:\/\/www.lippu.fi\/sv\/event\/lux-musicae-2025-villa-miina-20335944\/\">BILJETTER<\/a><\/div>\n<\/div>\n\n\n\n<p><\/p>\n","protected":false},"excerpt":{"rendered":"<p>JORMA UOTINEN \u2013 s\u00e5ng och texterJARI HAKKARAINEN \u2013 piano Jorma Uotinen upptr\u00e4der vid den 26:e Lux Musicae -festivalens konsert l\u00f6rdagen den 15 november 2025 kl. 14.00. Konsertplatsen \u00e4r Villa Miina, Lepopirttiv\u00e4gen 33, 02570 Sjunde\u00e5. V\u00e4lkommen p\u00e5 en unik musikresa till Seinens str\u00e4nder, till den franska chansonens v\u00e4rld! Under konserten h\u00f6r vi melodier som f\u00e4rgats av [&hellip;]<\/p>\n","protected":false},"author":1,"featured_media":0,"parent":0,"menu_order":0,"comment_status":"closed","ping_status":"closed","template":"","meta":{"_uag_custom_page_level_css":"","jetpack_post_was_ever_published":false,"footnotes":""},"class_list":["post-6167","page","type-page","status-publish","hentry"],"yoast_head":"<!-- This site is optimized with the Yoast SEO plugin v26.8 - https:\/\/yoast.com\/product\/yoast-seo-wordpress\/ -->\n<title>Lux Musicae 13.-15.11.2026 - En spindelv\u00e4vstunn eftermiddag vid Seinens strand<\/title>\n<meta name=\"robots\" content=\"index, follow, max-snippet:-1, max-image-preview:large, max-video-preview:-1\" \/>\n<link rel=\"canonical\" href=\"https:\/\/luxmusicae.com\/sv\/en-spindelvavstunn-eftermiddag-vid-seinens-strand\/\" \/>\n<meta property=\"og:locale\" content=\"sv_SE\" \/>\n<meta property=\"og:type\" content=\"article\" \/>\n<meta property=\"og:title\" content=\"Lux Musicae 13.-15.11.2026 - En spindelv\u00e4vstunn eftermiddag vid Seinens strand\" \/>\n<meta property=\"og:description\" content=\"JORMA UOTINEN \u2013 s\u00e5ng och texterJARI HAKKARAINEN \u2013 piano Jorma Uotinen upptr\u00e4der vid den 26:e Lux Musicae -festivalens konsert l\u00f6rdagen den 15 november 2025 kl. 14.00. Konsertplatsen \u00e4r Villa Miina, Lepopirttiv\u00e4gen 33, 02570 Sjunde\u00e5. V\u00e4lkommen p\u00e5 en unik musikresa till Seinens str\u00e4nder, till den franska chansonens v\u00e4rld! Under konserten h\u00f6r vi melodier som f\u00e4rgats av [&hellip;]\" \/>\n<meta property=\"og:url\" content=\"https:\/\/luxmusicae.com\/sv\/en-spindelvavstunn-eftermiddag-vid-seinens-strand\/\" \/>\n<meta property=\"og:site_name\" content=\"Lux Musicae 13.-15.11.2026\" \/>\n<meta property=\"article:modified_time\" content=\"2025-08-17T19:14:39+00:00\" \/>\n<meta property=\"og:image\" content=\"https:\/\/i0.wp.com\/luxmusicae.com\/wp-content\/uploads\/2025\/07\/LuxMusicae2025_www_HEADER_KORJ.png?fit=2400%2C1600&ssl=1\" \/>\n\t<meta property=\"og:image:width\" content=\"2400\" \/>\n\t<meta property=\"og:image:height\" content=\"1600\" \/>\n\t<meta property=\"og:image:type\" content=\"image\/png\" \/>\n<meta name=\"twitter:card\" content=\"summary_large_image\" \/>\n<meta name=\"twitter:label1\" content=\"Ber\u00e4knad l\u00e4stid\" \/>\n\t<meta name=\"twitter:data1\" content=\"1 minut\" \/>\n<script type=\"application\/ld+json\" class=\"yoast-schema-graph\">{\"@context\":\"https:\/\/schema.org\",\"@graph\":[{\"@type\":\"WebPage\",\"@id\":\"https:\/\/luxmusicae.com\/sv\/en-spindelvavstunn-eftermiddag-vid-seinens-strand\/\",\"url\":\"https:\/\/luxmusicae.com\/sv\/en-spindelvavstunn-eftermiddag-vid-seinens-strand\/\",\"name\":\"Lux Musicae 13.-15.11.2026 - En spindelv\u00e4vstunn eftermiddag vid Seinens strand\",\"isPartOf\":{\"@id\":\"https:\/\/luxmusicae.com\/#website\"},\"datePublished\":\"2025-08-12T11:22:34+00:00\",\"dateModified\":\"2025-08-17T19:14:39+00:00\",\"breadcrumb\":{\"@id\":\"https:\/\/luxmusicae.com\/sv\/en-spindelvavstunn-eftermiddag-vid-seinens-strand\/#breadcrumb\"},\"inLanguage\":\"sv-SE\",\"potentialAction\":[{\"@type\":\"ReadAction\",\"target\":[\"https:\/\/luxmusicae.com\/sv\/en-spindelvavstunn-eftermiddag-vid-seinens-strand\/\"]}]},{\"@type\":\"BreadcrumbList\",\"@id\":\"https:\/\/luxmusicae.com\/sv\/en-spindelvavstunn-eftermiddag-vid-seinens-strand\/#breadcrumb\",\"itemListElement\":[{\"@type\":\"ListItem\",\"position\":1,\"name\":\"Etusivu\",\"item\":\"https:\/\/luxmusicae.com\/\"},{\"@type\":\"ListItem\",\"position\":2,\"name\":\"En spindelv\u00e4vstunn eftermiddag vid Seinens strand\"}]},{\"@type\":\"WebSite\",\"@id\":\"https:\/\/luxmusicae.com\/#website\",\"url\":\"https:\/\/luxmusicae.com\/\",\"name\":\"Lux Musicae 13.-15.11.2026\",\"description\":\"Musiikkifestivaali Siuntiossa joka vuoden marraskuussa! - Musikfestival i Sjunde\u00e5. Varje \u00e5r i November! - Music Festival of Siuntio. Every year in november!\",\"publisher\":{\"@id\":\"https:\/\/luxmusicae.com\/#organization\"},\"potentialAction\":[{\"@type\":\"SearchAction\",\"target\":{\"@type\":\"EntryPoint\",\"urlTemplate\":\"https:\/\/luxmusicae.com\/?s={search_term_string}\"},\"query-input\":{\"@type\":\"PropertyValueSpecification\",\"valueRequired\":true,\"valueName\":\"search_term_string\"}}],\"inLanguage\":\"sv-SE\"},{\"@type\":\"Organization\",\"@id\":\"https:\/\/luxmusicae.com\/#organization\",\"name\":\"Lux Musicae 13.-15.11.2026\",\"url\":\"https:\/\/luxmusicae.com\/\",\"logo\":{\"@type\":\"ImageObject\",\"inLanguage\":\"sv-SE\",\"@id\":\"https:\/\/luxmusicae.com\/#\/schema\/logo\/image\/\",\"url\":\"https:\/\/i0.wp.com\/luxmusicae.com\/wp-content\/uploads\/2024\/07\/cropped-LuxMusicae2024_www_LOGO.png?fit=100%2C100&ssl=1\",\"contentUrl\":\"https:\/\/i0.wp.com\/luxmusicae.com\/wp-content\/uploads\/2024\/07\/cropped-LuxMusicae2024_www_LOGO.png?fit=100%2C100&ssl=1\",\"width\":100,\"height\":100,\"caption\":\"Lux Musicae 13.-15.11.2026\"},\"image\":{\"@id\":\"https:\/\/luxmusicae.com\/#\/schema\/logo\/image\/\"}}]}<\/script>\n<!-- \/ Yoast SEO plugin. -->","yoast_head_json":{"title":"Lux Musicae 13.-15.11.2026 - En spindelv\u00e4vstunn eftermiddag vid Seinens strand","robots":{"index":"index","follow":"follow","max-snippet":"max-snippet:-1","max-image-preview":"max-image-preview:large","max-video-preview":"max-video-preview:-1"},"canonical":"https:\/\/luxmusicae.com\/sv\/en-spindelvavstunn-eftermiddag-vid-seinens-strand\/","og_locale":"sv_SE","og_type":"article","og_title":"Lux Musicae 13.-15.11.2026 - En spindelv\u00e4vstunn eftermiddag vid Seinens strand","og_description":"JORMA UOTINEN \u2013 s\u00e5ng och texterJARI HAKKARAINEN \u2013 piano Jorma Uotinen upptr\u00e4der vid den 26:e Lux Musicae -festivalens konsert l\u00f6rdagen den 15 november 2025 kl. 14.00. Konsertplatsen \u00e4r Villa Miina, Lepopirttiv\u00e4gen 33, 02570 Sjunde\u00e5. V\u00e4lkommen p\u00e5 en unik musikresa till Seinens str\u00e4nder, till den franska chansonens v\u00e4rld! Under konserten h\u00f6r vi melodier som f\u00e4rgats av [&hellip;]","og_url":"https:\/\/luxmusicae.com\/sv\/en-spindelvavstunn-eftermiddag-vid-seinens-strand\/","og_site_name":"Lux Musicae 13.-15.11.2026","article_modified_time":"2025-08-17T19:14:39+00:00","og_image":[{"width":2400,"height":1600,"url":"https:\/\/i0.wp.com\/luxmusicae.com\/wp-content\/uploads\/2025\/07\/LuxMusicae2025_www_HEADER_KORJ.png?fit=2400%2C1600&ssl=1","type":"image\/png"}],"twitter_card":"summary_large_image","twitter_misc":{"Ber\u00e4knad l\u00e4stid":"1 minut"},"schema":{"@context":"https:\/\/schema.org","@graph":[{"@type":"WebPage","@id":"https:\/\/luxmusicae.com\/sv\/en-spindelvavstunn-eftermiddag-vid-seinens-strand\/","url":"https:\/\/luxmusicae.com\/sv\/en-spindelvavstunn-eftermiddag-vid-seinens-strand\/","name":"Lux Musicae 13.-15.11.2026 - En spindelv\u00e4vstunn eftermiddag vid Seinens strand","isPartOf":{"@id":"https:\/\/luxmusicae.com\/#website"},"datePublished":"2025-08-12T11:22:34+00:00","dateModified":"2025-08-17T19:14:39+00:00","breadcrumb":{"@id":"https:\/\/luxmusicae.com\/sv\/en-spindelvavstunn-eftermiddag-vid-seinens-strand\/#breadcrumb"},"inLanguage":"sv-SE","potentialAction":[{"@type":"ReadAction","target":["https:\/\/luxmusicae.com\/sv\/en-spindelvavstunn-eftermiddag-vid-seinens-strand\/"]}]},{"@type":"BreadcrumbList","@id":"https:\/\/luxmusicae.com\/sv\/en-spindelvavstunn-eftermiddag-vid-seinens-strand\/#breadcrumb","itemListElement":[{"@type":"ListItem","position":1,"name":"Etusivu","item":"https:\/\/luxmusicae.com\/"},{"@type":"ListItem","position":2,"name":"En spindelv\u00e4vstunn eftermiddag vid Seinens strand"}]},{"@type":"WebSite","@id":"https:\/\/luxmusicae.com\/#website","url":"https:\/\/luxmusicae.com\/","name":"Lux Musicae 13.-15.11.2026","description":"Musiikkifestivaali Siuntiossa joka vuoden marraskuussa! - Musikfestival i Sjunde\u00e5. Varje \u00e5r i November! - Music Festival of Siuntio. Every year in november!","publisher":{"@id":"https:\/\/luxmusicae.com\/#organization"},"potentialAction":[{"@type":"SearchAction","target":{"@type":"EntryPoint","urlTemplate":"https:\/\/luxmusicae.com\/?s={search_term_string}"},"query-input":{"@type":"PropertyValueSpecification","valueRequired":true,"valueName":"search_term_string"}}],"inLanguage":"sv-SE"},{"@type":"Organization","@id":"https:\/\/luxmusicae.com\/#organization","name":"Lux Musicae 13.-15.11.2026","url":"https:\/\/luxmusicae.com\/","logo":{"@type":"ImageObject","inLanguage":"sv-SE","@id":"https:\/\/luxmusicae.com\/#\/schema\/logo\/image\/","url":"https:\/\/i0.wp.com\/luxmusicae.com\/wp-content\/uploads\/2024\/07\/cropped-LuxMusicae2024_www_LOGO.png?fit=100%2C100&ssl=1","contentUrl":"https:\/\/i0.wp.com\/luxmusicae.com\/wp-content\/uploads\/2024\/07\/cropped-LuxMusicae2024_www_LOGO.png?fit=100%2C100&ssl=1","width":100,"height":100,"caption":"Lux Musicae 13.-15.11.2026"},"image":{"@id":"https:\/\/luxmusicae.com\/#\/schema\/logo\/image\/"}}]}},"uagb_featured_image_src":{"full":false,"thumbnail":false,"medium":false,"medium_large":false,"large":false,"1536x1536":false,"2048x2048":false,"ect-jetpack-portfolio-featured":false,"ect-featured-content":false,"jetpack-portfolio-admin-thumb":false,"featured-content-admin-thumb":false},"uagb_author_info":{"display_name":"Lux Musicae Admin","author_link":"https:\/\/luxmusicae.com\/sv\/author\/admin\/"},"uagb_comment_info":0,"uagb_excerpt":"JORMA UOTINEN \u2013 s\u00e5ng och texterJARI HAKKARAINEN \u2013 piano Jorma Uotinen upptr\u00e4der vid den 26:e Lux Musicae -festivalens konsert l\u00f6rdagen den 15 november 2025 kl. 14.00. Konsertplatsen \u00e4r Villa Miina, Lepopirttiv\u00e4gen 33, 02570 Sjunde\u00e5. V\u00e4lkommen p\u00e5 en unik musikresa till Seinens str\u00e4nder, till den franska chansonens v\u00e4rld! Under konserten h\u00f6r vi melodier som f\u00e4rgats av&hellip;","jetpack_shortlink":"https:\/\/wp.me\/P968cz-1Bt","jetpack_sharing_enabled":true,"_links":{"self":[{"href":"https:\/\/luxmusicae.com\/sv\/wp-json\/wp\/v2\/pages\/6167","targetHints":{"allow":["GET"]}}],"collection":[{"href":"https:\/\/luxmusicae.com\/sv\/wp-json\/wp\/v2\/pages"}],"about":[{"href":"https:\/\/luxmusicae.com\/sv\/wp-json\/wp\/v2\/types\/page"}],"author":[{"embeddable":true,"href":"https:\/\/luxmusicae.com\/sv\/wp-json\/wp\/v2\/users\/1"}],"replies":[{"embeddable":true,"href":"https:\/\/luxmusicae.com\/sv\/wp-json\/wp\/v2\/comments?post=6167"}],"version-history":[{"count":2,"href":"https:\/\/luxmusicae.com\/sv\/wp-json\/wp\/v2\/pages\/6167\/revisions"}],"predecessor-version":[{"id":6225,"href":"https:\/\/luxmusicae.com\/sv\/wp-json\/wp\/v2\/pages\/6167\/revisions\/6225"}],"wp:attachment":[{"href":"https:\/\/luxmusicae.com\/sv\/wp-json\/wp\/v2\/media?parent=6167"}],"curies":[{"name":"wp","href":"https:\/\/api.w.org\/{rel}","templated":true}]}}