{"id":6165,"date":"2025-08-12T14:19:59","date_gmt":"2025-08-12T11:19:59","guid":{"rendered":"https:\/\/luxmusicae.com\/?page_id=6165"},"modified":"2025-08-17T22:14:59","modified_gmt":"2025-08-17T19:14:59","slug":"fran-dalens-lilja-till-skogens-flicka","status":"publish","type":"page","link":"https:\/\/luxmusicae.com\/sv\/fran-dalens-lilja-till-skogens-flicka\/","title":{"rendered":"Fr\u00e5n dalens lilja till skogens flicka"},"content":{"rendered":"\n<p><strong>Lux Musicae -kv\u00e4llsklubb i Hotelli Siuntio den 14.11.2025<\/strong><\/p>\n\n\n\n<p>Den st\u00e4mningsfulla kv\u00e4llsklubben bjuder p\u00e5 en of\u00f6rgl\u00f6mlig musikkv\u00e4ll d\u00e5 de finska storfavoriterna <strong>Maarit <\/strong>och <strong>Sami Hurmerinta <\/strong>g\u00e5r upp p\u00e5 scenen. Detta \u00e4lskade musikerpar tar sina \u00e5h\u00f6rare med p\u00e5 en nostalgisk resa genom \u00e5rtiondena med ber\u00e4ttelser, k\u00e4nslor och melodier som f\u00f6ljeslagare. Under kv\u00e4llen h\u00f6r vi bekanta klassiker samt k\u00e4nsliga tolkningar som tilltalar hj\u00e4rta som hj\u00e4rta.<\/p>\n\n\n\n<p>V\u00e4lkomna att tillbringa en varm kv\u00e4ll i musikens tecken i Hotelli Siuntio!<\/p>\n\n\n\n<div class=\"wp-block-buttons is-layout-flex wp-block-buttons-is-layout-flex\">\n<div class=\"wp-block-button\"><a class=\"wp-block-button__link wp-element-button\" href=\"https:\/\/www.lippu.fi\/sv\/event\/lux-musicae-2025-hotelli-siuntio-20335750\/\">BILJETTER<\/a><\/div>\n<\/div>\n\n\n\n<p><\/p>\n","protected":false},"excerpt":{"rendered":"<p>Lux Musicae -kv\u00e4llsklubb i Hotelli Siuntio den 14.11.2025 Den st\u00e4mningsfulla kv\u00e4llsklubben bjuder p\u00e5 en of\u00f6rgl\u00f6mlig musikkv\u00e4ll d\u00e5 de finska storfavoriterna Maarit och Sami Hurmerinta g\u00e5r upp p\u00e5 scenen. Detta \u00e4lskade musikerpar tar sina \u00e5h\u00f6rare med p\u00e5 en nostalgisk resa genom \u00e5rtiondena med ber\u00e4ttelser, k\u00e4nslor och melodier som f\u00f6ljeslagare. Under kv\u00e4llen h\u00f6r vi bekanta klassiker samt [&hellip;]<\/p>\n","protected":false},"author":1,"featured_media":0,"parent":0,"menu_order":0,"comment_status":"closed","ping_status":"closed","template":"","meta":{"_uag_custom_page_level_css":"","jetpack_post_was_ever_published":false,"footnotes":""},"class_list":["post-6165","page","type-page","status-publish","hentry"],"yoast_head":"<!-- This site is optimized with the Yoast SEO plugin v26.8 - https:\/\/yoast.com\/product\/yoast-seo-wordpress\/ -->\n<title>Lux Musicae 13.-15.11.2026 - Fr\u00e5n dalens lilja till skogens flicka<\/title>\n<meta name=\"robots\" content=\"index, follow, max-snippet:-1, max-image-preview:large, max-video-preview:-1\" \/>\n<link rel=\"canonical\" href=\"https:\/\/luxmusicae.com\/sv\/fran-dalens-lilja-till-skogens-flicka\/\" \/>\n<meta property=\"og:locale\" content=\"sv_SE\" \/>\n<meta property=\"og:type\" content=\"article\" \/>\n<meta property=\"og:title\" content=\"Lux Musicae 13.-15.11.2026 - Fr\u00e5n dalens lilja till skogens flicka\" \/>\n<meta property=\"og:description\" content=\"Lux Musicae -kv\u00e4llsklubb i Hotelli Siuntio den 14.11.2025 Den st\u00e4mningsfulla kv\u00e4llsklubben bjuder p\u00e5 en of\u00f6rgl\u00f6mlig musikkv\u00e4ll d\u00e5 de finska storfavoriterna Maarit och Sami Hurmerinta g\u00e5r upp p\u00e5 scenen. Detta \u00e4lskade musikerpar tar sina \u00e5h\u00f6rare med p\u00e5 en nostalgisk resa genom \u00e5rtiondena med ber\u00e4ttelser, k\u00e4nslor och melodier som f\u00f6ljeslagare. Under kv\u00e4llen h\u00f6r vi bekanta klassiker samt [&hellip;]\" \/>\n<meta property=\"og:url\" content=\"https:\/\/luxmusicae.com\/sv\/fran-dalens-lilja-till-skogens-flicka\/\" \/>\n<meta property=\"og:site_name\" content=\"Lux Musicae 13.-15.11.2026\" \/>\n<meta property=\"article:modified_time\" content=\"2025-08-17T19:14:59+00:00\" \/>\n<meta property=\"og:image\" content=\"https:\/\/i0.wp.com\/luxmusicae.com\/wp-content\/uploads\/2025\/07\/LuxMusicae2025_www_HEADER_KORJ.png?fit=2400%2C1600&ssl=1\" \/>\n\t<meta property=\"og:image:width\" content=\"2400\" \/>\n\t<meta property=\"og:image:height\" content=\"1600\" \/>\n\t<meta property=\"og:image:type\" content=\"image\/png\" \/>\n<meta name=\"twitter:card\" content=\"summary_large_image\" \/>\n<script type=\"application\/ld+json\" class=\"yoast-schema-graph\">{\"@context\":\"https:\/\/schema.org\",\"@graph\":[{\"@type\":\"WebPage\",\"@id\":\"https:\/\/luxmusicae.com\/sv\/fran-dalens-lilja-till-skogens-flicka\/\",\"url\":\"https:\/\/luxmusicae.com\/sv\/fran-dalens-lilja-till-skogens-flicka\/\",\"name\":\"Lux Musicae 13.-15.11.2026 - Fr\u00e5n dalens lilja till skogens flicka\",\"isPartOf\":{\"@id\":\"https:\/\/luxmusicae.com\/#website\"},\"datePublished\":\"2025-08-12T11:19:59+00:00\",\"dateModified\":\"2025-08-17T19:14:59+00:00\",\"breadcrumb\":{\"@id\":\"https:\/\/luxmusicae.com\/sv\/fran-dalens-lilja-till-skogens-flicka\/#breadcrumb\"},\"inLanguage\":\"sv-SE\",\"potentialAction\":[{\"@type\":\"ReadAction\",\"target\":[\"https:\/\/luxmusicae.com\/sv\/fran-dalens-lilja-till-skogens-flicka\/\"]}]},{\"@type\":\"BreadcrumbList\",\"@id\":\"https:\/\/luxmusicae.com\/sv\/fran-dalens-lilja-till-skogens-flicka\/#breadcrumb\",\"itemListElement\":[{\"@type\":\"ListItem\",\"position\":1,\"name\":\"Etusivu\",\"item\":\"https:\/\/luxmusicae.com\/\"},{\"@type\":\"ListItem\",\"position\":2,\"name\":\"Fr\u00e5n dalens lilja till skogens flicka\"}]},{\"@type\":\"WebSite\",\"@id\":\"https:\/\/luxmusicae.com\/#website\",\"url\":\"https:\/\/luxmusicae.com\/\",\"name\":\"Lux Musicae 13.-15.11.2026\",\"description\":\"Musiikkifestivaali Siuntiossa joka vuoden marraskuussa! - Musikfestival i Sjunde\u00e5. Varje \u00e5r i November! - Music Festival of Siuntio. Every year in november!\",\"publisher\":{\"@id\":\"https:\/\/luxmusicae.com\/#organization\"},\"potentialAction\":[{\"@type\":\"SearchAction\",\"target\":{\"@type\":\"EntryPoint\",\"urlTemplate\":\"https:\/\/luxmusicae.com\/?s={search_term_string}\"},\"query-input\":{\"@type\":\"PropertyValueSpecification\",\"valueRequired\":true,\"valueName\":\"search_term_string\"}}],\"inLanguage\":\"sv-SE\"},{\"@type\":\"Organization\",\"@id\":\"https:\/\/luxmusicae.com\/#organization\",\"name\":\"Lux Musicae 13.-15.11.2026\",\"url\":\"https:\/\/luxmusicae.com\/\",\"logo\":{\"@type\":\"ImageObject\",\"inLanguage\":\"sv-SE\",\"@id\":\"https:\/\/luxmusicae.com\/#\/schema\/logo\/image\/\",\"url\":\"https:\/\/i0.wp.com\/luxmusicae.com\/wp-content\/uploads\/2024\/07\/cropped-LuxMusicae2024_www_LOGO.png?fit=100%2C100&ssl=1\",\"contentUrl\":\"https:\/\/i0.wp.com\/luxmusicae.com\/wp-content\/uploads\/2024\/07\/cropped-LuxMusicae2024_www_LOGO.png?fit=100%2C100&ssl=1\",\"width\":100,\"height\":100,\"caption\":\"Lux Musicae 13.-15.11.2026\"},\"image\":{\"@id\":\"https:\/\/luxmusicae.com\/#\/schema\/logo\/image\/\"}}]}<\/script>\n<!-- \/ Yoast SEO plugin. -->","yoast_head_json":{"title":"Lux Musicae 13.-15.11.2026 - Fr\u00e5n dalens lilja till skogens flicka","robots":{"index":"index","follow":"follow","max-snippet":"max-snippet:-1","max-image-preview":"max-image-preview:large","max-video-preview":"max-video-preview:-1"},"canonical":"https:\/\/luxmusicae.com\/sv\/fran-dalens-lilja-till-skogens-flicka\/","og_locale":"sv_SE","og_type":"article","og_title":"Lux Musicae 13.-15.11.2026 - Fr\u00e5n dalens lilja till skogens flicka","og_description":"Lux Musicae -kv\u00e4llsklubb i Hotelli Siuntio den 14.11.2025 Den st\u00e4mningsfulla kv\u00e4llsklubben bjuder p\u00e5 en of\u00f6rgl\u00f6mlig musikkv\u00e4ll d\u00e5 de finska storfavoriterna Maarit och Sami Hurmerinta g\u00e5r upp p\u00e5 scenen. Detta \u00e4lskade musikerpar tar sina \u00e5h\u00f6rare med p\u00e5 en nostalgisk resa genom \u00e5rtiondena med ber\u00e4ttelser, k\u00e4nslor och melodier som f\u00f6ljeslagare. Under kv\u00e4llen h\u00f6r vi bekanta klassiker samt [&hellip;]","og_url":"https:\/\/luxmusicae.com\/sv\/fran-dalens-lilja-till-skogens-flicka\/","og_site_name":"Lux Musicae 13.-15.11.2026","article_modified_time":"2025-08-17T19:14:59+00:00","og_image":[{"width":2400,"height":1600,"url":"https:\/\/i0.wp.com\/luxmusicae.com\/wp-content\/uploads\/2025\/07\/LuxMusicae2025_www_HEADER_KORJ.png?fit=2400%2C1600&ssl=1","type":"image\/png"}],"twitter_card":"summary_large_image","schema":{"@context":"https:\/\/schema.org","@graph":[{"@type":"WebPage","@id":"https:\/\/luxmusicae.com\/sv\/fran-dalens-lilja-till-skogens-flicka\/","url":"https:\/\/luxmusicae.com\/sv\/fran-dalens-lilja-till-skogens-flicka\/","name":"Lux Musicae 13.-15.11.2026 - Fr\u00e5n dalens lilja till skogens flicka","isPartOf":{"@id":"https:\/\/luxmusicae.com\/#website"},"datePublished":"2025-08-12T11:19:59+00:00","dateModified":"2025-08-17T19:14:59+00:00","breadcrumb":{"@id":"https:\/\/luxmusicae.com\/sv\/fran-dalens-lilja-till-skogens-flicka\/#breadcrumb"},"inLanguage":"sv-SE","potentialAction":[{"@type":"ReadAction","target":["https:\/\/luxmusicae.com\/sv\/fran-dalens-lilja-till-skogens-flicka\/"]}]},{"@type":"BreadcrumbList","@id":"https:\/\/luxmusicae.com\/sv\/fran-dalens-lilja-till-skogens-flicka\/#breadcrumb","itemListElement":[{"@type":"ListItem","position":1,"name":"Etusivu","item":"https:\/\/luxmusicae.com\/"},{"@type":"ListItem","position":2,"name":"Fr\u00e5n dalens lilja till skogens flicka"}]},{"@type":"WebSite","@id":"https:\/\/luxmusicae.com\/#website","url":"https:\/\/luxmusicae.com\/","name":"Lux Musicae 13.-15.11.2026","description":"Musiikkifestivaali Siuntiossa joka vuoden marraskuussa! - Musikfestival i Sjunde\u00e5. Varje \u00e5r i November! - Music Festival of Siuntio. Every year in november!","publisher":{"@id":"https:\/\/luxmusicae.com\/#organization"},"potentialAction":[{"@type":"SearchAction","target":{"@type":"EntryPoint","urlTemplate":"https:\/\/luxmusicae.com\/?s={search_term_string}"},"query-input":{"@type":"PropertyValueSpecification","valueRequired":true,"valueName":"search_term_string"}}],"inLanguage":"sv-SE"},{"@type":"Organization","@id":"https:\/\/luxmusicae.com\/#organization","name":"Lux Musicae 13.-15.11.2026","url":"https:\/\/luxmusicae.com\/","logo":{"@type":"ImageObject","inLanguage":"sv-SE","@id":"https:\/\/luxmusicae.com\/#\/schema\/logo\/image\/","url":"https:\/\/i0.wp.com\/luxmusicae.com\/wp-content\/uploads\/2024\/07\/cropped-LuxMusicae2024_www_LOGO.png?fit=100%2C100&ssl=1","contentUrl":"https:\/\/i0.wp.com\/luxmusicae.com\/wp-content\/uploads\/2024\/07\/cropped-LuxMusicae2024_www_LOGO.png?fit=100%2C100&ssl=1","width":100,"height":100,"caption":"Lux Musicae 13.-15.11.2026"},"image":{"@id":"https:\/\/luxmusicae.com\/#\/schema\/logo\/image\/"}}]}},"uagb_featured_image_src":{"full":false,"thumbnail":false,"medium":false,"medium_large":false,"large":false,"1536x1536":false,"2048x2048":false,"ect-jetpack-portfolio-featured":false,"ect-featured-content":false,"jetpack-portfolio-admin-thumb":false,"featured-content-admin-thumb":false},"uagb_author_info":{"display_name":"Lux Musicae Admin","author_link":"https:\/\/luxmusicae.com\/sv\/author\/admin\/"},"uagb_comment_info":0,"uagb_excerpt":"Lux Musicae -kv\u00e4llsklubb i Hotelli Siuntio den 14.11.2025 Den st\u00e4mningsfulla kv\u00e4llsklubben bjuder p\u00e5 en of\u00f6rgl\u00f6mlig musikkv\u00e4ll d\u00e5 de finska storfavoriterna Maarit och Sami Hurmerinta g\u00e5r upp p\u00e5 scenen. Detta \u00e4lskade musikerpar tar sina \u00e5h\u00f6rare med p\u00e5 en nostalgisk resa genom \u00e5rtiondena med ber\u00e4ttelser, k\u00e4nslor och melodier som f\u00f6ljeslagare. Under kv\u00e4llen h\u00f6r vi bekanta klassiker samt&hellip;","jetpack_shortlink":"https:\/\/wp.me\/P968cz-1Br","jetpack_sharing_enabled":true,"_links":{"self":[{"href":"https:\/\/luxmusicae.com\/sv\/wp-json\/wp\/v2\/pages\/6165","targetHints":{"allow":["GET"]}}],"collection":[{"href":"https:\/\/luxmusicae.com\/sv\/wp-json\/wp\/v2\/pages"}],"about":[{"href":"https:\/\/luxmusicae.com\/sv\/wp-json\/wp\/v2\/types\/page"}],"author":[{"embeddable":true,"href":"https:\/\/luxmusicae.com\/sv\/wp-json\/wp\/v2\/users\/1"}],"replies":[{"embeddable":true,"href":"https:\/\/luxmusicae.com\/sv\/wp-json\/wp\/v2\/comments?post=6165"}],"version-history":[{"count":2,"href":"https:\/\/luxmusicae.com\/sv\/wp-json\/wp\/v2\/pages\/6165\/revisions"}],"predecessor-version":[{"id":6226,"href":"https:\/\/luxmusicae.com\/sv\/wp-json\/wp\/v2\/pages\/6165\/revisions\/6226"}],"wp:attachment":[{"href":"https:\/\/luxmusicae.com\/sv\/wp-json\/wp\/v2\/media?parent=6165"}],"curies":[{"name":"wp","href":"https:\/\/api.w.org\/{rel}","templated":true}]}}