{"id":6163,"date":"2025-08-12T14:18:31","date_gmt":"2025-08-12T11:18:31","guid":{"rendered":"https:\/\/luxmusicae.com\/?page_id=6163"},"modified":"2025-08-17T22:09:27","modified_gmt":"2025-08-17T19:09:27","slug":"varbackens-porlande-och-hoststormar","status":"publish","type":"page","link":"https:\/\/luxmusicae.com\/sv\/varbackens-porlande-och-hoststormar\/","title":{"rendered":"V\u00e5rb\u00e4ckens porlande och h\u00f6ststormar"},"content":{"rendered":"\n<p><strong>Fredag 14.11.2025 | Sjunde\u00e5 kyrka<\/strong><\/p>\n\n\n\n<p>I invigningskonserten m\u00f6ts <strong>FiBO <\/strong>(Finska barockorkestern), <strong>Radek Babor\u00e1k <\/strong>och <strong>Pasi Pihlaja <\/strong>\u2013 och d\u00e5 blir det fart p\u00e5 \u00e5rstiderna!<\/p>\n\n\n\n<p>En virtuos barockorkester, en tjeckisk eldsj\u00e4l och en varmhj\u00e4rtad finsk musiker f\u00f6renar sina krafter i ett musikaliskt landskap d\u00e4r v\u00e5rb\u00e4ckens glada porlande och h\u00f6ststormens kraft klingar i harmoni.<\/p>\n\n\n\n<p><strong>Radek Babor\u00e1k <\/strong>\u00e4r en av v\u00e4rldens mest respekterade valthornssolister och en internationellt framg\u00e5ngsrik dirigent. Han har upptr\u00e4tt som solist bland annat med Berlins och Wiens filharmoniker och dirigerat betydande orkestrar \u00f6ver hela v\u00e4rlden. Sedan 2010 har han byggt en parallell karri\u00e4r som dirigent och hans dirigeringsstil \u00e4r k\u00e4nd f\u00f6r sin precision, musikalitet och djupa tolkning. Babor\u00e1k \u00e4r chefsdirigent f\u00f6r symfoniorkestern i V\u00e4stra B\u00f6hmen och dessutom aktiv inom kammarmusik, s\u00e4rskilt med Babor\u00e1k Ensemble.<\/p>\n\n\n\n<p>Vid konserten uppf\u00f6rs bland annat verk av <strong>Giovanni Punto <\/strong>(1746\u20131803), en av sin tids mest k\u00e4nda valthornsvirtuoser. Punto, f\u00f6dd i Tjeckien (eg. Jan V\u00e1clav Stich), \u00e4r k\u00e4nd f\u00f6r sitt virtuosa spel, utvecklingen av stopptekniken f\u00f6r naturhorn samt sitt samarbete med Beethoven, som komponerade en fantastisk valthornssonat f\u00f6r honom, op. 17.<\/p>\n\n\n\n<p>Det blir en st\u00e4mningsfull och imponerande \u00f6ppning f\u00f6r Lux Musicae -festivalen \u2013 varmt v\u00e4lkommen!<\/p>\n\n\n\n<div class=\"wp-block-buttons is-layout-flex wp-block-buttons-is-layout-flex\">\n<div class=\"wp-block-button\"><a class=\"wp-block-button__link wp-element-button\" href=\"https:\/\/www.lippu.fi\/sv\/event\/lux-musicae-2025-siuntion-pyhaen-pietarin-kirkko-20334044\/\">BILJETTER<\/a><\/div>\n<\/div>\n\n\n\n<p><\/p>\n","protected":false},"excerpt":{"rendered":"<p>Fredag 14.11.2025 | Sjunde\u00e5 kyrka I invigningskonserten m\u00f6ts FiBO (Finska barockorkestern), Radek Babor\u00e1k och Pasi Pihlaja \u2013 och d\u00e5 blir det fart p\u00e5 \u00e5rstiderna! En virtuos barockorkester, en tjeckisk eldsj\u00e4l och en varmhj\u00e4rtad finsk musiker f\u00f6renar sina krafter i ett musikaliskt landskap d\u00e4r v\u00e5rb\u00e4ckens glada porlande och h\u00f6ststormens kraft klingar i harmoni. Radek Babor\u00e1k \u00e4r [&hellip;]<\/p>\n","protected":false},"author":1,"featured_media":0,"parent":0,"menu_order":0,"comment_status":"closed","ping_status":"closed","template":"","meta":{"_uag_custom_page_level_css":"","jetpack_post_was_ever_published":false,"footnotes":""},"class_list":["post-6163","page","type-page","status-publish","hentry"],"yoast_head":"<!-- This site is optimized with the Yoast SEO plugin v26.8 - https:\/\/yoast.com\/product\/yoast-seo-wordpress\/ -->\n<title>Lux Musicae 13.-15.11.2026 - V\u00e5rb\u00e4ckens porlande och h\u00f6ststormar<\/title>\n<meta name=\"robots\" content=\"index, follow, max-snippet:-1, max-image-preview:large, max-video-preview:-1\" \/>\n<link rel=\"canonical\" href=\"https:\/\/luxmusicae.com\/sv\/varbackens-porlande-och-hoststormar\/\" \/>\n<meta property=\"og:locale\" content=\"sv_SE\" \/>\n<meta property=\"og:type\" content=\"article\" \/>\n<meta property=\"og:title\" content=\"Lux Musicae 13.-15.11.2026 - V\u00e5rb\u00e4ckens porlande och h\u00f6ststormar\" \/>\n<meta property=\"og:description\" content=\"Fredag 14.11.2025 | Sjunde\u00e5 kyrka I invigningskonserten m\u00f6ts FiBO (Finska barockorkestern), Radek Babor\u00e1k och Pasi Pihlaja \u2013 och d\u00e5 blir det fart p\u00e5 \u00e5rstiderna! En virtuos barockorkester, en tjeckisk eldsj\u00e4l och en varmhj\u00e4rtad finsk musiker f\u00f6renar sina krafter i ett musikaliskt landskap d\u00e4r v\u00e5rb\u00e4ckens glada porlande och h\u00f6ststormens kraft klingar i harmoni. Radek Babor\u00e1k \u00e4r [&hellip;]\" \/>\n<meta property=\"og:url\" content=\"https:\/\/luxmusicae.com\/sv\/varbackens-porlande-och-hoststormar\/\" \/>\n<meta property=\"og:site_name\" content=\"Lux Musicae 13.-15.11.2026\" \/>\n<meta property=\"article:modified_time\" content=\"2025-08-17T19:09:27+00:00\" \/>\n<meta property=\"og:image\" content=\"https:\/\/i0.wp.com\/luxmusicae.com\/wp-content\/uploads\/2025\/07\/LuxMusicae2025_www_HEADER_KORJ.png?fit=2400%2C1600&ssl=1\" \/>\n\t<meta property=\"og:image:width\" content=\"2400\" \/>\n\t<meta property=\"og:image:height\" content=\"1600\" \/>\n\t<meta property=\"og:image:type\" content=\"image\/png\" \/>\n<meta name=\"twitter:card\" content=\"summary_large_image\" \/>\n<meta name=\"twitter:label1\" content=\"Ber\u00e4knad l\u00e4stid\" \/>\n\t<meta name=\"twitter:data1\" content=\"1 minut\" \/>\n<script type=\"application\/ld+json\" class=\"yoast-schema-graph\">{\"@context\":\"https:\/\/schema.org\",\"@graph\":[{\"@type\":\"WebPage\",\"@id\":\"https:\/\/luxmusicae.com\/sv\/varbackens-porlande-och-hoststormar\/\",\"url\":\"https:\/\/luxmusicae.com\/sv\/varbackens-porlande-och-hoststormar\/\",\"name\":\"Lux Musicae 13.-15.11.2026 - V\u00e5rb\u00e4ckens porlande och h\u00f6ststormar\",\"isPartOf\":{\"@id\":\"https:\/\/luxmusicae.com\/#website\"},\"datePublished\":\"2025-08-12T11:18:31+00:00\",\"dateModified\":\"2025-08-17T19:09:27+00:00\",\"breadcrumb\":{\"@id\":\"https:\/\/luxmusicae.com\/sv\/varbackens-porlande-och-hoststormar\/#breadcrumb\"},\"inLanguage\":\"sv-SE\",\"potentialAction\":[{\"@type\":\"ReadAction\",\"target\":[\"https:\/\/luxmusicae.com\/sv\/varbackens-porlande-och-hoststormar\/\"]}]},{\"@type\":\"BreadcrumbList\",\"@id\":\"https:\/\/luxmusicae.com\/sv\/varbackens-porlande-och-hoststormar\/#breadcrumb\",\"itemListElement\":[{\"@type\":\"ListItem\",\"position\":1,\"name\":\"Etusivu\",\"item\":\"https:\/\/luxmusicae.com\/\"},{\"@type\":\"ListItem\",\"position\":2,\"name\":\"V\u00e5rb\u00e4ckens porlande och h\u00f6ststormar\"}]},{\"@type\":\"WebSite\",\"@id\":\"https:\/\/luxmusicae.com\/#website\",\"url\":\"https:\/\/luxmusicae.com\/\",\"name\":\"Lux Musicae 13.-15.11.2026\",\"description\":\"Musiikkifestivaali Siuntiossa joka vuoden marraskuussa! - Musikfestival i Sjunde\u00e5. Varje \u00e5r i November! - Music Festival of Siuntio. Every year in november!\",\"publisher\":{\"@id\":\"https:\/\/luxmusicae.com\/#organization\"},\"potentialAction\":[{\"@type\":\"SearchAction\",\"target\":{\"@type\":\"EntryPoint\",\"urlTemplate\":\"https:\/\/luxmusicae.com\/?s={search_term_string}\"},\"query-input\":{\"@type\":\"PropertyValueSpecification\",\"valueRequired\":true,\"valueName\":\"search_term_string\"}}],\"inLanguage\":\"sv-SE\"},{\"@type\":\"Organization\",\"@id\":\"https:\/\/luxmusicae.com\/#organization\",\"name\":\"Lux Musicae 13.-15.11.2026\",\"url\":\"https:\/\/luxmusicae.com\/\",\"logo\":{\"@type\":\"ImageObject\",\"inLanguage\":\"sv-SE\",\"@id\":\"https:\/\/luxmusicae.com\/#\/schema\/logo\/image\/\",\"url\":\"https:\/\/i0.wp.com\/luxmusicae.com\/wp-content\/uploads\/2024\/07\/cropped-LuxMusicae2024_www_LOGO.png?fit=100%2C100&ssl=1\",\"contentUrl\":\"https:\/\/i0.wp.com\/luxmusicae.com\/wp-content\/uploads\/2024\/07\/cropped-LuxMusicae2024_www_LOGO.png?fit=100%2C100&ssl=1\",\"width\":100,\"height\":100,\"caption\":\"Lux Musicae 13.-15.11.2026\"},\"image\":{\"@id\":\"https:\/\/luxmusicae.com\/#\/schema\/logo\/image\/\"}}]}<\/script>\n<!-- \/ Yoast SEO plugin. -->","yoast_head_json":{"title":"Lux Musicae 13.-15.11.2026 - V\u00e5rb\u00e4ckens porlande och h\u00f6ststormar","robots":{"index":"index","follow":"follow","max-snippet":"max-snippet:-1","max-image-preview":"max-image-preview:large","max-video-preview":"max-video-preview:-1"},"canonical":"https:\/\/luxmusicae.com\/sv\/varbackens-porlande-och-hoststormar\/","og_locale":"sv_SE","og_type":"article","og_title":"Lux Musicae 13.-15.11.2026 - V\u00e5rb\u00e4ckens porlande och h\u00f6ststormar","og_description":"Fredag 14.11.2025 | Sjunde\u00e5 kyrka I invigningskonserten m\u00f6ts FiBO (Finska barockorkestern), Radek Babor\u00e1k och Pasi Pihlaja \u2013 och d\u00e5 blir det fart p\u00e5 \u00e5rstiderna! En virtuos barockorkester, en tjeckisk eldsj\u00e4l och en varmhj\u00e4rtad finsk musiker f\u00f6renar sina krafter i ett musikaliskt landskap d\u00e4r v\u00e5rb\u00e4ckens glada porlande och h\u00f6ststormens kraft klingar i harmoni. Radek Babor\u00e1k \u00e4r [&hellip;]","og_url":"https:\/\/luxmusicae.com\/sv\/varbackens-porlande-och-hoststormar\/","og_site_name":"Lux Musicae 13.-15.11.2026","article_modified_time":"2025-08-17T19:09:27+00:00","og_image":[{"width":2400,"height":1600,"url":"https:\/\/i0.wp.com\/luxmusicae.com\/wp-content\/uploads\/2025\/07\/LuxMusicae2025_www_HEADER_KORJ.png?fit=2400%2C1600&ssl=1","type":"image\/png"}],"twitter_card":"summary_large_image","twitter_misc":{"Ber\u00e4knad l\u00e4stid":"1 minut"},"schema":{"@context":"https:\/\/schema.org","@graph":[{"@type":"WebPage","@id":"https:\/\/luxmusicae.com\/sv\/varbackens-porlande-och-hoststormar\/","url":"https:\/\/luxmusicae.com\/sv\/varbackens-porlande-och-hoststormar\/","name":"Lux Musicae 13.-15.11.2026 - V\u00e5rb\u00e4ckens porlande och h\u00f6ststormar","isPartOf":{"@id":"https:\/\/luxmusicae.com\/#website"},"datePublished":"2025-08-12T11:18:31+00:00","dateModified":"2025-08-17T19:09:27+00:00","breadcrumb":{"@id":"https:\/\/luxmusicae.com\/sv\/varbackens-porlande-och-hoststormar\/#breadcrumb"},"inLanguage":"sv-SE","potentialAction":[{"@type":"ReadAction","target":["https:\/\/luxmusicae.com\/sv\/varbackens-porlande-och-hoststormar\/"]}]},{"@type":"BreadcrumbList","@id":"https:\/\/luxmusicae.com\/sv\/varbackens-porlande-och-hoststormar\/#breadcrumb","itemListElement":[{"@type":"ListItem","position":1,"name":"Etusivu","item":"https:\/\/luxmusicae.com\/"},{"@type":"ListItem","position":2,"name":"V\u00e5rb\u00e4ckens porlande och h\u00f6ststormar"}]},{"@type":"WebSite","@id":"https:\/\/luxmusicae.com\/#website","url":"https:\/\/luxmusicae.com\/","name":"Lux Musicae 13.-15.11.2026","description":"Musiikkifestivaali Siuntiossa joka vuoden marraskuussa! - Musikfestival i Sjunde\u00e5. Varje \u00e5r i November! - Music Festival of Siuntio. Every year in november!","publisher":{"@id":"https:\/\/luxmusicae.com\/#organization"},"potentialAction":[{"@type":"SearchAction","target":{"@type":"EntryPoint","urlTemplate":"https:\/\/luxmusicae.com\/?s={search_term_string}"},"query-input":{"@type":"PropertyValueSpecification","valueRequired":true,"valueName":"search_term_string"}}],"inLanguage":"sv-SE"},{"@type":"Organization","@id":"https:\/\/luxmusicae.com\/#organization","name":"Lux Musicae 13.-15.11.2026","url":"https:\/\/luxmusicae.com\/","logo":{"@type":"ImageObject","inLanguage":"sv-SE","@id":"https:\/\/luxmusicae.com\/#\/schema\/logo\/image\/","url":"https:\/\/i0.wp.com\/luxmusicae.com\/wp-content\/uploads\/2024\/07\/cropped-LuxMusicae2024_www_LOGO.png?fit=100%2C100&ssl=1","contentUrl":"https:\/\/i0.wp.com\/luxmusicae.com\/wp-content\/uploads\/2024\/07\/cropped-LuxMusicae2024_www_LOGO.png?fit=100%2C100&ssl=1","width":100,"height":100,"caption":"Lux Musicae 13.-15.11.2026"},"image":{"@id":"https:\/\/luxmusicae.com\/#\/schema\/logo\/image\/"}}]}},"uagb_featured_image_src":{"full":false,"thumbnail":false,"medium":false,"medium_large":false,"large":false,"1536x1536":false,"2048x2048":false,"ect-jetpack-portfolio-featured":false,"ect-featured-content":false,"jetpack-portfolio-admin-thumb":false,"featured-content-admin-thumb":false},"uagb_author_info":{"display_name":"Lux Musicae Admin","author_link":"https:\/\/luxmusicae.com\/sv\/author\/admin\/"},"uagb_comment_info":0,"uagb_excerpt":"Fredag 14.11.2025 | Sjunde\u00e5 kyrka I invigningskonserten m\u00f6ts FiBO (Finska barockorkestern), Radek Babor\u00e1k och Pasi Pihlaja \u2013 och d\u00e5 blir det fart p\u00e5 \u00e5rstiderna! En virtuos barockorkester, en tjeckisk eldsj\u00e4l och en varmhj\u00e4rtad finsk musiker f\u00f6renar sina krafter i ett musikaliskt landskap d\u00e4r v\u00e5rb\u00e4ckens glada porlande och h\u00f6ststormens kraft klingar i harmoni. Radek Babor\u00e1k \u00e4r&hellip;","jetpack_shortlink":"https:\/\/wp.me\/P968cz-1Bp","jetpack_sharing_enabled":true,"_links":{"self":[{"href":"https:\/\/luxmusicae.com\/sv\/wp-json\/wp\/v2\/pages\/6163","targetHints":{"allow":["GET"]}}],"collection":[{"href":"https:\/\/luxmusicae.com\/sv\/wp-json\/wp\/v2\/pages"}],"about":[{"href":"https:\/\/luxmusicae.com\/sv\/wp-json\/wp\/v2\/types\/page"}],"author":[{"embeddable":true,"href":"https:\/\/luxmusicae.com\/sv\/wp-json\/wp\/v2\/users\/1"}],"replies":[{"embeddable":true,"href":"https:\/\/luxmusicae.com\/sv\/wp-json\/wp\/v2\/comments?post=6163"}],"version-history":[{"count":2,"href":"https:\/\/luxmusicae.com\/sv\/wp-json\/wp\/v2\/pages\/6163\/revisions"}],"predecessor-version":[{"id":6217,"href":"https:\/\/luxmusicae.com\/sv\/wp-json\/wp\/v2\/pages\/6163\/revisions\/6217"}],"wp:attachment":[{"href":"https:\/\/luxmusicae.com\/sv\/wp-json\/wp\/v2\/media?parent=6163"}],"curies":[{"name":"wp","href":"https:\/\/api.w.org\/{rel}","templated":true}]}}