{"id":6149,"date":"2025-08-12T13:38:52","date_gmt":"2025-08-12T10:38:52","guid":{"rendered":"https:\/\/luxmusicae.com\/?page_id=6149"},"modified":"2025-10-06T11:58:04","modified_gmt":"2025-10-06T08:58:04","slug":"biljetter","status":"publish","type":"page","link":"https:\/\/luxmusicae.com\/sv\/biljetter\/","title":{"rendered":"Biljetter"},"content":{"rendered":"\n<p><br>Biljetter finns tillg\u00e4ngliga p\u00e5 Lippu.fi samt i Siuntio f\u00f6r alla konserter fr\u00e5n Sjunde\u00e5s bibliotek, Siuntion hotelli och f\u00f6r jazzkonserten fr\u00e5n Pickala Golfs restaurang.<\/p>\n\n\n\n<div class=\"wp-block-buttons is-content-justification-center is-layout-flex wp-container-core-buttons-is-layout-16018d1d wp-block-buttons-is-layout-flex\">\n<div class=\"wp-block-button\"><a class=\"wp-block-button__link wp-element-button\" href=\"https:\/\/www.lippu.fi\/artist\/lux-musicae\/\">LIPPU.FI<\/a><\/div>\n<\/div>\n\n\n\n<div style=\"height:2em\" aria-hidden=\"true\" class=\"wp-block-spacer\"><\/div>\n\n\n\n<h3 class=\"wp-block-heading has-text-align-center\"><strong>Mer information<\/strong><\/h3>\n\n\n\n<p><strong>Till kyrkokonserterna <\/strong>finns ett specialerbjudande: Om man k\u00f6per biljetter fr\u00e5n biblioteket eller hotellet f\u00e5r man 4 biljetter till priset av 3 biljetter (beh\u00f6ver inte vara till samma konsert).<\/p>\n\n\n\n<p><strong>Biljetten till Spindelv\u00e4vstunn eftermiddag vid Seines strand <\/strong>inkluderar ett glas vin (alkoholhaltigt \/ alkoholhaltigt) och en l\u00e4cker liten salt snack.<\/p>\n\n\n\n<p><strong>Biljetten till jazzkonserten i Pickala <\/strong>inkluderar en buff\u00e9middag (<a href=\"https:\/\/luxmusicae.com\/wp-content\/uploads\/2025\/07\/Menu-Pickala-Golf-Jazz-konsertti.pdf\">meny<\/a>). Vi rekommenderar att boka bord f\u00f6r middagen i f\u00f6rv\u00e4g (<a href=\"mailto:pickala@ravintolaspoon.fi\">pickala@ravintolaspoon.fi<\/a>).<\/p>\n\n\n\n<p><strong>Lux Musicae -kv\u00e4llsklubb p\u00e5 Hotell Siuntio 14.11.2025 kl. 21.30 &#8221;Fr\u00e5n dalens lilja till skogens flicka&#8221;<\/strong> \u2013 bordsreservationer och menyval (<a href=\"http:\/\/luxmusicae.com\/wp-content\/uploads\/2025\/10\/Lux-Musicae-menu-2025-2.pdf\">meny<\/a>) \u00f6nskas g\u00f6ras p\u00e5 f\u00f6rhand senast 10.11.2025 (<a href=\"mailto:myynti@hotellisiuntio.fi\">myynti@hotellisiuntio.fi<\/a>).<\/p>\n","protected":false},"excerpt":{"rendered":"<p>Biljetter finns tillg\u00e4ngliga p\u00e5 Lippu.fi samt i Siuntio f\u00f6r alla konserter fr\u00e5n Sjunde\u00e5s bibliotek, Siuntion hotelli och f\u00f6r jazzkonserten fr\u00e5n Pickala Golfs restaurang. Mer information Till kyrkokonserterna finns ett specialerbjudande: Om man k\u00f6per biljetter fr\u00e5n biblioteket eller hotellet f\u00e5r man 4 biljetter till priset av 3 biljetter (beh\u00f6ver inte vara till samma konsert). Biljetten till [&hellip;]<\/p>\n","protected":false},"author":1,"featured_media":0,"parent":0,"menu_order":0,"comment_status":"closed","ping_status":"closed","template":"","meta":{"_uag_custom_page_level_css":"","jetpack_post_was_ever_published":false,"footnotes":""},"class_list":["post-6149","page","type-page","status-publish","hentry"],"yoast_head":"<!-- This site is optimized with the Yoast SEO plugin v26.8 - https:\/\/yoast.com\/product\/yoast-seo-wordpress\/ -->\n<title>Lux Musicae 13.-15.11.2026 - Biljetter<\/title>\n<meta name=\"robots\" content=\"index, follow, max-snippet:-1, max-image-preview:large, max-video-preview:-1\" \/>\n<link rel=\"canonical\" href=\"https:\/\/luxmusicae.com\/sv\/biljetter\/\" \/>\n<meta property=\"og:locale\" content=\"sv_SE\" \/>\n<meta property=\"og:type\" content=\"article\" \/>\n<meta property=\"og:title\" content=\"Lux Musicae 13.-15.11.2026 - Biljetter\" \/>\n<meta property=\"og:description\" content=\"Biljetter finns tillg\u00e4ngliga p\u00e5 Lippu.fi samt i Siuntio f\u00f6r alla konserter fr\u00e5n Sjunde\u00e5s bibliotek, Siuntion hotelli och f\u00f6r jazzkonserten fr\u00e5n Pickala Golfs restaurang. Mer information Till kyrkokonserterna finns ett specialerbjudande: Om man k\u00f6per biljetter fr\u00e5n biblioteket eller hotellet f\u00e5r man 4 biljetter till priset av 3 biljetter (beh\u00f6ver inte vara till samma konsert). Biljetten till [&hellip;]\" \/>\n<meta property=\"og:url\" content=\"https:\/\/luxmusicae.com\/sv\/biljetter\/\" \/>\n<meta property=\"og:site_name\" content=\"Lux Musicae 13.-15.11.2026\" \/>\n<meta property=\"article:modified_time\" content=\"2025-10-06T08:58:04+00:00\" \/>\n<meta property=\"og:image\" content=\"https:\/\/i0.wp.com\/luxmusicae.com\/wp-content\/uploads\/2025\/07\/LuxMusicae2025_www_HEADER_KORJ.png?fit=2400%2C1600&ssl=1\" \/>\n\t<meta property=\"og:image:width\" content=\"2400\" \/>\n\t<meta property=\"og:image:height\" content=\"1600\" \/>\n\t<meta property=\"og:image:type\" content=\"image\/png\" \/>\n<meta name=\"twitter:card\" content=\"summary_large_image\" \/>\n<meta name=\"twitter:label1\" content=\"Ber\u00e4knad l\u00e4stid\" \/>\n\t<meta name=\"twitter:data1\" content=\"1 minut\" \/>\n<script type=\"application\/ld+json\" class=\"yoast-schema-graph\">{\"@context\":\"https:\/\/schema.org\",\"@graph\":[{\"@type\":\"WebPage\",\"@id\":\"https:\/\/luxmusicae.com\/sv\/biljetter\/\",\"url\":\"https:\/\/luxmusicae.com\/sv\/biljetter\/\",\"name\":\"Lux Musicae 13.-15.11.2026 - Biljetter\",\"isPartOf\":{\"@id\":\"https:\/\/luxmusicae.com\/#website\"},\"datePublished\":\"2025-08-12T10:38:52+00:00\",\"dateModified\":\"2025-10-06T08:58:04+00:00\",\"breadcrumb\":{\"@id\":\"https:\/\/luxmusicae.com\/sv\/biljetter\/#breadcrumb\"},\"inLanguage\":\"sv-SE\",\"potentialAction\":[{\"@type\":\"ReadAction\",\"target\":[\"https:\/\/luxmusicae.com\/sv\/biljetter\/\"]}]},{\"@type\":\"BreadcrumbList\",\"@id\":\"https:\/\/luxmusicae.com\/sv\/biljetter\/#breadcrumb\",\"itemListElement\":[{\"@type\":\"ListItem\",\"position\":1,\"name\":\"Etusivu\",\"item\":\"https:\/\/luxmusicae.com\/\"},{\"@type\":\"ListItem\",\"position\":2,\"name\":\"Biljetter\"}]},{\"@type\":\"WebSite\",\"@id\":\"https:\/\/luxmusicae.com\/#website\",\"url\":\"https:\/\/luxmusicae.com\/\",\"name\":\"Lux Musicae 13.-15.11.2026\",\"description\":\"Musiikkifestivaali Siuntiossa joka vuoden marraskuussa! - Musikfestival i Sjunde\u00e5. Varje \u00e5r i November! - Music Festival of Siuntio. Every year in november!\",\"publisher\":{\"@id\":\"https:\/\/luxmusicae.com\/#organization\"},\"potentialAction\":[{\"@type\":\"SearchAction\",\"target\":{\"@type\":\"EntryPoint\",\"urlTemplate\":\"https:\/\/luxmusicae.com\/?s={search_term_string}\"},\"query-input\":{\"@type\":\"PropertyValueSpecification\",\"valueRequired\":true,\"valueName\":\"search_term_string\"}}],\"inLanguage\":\"sv-SE\"},{\"@type\":\"Organization\",\"@id\":\"https:\/\/luxmusicae.com\/#organization\",\"name\":\"Lux Musicae 13.-15.11.2026\",\"url\":\"https:\/\/luxmusicae.com\/\",\"logo\":{\"@type\":\"ImageObject\",\"inLanguage\":\"sv-SE\",\"@id\":\"https:\/\/luxmusicae.com\/#\/schema\/logo\/image\/\",\"url\":\"https:\/\/i0.wp.com\/luxmusicae.com\/wp-content\/uploads\/2024\/07\/cropped-LuxMusicae2024_www_LOGO.png?fit=100%2C100&ssl=1\",\"contentUrl\":\"https:\/\/i0.wp.com\/luxmusicae.com\/wp-content\/uploads\/2024\/07\/cropped-LuxMusicae2024_www_LOGO.png?fit=100%2C100&ssl=1\",\"width\":100,\"height\":100,\"caption\":\"Lux Musicae 13.-15.11.2026\"},\"image\":{\"@id\":\"https:\/\/luxmusicae.com\/#\/schema\/logo\/image\/\"}}]}<\/script>\n<!-- \/ Yoast SEO plugin. -->","yoast_head_json":{"title":"Lux Musicae 13.-15.11.2026 - Biljetter","robots":{"index":"index","follow":"follow","max-snippet":"max-snippet:-1","max-image-preview":"max-image-preview:large","max-video-preview":"max-video-preview:-1"},"canonical":"https:\/\/luxmusicae.com\/sv\/biljetter\/","og_locale":"sv_SE","og_type":"article","og_title":"Lux Musicae 13.-15.11.2026 - Biljetter","og_description":"Biljetter finns tillg\u00e4ngliga p\u00e5 Lippu.fi samt i Siuntio f\u00f6r alla konserter fr\u00e5n Sjunde\u00e5s bibliotek, Siuntion hotelli och f\u00f6r jazzkonserten fr\u00e5n Pickala Golfs restaurang. Mer information Till kyrkokonserterna finns ett specialerbjudande: Om man k\u00f6per biljetter fr\u00e5n biblioteket eller hotellet f\u00e5r man 4 biljetter till priset av 3 biljetter (beh\u00f6ver inte vara till samma konsert). Biljetten till [&hellip;]","og_url":"https:\/\/luxmusicae.com\/sv\/biljetter\/","og_site_name":"Lux Musicae 13.-15.11.2026","article_modified_time":"2025-10-06T08:58:04+00:00","og_image":[{"width":2400,"height":1600,"url":"https:\/\/i0.wp.com\/luxmusicae.com\/wp-content\/uploads\/2025\/07\/LuxMusicae2025_www_HEADER_KORJ.png?fit=2400%2C1600&ssl=1","type":"image\/png"}],"twitter_card":"summary_large_image","twitter_misc":{"Ber\u00e4knad l\u00e4stid":"1 minut"},"schema":{"@context":"https:\/\/schema.org","@graph":[{"@type":"WebPage","@id":"https:\/\/luxmusicae.com\/sv\/biljetter\/","url":"https:\/\/luxmusicae.com\/sv\/biljetter\/","name":"Lux Musicae 13.-15.11.2026 - Biljetter","isPartOf":{"@id":"https:\/\/luxmusicae.com\/#website"},"datePublished":"2025-08-12T10:38:52+00:00","dateModified":"2025-10-06T08:58:04+00:00","breadcrumb":{"@id":"https:\/\/luxmusicae.com\/sv\/biljetter\/#breadcrumb"},"inLanguage":"sv-SE","potentialAction":[{"@type":"ReadAction","target":["https:\/\/luxmusicae.com\/sv\/biljetter\/"]}]},{"@type":"BreadcrumbList","@id":"https:\/\/luxmusicae.com\/sv\/biljetter\/#breadcrumb","itemListElement":[{"@type":"ListItem","position":1,"name":"Etusivu","item":"https:\/\/luxmusicae.com\/"},{"@type":"ListItem","position":2,"name":"Biljetter"}]},{"@type":"WebSite","@id":"https:\/\/luxmusicae.com\/#website","url":"https:\/\/luxmusicae.com\/","name":"Lux Musicae 13.-15.11.2026","description":"Musiikkifestivaali Siuntiossa joka vuoden marraskuussa! - Musikfestival i Sjunde\u00e5. Varje \u00e5r i November! - Music Festival of Siuntio. Every year in november!","publisher":{"@id":"https:\/\/luxmusicae.com\/#organization"},"potentialAction":[{"@type":"SearchAction","target":{"@type":"EntryPoint","urlTemplate":"https:\/\/luxmusicae.com\/?s={search_term_string}"},"query-input":{"@type":"PropertyValueSpecification","valueRequired":true,"valueName":"search_term_string"}}],"inLanguage":"sv-SE"},{"@type":"Organization","@id":"https:\/\/luxmusicae.com\/#organization","name":"Lux Musicae 13.-15.11.2026","url":"https:\/\/luxmusicae.com\/","logo":{"@type":"ImageObject","inLanguage":"sv-SE","@id":"https:\/\/luxmusicae.com\/#\/schema\/logo\/image\/","url":"https:\/\/i0.wp.com\/luxmusicae.com\/wp-content\/uploads\/2024\/07\/cropped-LuxMusicae2024_www_LOGO.png?fit=100%2C100&ssl=1","contentUrl":"https:\/\/i0.wp.com\/luxmusicae.com\/wp-content\/uploads\/2024\/07\/cropped-LuxMusicae2024_www_LOGO.png?fit=100%2C100&ssl=1","width":100,"height":100,"caption":"Lux Musicae 13.-15.11.2026"},"image":{"@id":"https:\/\/luxmusicae.com\/#\/schema\/logo\/image\/"}}]}},"uagb_featured_image_src":{"full":false,"thumbnail":false,"medium":false,"medium_large":false,"large":false,"1536x1536":false,"2048x2048":false,"ect-jetpack-portfolio-featured":false,"ect-featured-content":false,"jetpack-portfolio-admin-thumb":false,"featured-content-admin-thumb":false},"uagb_author_info":{"display_name":"Lux Musicae Admin","author_link":"https:\/\/luxmusicae.com\/sv\/author\/admin\/"},"uagb_comment_info":0,"uagb_excerpt":"Biljetter finns tillg\u00e4ngliga p\u00e5 Lippu.fi samt i Siuntio f\u00f6r alla konserter fr\u00e5n Sjunde\u00e5s bibliotek, Siuntion hotelli och f\u00f6r jazzkonserten fr\u00e5n Pickala Golfs restaurang. Mer information Till kyrkokonserterna finns ett specialerbjudande: Om man k\u00f6per biljetter fr\u00e5n biblioteket eller hotellet f\u00e5r man 4 biljetter till priset av 3 biljetter (beh\u00f6ver inte vara till samma konsert). Biljetten till&hellip;","jetpack_shortlink":"https:\/\/wp.me\/P968cz-1Bb","jetpack_sharing_enabled":true,"_links":{"self":[{"href":"https:\/\/luxmusicae.com\/sv\/wp-json\/wp\/v2\/pages\/6149","targetHints":{"allow":["GET"]}}],"collection":[{"href":"https:\/\/luxmusicae.com\/sv\/wp-json\/wp\/v2\/pages"}],"about":[{"href":"https:\/\/luxmusicae.com\/sv\/wp-json\/wp\/v2\/types\/page"}],"author":[{"embeddable":true,"href":"https:\/\/luxmusicae.com\/sv\/wp-json\/wp\/v2\/users\/1"}],"replies":[{"embeddable":true,"href":"https:\/\/luxmusicae.com\/sv\/wp-json\/wp\/v2\/comments?post=6149"}],"version-history":[{"count":6,"href":"https:\/\/luxmusicae.com\/sv\/wp-json\/wp\/v2\/pages\/6149\/revisions"}],"predecessor-version":[{"id":6276,"href":"https:\/\/luxmusicae.com\/sv\/wp-json\/wp\/v2\/pages\/6149\/revisions\/6276"}],"wp:attachment":[{"href":"https:\/\/luxmusicae.com\/sv\/wp-json\/wp\/v2\/media?parent=6149"}],"curies":[{"name":"wp","href":"https:\/\/api.w.org\/{rel}","templated":true}]}}