{"id":5368,"date":"2024-08-13T15:13:56","date_gmt":"2024-08-13T12:13:56","guid":{"rendered":"https:\/\/luxmusicae.com\/?page_id=5368"},"modified":"2024-11-15T13:56:57","modified_gmt":"2024-11-15T11:56:57","slug":"sondag-17-11-2024","status":"publish","type":"page","link":"https:\/\/luxmusicae.com\/sv\/sondag-17-11-2024\/","title":{"rendered":"S\u00f6ndag 17.11.2024"},"content":{"rendered":"\n<p>S\u00f6ndag <strong>kl. 10 Lux-m\u00e4ssa i Sjunde\u00e5 kyrka<\/strong><\/p>\n\n\n\n<p>Fritt intr\u00e4de<\/p>\n\n\n\n<p>S\u00f6ndag <strong>kl. 16 i Sjunde\u00e5 kyrka<\/strong><\/p>\n\n\n\n<p><strong><em>Omaggio &#8211; till Clara<\/em><\/strong><\/p>\n\n\n\n<p><strong>Lux Ensembles<\/strong> (Aalto, T., Aalto, A., Koivisto, Pohjonen, Saarikettu, Uusitupa) musicerande under festivalen, tillsammans och separat, representerar Lux Musicaes str\u00e4van att sammanf\u00f6ra beg\u00e5vade musiker och ge publiken unika upplevelser av hur inspirerande den musikaliska v\u00e4xelverkan kan vara.<\/p>\n\n\n\n<p>Konserten <em>Omaggio &#8211; till Clara<\/em> uttrycker ocks\u00e5 \u00e5rets tema i sin renaste form. De verk som framf\u00f6rs v\u00e4vs in i varandra genom olika hyllningar, inb\u00f6rdes beundran och intressanta detaljer.<\/p>\n\n\n\n<p>S\u00e4rskilt hyllas den beg\u00e5vande pianisten <strong>Clara Schumanns<\/strong> (1819-1896) inverkan p\u00e5 sina samtida, som musiker och musa.<\/p>\n\n\n\n<p>Clara var tons\u00e4ttaren <strong>Robert Schumanns<\/strong> (1810-1856) maka. <strong>Johannes Brahms<\/strong> (1833-1897) knackade som ung p\u00e5 den Schumannska d\u00f6rren f\u00f6r han ville ha r\u00e5d av Robert om komponerande. Brahms blev en livsl\u00e5ng v\u00e4n i familjen, s\u00e4rskilt viktigt var Brahms st\u00f6d till Clara n\u00e4r Robert insjuknade och dog, och den barnrika familjen drabbades av ekonomiska problem. Man antar att Johannes och Clara blev ett par.<\/p>\n\n\n\n<p>Tons\u00e4ttaren <strong>Josephine Langs<\/strong> (1815-1880) liv pr\u00e4glades av <strong>Felix Mendelssohn<\/strong> (1809-1847) och av Schumanns.<\/p>\n\n\n\n<p>Konsertens kvinnoperspektiv f\u00f6rbinds med nuet av den unga <strong>Maleena Linjamas<\/strong> verk f\u00f6r cello och piano, ett uruppf\u00f6rande.<\/p>\n\n\n\n<p><strong>Lux Ensemble:<br>Teppo Koivisto, piano<br>Juho Pohjonen, piano<br>Kaija Saarikettu, violin<br>Kasmir Uusitupa, violin<br>Tommi Aalto, altviolin<br>Artturi Aalto, cello<br>\u00a0<\/strong><br>Program:<\/p>\n\n\n\n<p>Robert Schumann:<br>Pianosonat nr 3 f-moll, opus 14<br>Del 3 Quasi-variation. Andantino de Clara Wieck&nbsp;<\/p>\n\n\n\n<p>Josephine Lang:<br>Wiegenlied Op. 26 No. 1<br>Zusammen nr 5<br>Schilflied nr 6 (arr. Kaija Saarikettu)<\/p>\n\n\n\n<p>Felix Mendelssohn:<br>Ordl\u00f6s s\u00e5ng Op. 62 No. 5 Venetiansk gondols\u00e5ng<\/p>\n\n\n\n<p>Robert Schumann:<br>Widmung, Opus 25 nr 1 (arr. Clara Schumann)&nbsp;<\/p>\n\n\n\n<p>Clara Schumann:<br>Tre romanser f\u00f6r violin och piano, opus 22\u00a0<\/p>\n\n\n\n<ol class=\"wp-block-list\">\n<li>Andante molto<\/li>\n\n\n\n<li>Allegretto: Mit zartem Vortrage<\/li>\n\n\n\n<li>Leidenschaftlich schnell<\/li>\n<\/ol>\n\n\n\n<p>Maleena Linjama: <br>Aspen f\u00f6r cello och piano (uruppf\u00f6rande)<\/p>\n\n\n\n<p>-paus-<\/p>\n\n\n\n<p>Robert Schumann:<br>Pianokvintett i Ess-dur, opus 44&nbsp;<\/p>\n\n\n\n<ol class=\"wp-block-list\">\n<li>Allegro brillante<\/li>\n\n\n\n<li>In modo d&#8217;una marcia. Un poco largamente<\/li>\n\n\n\n<li>Scherzo: Molto vivace<\/li>\n\n\n\n<li>Allegro ma non troppo<\/li>\n<\/ol>\n\n\n\n<p>Konsertens l\u00e4ngd 1 h 30 min, inkluderar paus.<\/p>\n\n\n\n<p>25 \u20ac &#8211; <a href=\"https:\/\/www.lippu.fi\/event\/lux-musicae-2024-siuntion-pyhaen-pietarin-kirkko-19017662\/\" data-type=\"link\" data-id=\"https:\/\/www.lippu.fi\/event\/lux-musicae-2024-siuntion-pyhaen-pietarin-kirkko-19017662\/\">K\u00f6p biljetter till konsert Omaggio &#8211; till Clara<\/a><\/p>\n\n\n\n<p><\/p>\n","protected":false},"excerpt":{"rendered":"<p>S\u00f6ndag kl. 10 Lux-m\u00e4ssa i Sjunde\u00e5 kyrka Fritt intr\u00e4de S\u00f6ndag kl. 16 i Sjunde\u00e5 kyrka Omaggio &#8211; till Clara Lux Ensembles (Aalto, T., Aalto, A., Koivisto, Pohjonen, Saarikettu, Uusitupa) musicerande under festivalen, tillsammans och separat, representerar Lux Musicaes str\u00e4van att sammanf\u00f6ra beg\u00e5vade musiker och ge publiken unika upplevelser av hur inspirerande den musikaliska v\u00e4xelverkan kan [&hellip;]<\/p>\n","protected":false},"author":1,"featured_media":5332,"parent":0,"menu_order":0,"comment_status":"closed","ping_status":"closed","template":"","meta":{"_uag_custom_page_level_css":"","jetpack_post_was_ever_published":false,"footnotes":""},"class_list":["post-5368","page","type-page","status-publish","has-post-thumbnail","hentry"],"yoast_head":"<!-- This site is optimized with the Yoast SEO plugin v26.8 - https:\/\/yoast.com\/product\/yoast-seo-wordpress\/ -->\n<title>Lux Musicae 13.-15.11.2026 - S\u00f6ndag 17.11.2024<\/title>\n<meta name=\"robots\" content=\"index, follow, max-snippet:-1, max-image-preview:large, max-video-preview:-1\" \/>\n<link rel=\"canonical\" href=\"https:\/\/luxmusicae.com\/sunnuntai-17-11-2024\/\" \/>\n<meta property=\"og:locale\" content=\"sv_SE\" \/>\n<meta property=\"og:type\" content=\"article\" \/>\n<meta property=\"og:title\" content=\"Lux Musicae 13.-15.11.2026 - S\u00f6ndag 17.11.2024\" \/>\n<meta property=\"og:description\" content=\"S\u00f6ndag kl. 10 Lux-m\u00e4ssa i Sjunde\u00e5 kyrka Fritt intr\u00e4de S\u00f6ndag kl. 16 i Sjunde\u00e5 kyrka Omaggio &#8211; till Clara Lux Ensembles (Aalto, T., Aalto, A., Koivisto, Pohjonen, Saarikettu, Uusitupa) musicerande under festivalen, tillsammans och separat, representerar Lux Musicaes str\u00e4van att sammanf\u00f6ra beg\u00e5vade musiker och ge publiken unika upplevelser av hur inspirerande den musikaliska v\u00e4xelverkan kan [&hellip;]\" \/>\n<meta property=\"og:url\" content=\"https:\/\/luxmusicae.com\/sunnuntai-17-11-2024\/\" \/>\n<meta property=\"og:site_name\" content=\"Lux Musicae 13.-15.11.2026\" \/>\n<meta property=\"article:modified_time\" content=\"2024-11-15T11:56:57+00:00\" \/>\n<meta property=\"og:image\" content=\"https:\/\/i0.wp.com\/luxmusicae.com\/wp-content\/uploads\/2024\/07\/LuxMusicae2024_www_DATE_SUN.png?fit=1500%2C1500&ssl=1\" \/>\n\t<meta property=\"og:image:width\" content=\"1500\" \/>\n\t<meta property=\"og:image:height\" content=\"1500\" \/>\n\t<meta property=\"og:image:type\" content=\"image\/png\" \/>\n<meta name=\"twitter:card\" content=\"summary_large_image\" \/>\n<meta name=\"twitter:label1\" content=\"Ber\u00e4knad l\u00e4stid\" \/>\n\t<meta name=\"twitter:data1\" content=\"2 minuter\" \/>\n<script type=\"application\/ld+json\" class=\"yoast-schema-graph\">{\"@context\":\"https:\/\/schema.org\",\"@graph\":[{\"@type\":\"WebPage\",\"@id\":\"https:\/\/luxmusicae.com\/sunnuntai-17-11-2024\/\",\"url\":\"https:\/\/luxmusicae.com\/sunnuntai-17-11-2024\/\",\"name\":\"Lux Musicae 13.-15.11.2026 - S\u00f6ndag 17.11.2024\",\"isPartOf\":{\"@id\":\"https:\/\/luxmusicae.com\/#website\"},\"primaryImageOfPage\":{\"@id\":\"https:\/\/luxmusicae.com\/sunnuntai-17-11-2024\/#primaryimage\"},\"image\":{\"@id\":\"https:\/\/luxmusicae.com\/sunnuntai-17-11-2024\/#primaryimage\"},\"thumbnailUrl\":\"https:\/\/i0.wp.com\/luxmusicae.com\/wp-content\/uploads\/2024\/07\/LuxMusicae2024_www_DATE_SUN.png?fit=1500%2C1500&ssl=1\",\"datePublished\":\"2024-08-13T12:13:56+00:00\",\"dateModified\":\"2024-11-15T11:56:57+00:00\",\"breadcrumb\":{\"@id\":\"https:\/\/luxmusicae.com\/sunnuntai-17-11-2024\/#breadcrumb\"},\"inLanguage\":\"sv-SE\",\"potentialAction\":[{\"@type\":\"ReadAction\",\"target\":[\"https:\/\/luxmusicae.com\/sunnuntai-17-11-2024\/\"]}]},{\"@type\":\"ImageObject\",\"inLanguage\":\"sv-SE\",\"@id\":\"https:\/\/luxmusicae.com\/sunnuntai-17-11-2024\/#primaryimage\",\"url\":\"https:\/\/i0.wp.com\/luxmusicae.com\/wp-content\/uploads\/2024\/07\/LuxMusicae2024_www_DATE_SUN.png?fit=1500%2C1500&ssl=1\",\"contentUrl\":\"https:\/\/i0.wp.com\/luxmusicae.com\/wp-content\/uploads\/2024\/07\/LuxMusicae2024_www_DATE_SUN.png?fit=1500%2C1500&ssl=1\",\"width\":1500,\"height\":1500},{\"@type\":\"BreadcrumbList\",\"@id\":\"https:\/\/luxmusicae.com\/sunnuntai-17-11-2024\/#breadcrumb\",\"itemListElement\":[{\"@type\":\"ListItem\",\"position\":1,\"name\":\"Etusivu\",\"item\":\"https:\/\/luxmusicae.com\/\"},{\"@type\":\"ListItem\",\"position\":2,\"name\":\"S\u00f6ndag 17.11.2024\"}]},{\"@type\":\"WebSite\",\"@id\":\"https:\/\/luxmusicae.com\/#website\",\"url\":\"https:\/\/luxmusicae.com\/\",\"name\":\"Lux Musicae 13.-15.11.2026\",\"description\":\"Musiikkifestivaali Siuntiossa joka vuoden marraskuussa! - Musikfestival i Sjunde\u00e5. Varje \u00e5r i November! - Music Festival of Siuntio. Every year in november!\",\"publisher\":{\"@id\":\"https:\/\/luxmusicae.com\/#organization\"},\"potentialAction\":[{\"@type\":\"SearchAction\",\"target\":{\"@type\":\"EntryPoint\",\"urlTemplate\":\"https:\/\/luxmusicae.com\/?s={search_term_string}\"},\"query-input\":{\"@type\":\"PropertyValueSpecification\",\"valueRequired\":true,\"valueName\":\"search_term_string\"}}],\"inLanguage\":\"sv-SE\"},{\"@type\":\"Organization\",\"@id\":\"https:\/\/luxmusicae.com\/#organization\",\"name\":\"Lux Musicae 13.-15.11.2026\",\"url\":\"https:\/\/luxmusicae.com\/\",\"logo\":{\"@type\":\"ImageObject\",\"inLanguage\":\"sv-SE\",\"@id\":\"https:\/\/luxmusicae.com\/#\/schema\/logo\/image\/\",\"url\":\"https:\/\/i0.wp.com\/luxmusicae.com\/wp-content\/uploads\/2024\/07\/cropped-LuxMusicae2024_www_LOGO.png?fit=100%2C100&ssl=1\",\"contentUrl\":\"https:\/\/i0.wp.com\/luxmusicae.com\/wp-content\/uploads\/2024\/07\/cropped-LuxMusicae2024_www_LOGO.png?fit=100%2C100&ssl=1\",\"width\":100,\"height\":100,\"caption\":\"Lux Musicae 13.-15.11.2026\"},\"image\":{\"@id\":\"https:\/\/luxmusicae.com\/#\/schema\/logo\/image\/\"}}]}<\/script>\n<!-- \/ Yoast SEO plugin. -->","yoast_head_json":{"title":"Lux Musicae 13.-15.11.2026 - S\u00f6ndag 17.11.2024","robots":{"index":"index","follow":"follow","max-snippet":"max-snippet:-1","max-image-preview":"max-image-preview:large","max-video-preview":"max-video-preview:-1"},"canonical":"https:\/\/luxmusicae.com\/sunnuntai-17-11-2024\/","og_locale":"sv_SE","og_type":"article","og_title":"Lux Musicae 13.-15.11.2026 - S\u00f6ndag 17.11.2024","og_description":"S\u00f6ndag kl. 10 Lux-m\u00e4ssa i Sjunde\u00e5 kyrka Fritt intr\u00e4de S\u00f6ndag kl. 16 i Sjunde\u00e5 kyrka Omaggio &#8211; till Clara Lux Ensembles (Aalto, T., Aalto, A., Koivisto, Pohjonen, Saarikettu, Uusitupa) musicerande under festivalen, tillsammans och separat, representerar Lux Musicaes str\u00e4van att sammanf\u00f6ra beg\u00e5vade musiker och ge publiken unika upplevelser av hur inspirerande den musikaliska v\u00e4xelverkan kan [&hellip;]","og_url":"https:\/\/luxmusicae.com\/sunnuntai-17-11-2024\/","og_site_name":"Lux Musicae 13.-15.11.2026","article_modified_time":"2024-11-15T11:56:57+00:00","og_image":[{"width":1500,"height":1500,"url":"https:\/\/i0.wp.com\/luxmusicae.com\/wp-content\/uploads\/2024\/07\/LuxMusicae2024_www_DATE_SUN.png?fit=1500%2C1500&ssl=1","type":"image\/png"}],"twitter_card":"summary_large_image","twitter_misc":{"Ber\u00e4knad l\u00e4stid":"2 minuter"},"schema":{"@context":"https:\/\/schema.org","@graph":[{"@type":"WebPage","@id":"https:\/\/luxmusicae.com\/sunnuntai-17-11-2024\/","url":"https:\/\/luxmusicae.com\/sunnuntai-17-11-2024\/","name":"Lux Musicae 13.-15.11.2026 - S\u00f6ndag 17.11.2024","isPartOf":{"@id":"https:\/\/luxmusicae.com\/#website"},"primaryImageOfPage":{"@id":"https:\/\/luxmusicae.com\/sunnuntai-17-11-2024\/#primaryimage"},"image":{"@id":"https:\/\/luxmusicae.com\/sunnuntai-17-11-2024\/#primaryimage"},"thumbnailUrl":"https:\/\/i0.wp.com\/luxmusicae.com\/wp-content\/uploads\/2024\/07\/LuxMusicae2024_www_DATE_SUN.png?fit=1500%2C1500&ssl=1","datePublished":"2024-08-13T12:13:56+00:00","dateModified":"2024-11-15T11:56:57+00:00","breadcrumb":{"@id":"https:\/\/luxmusicae.com\/sunnuntai-17-11-2024\/#breadcrumb"},"inLanguage":"sv-SE","potentialAction":[{"@type":"ReadAction","target":["https:\/\/luxmusicae.com\/sunnuntai-17-11-2024\/"]}]},{"@type":"ImageObject","inLanguage":"sv-SE","@id":"https:\/\/luxmusicae.com\/sunnuntai-17-11-2024\/#primaryimage","url":"https:\/\/i0.wp.com\/luxmusicae.com\/wp-content\/uploads\/2024\/07\/LuxMusicae2024_www_DATE_SUN.png?fit=1500%2C1500&ssl=1","contentUrl":"https:\/\/i0.wp.com\/luxmusicae.com\/wp-content\/uploads\/2024\/07\/LuxMusicae2024_www_DATE_SUN.png?fit=1500%2C1500&ssl=1","width":1500,"height":1500},{"@type":"BreadcrumbList","@id":"https:\/\/luxmusicae.com\/sunnuntai-17-11-2024\/#breadcrumb","itemListElement":[{"@type":"ListItem","position":1,"name":"Etusivu","item":"https:\/\/luxmusicae.com\/"},{"@type":"ListItem","position":2,"name":"S\u00f6ndag 17.11.2024"}]},{"@type":"WebSite","@id":"https:\/\/luxmusicae.com\/#website","url":"https:\/\/luxmusicae.com\/","name":"Lux Musicae 13.-15.11.2026","description":"Musiikkifestivaali Siuntiossa joka vuoden marraskuussa! - Musikfestival i Sjunde\u00e5. Varje \u00e5r i November! - Music Festival of Siuntio. Every year in november!","publisher":{"@id":"https:\/\/luxmusicae.com\/#organization"},"potentialAction":[{"@type":"SearchAction","target":{"@type":"EntryPoint","urlTemplate":"https:\/\/luxmusicae.com\/?s={search_term_string}"},"query-input":{"@type":"PropertyValueSpecification","valueRequired":true,"valueName":"search_term_string"}}],"inLanguage":"sv-SE"},{"@type":"Organization","@id":"https:\/\/luxmusicae.com\/#organization","name":"Lux Musicae 13.-15.11.2026","url":"https:\/\/luxmusicae.com\/","logo":{"@type":"ImageObject","inLanguage":"sv-SE","@id":"https:\/\/luxmusicae.com\/#\/schema\/logo\/image\/","url":"https:\/\/i0.wp.com\/luxmusicae.com\/wp-content\/uploads\/2024\/07\/cropped-LuxMusicae2024_www_LOGO.png?fit=100%2C100&ssl=1","contentUrl":"https:\/\/i0.wp.com\/luxmusicae.com\/wp-content\/uploads\/2024\/07\/cropped-LuxMusicae2024_www_LOGO.png?fit=100%2C100&ssl=1","width":100,"height":100,"caption":"Lux Musicae 13.-15.11.2026"},"image":{"@id":"https:\/\/luxmusicae.com\/#\/schema\/logo\/image\/"}}]}},"uagb_featured_image_src":{"full":["https:\/\/i0.wp.com\/luxmusicae.com\/wp-content\/uploads\/2024\/07\/LuxMusicae2024_www_DATE_SUN.png?fit=1500%2C1500&ssl=1",1500,1500,false],"thumbnail":["https:\/\/i0.wp.com\/luxmusicae.com\/wp-content\/uploads\/2024\/07\/LuxMusicae2024_www_DATE_SUN.png?resize=150%2C150&ssl=1",150,150,true],"medium":["https:\/\/i0.wp.com\/luxmusicae.com\/wp-content\/uploads\/2024\/07\/LuxMusicae2024_www_DATE_SUN.png?fit=300%2C300&ssl=1",300,300,true],"medium_large":["https:\/\/i0.wp.com\/luxmusicae.com\/wp-content\/uploads\/2024\/07\/LuxMusicae2024_www_DATE_SUN.png?fit=768%2C768&ssl=1",768,768,true],"large":["https:\/\/i0.wp.com\/luxmusicae.com\/wp-content\/uploads\/2024\/07\/LuxMusicae2024_www_DATE_SUN.png?fit=1024%2C1024&ssl=1",1024,1024,true],"1536x1536":["https:\/\/i0.wp.com\/luxmusicae.com\/wp-content\/uploads\/2024\/07\/LuxMusicae2024_www_DATE_SUN.png?fit=1500%2C1500&ssl=1",1500,1500,true],"2048x2048":["https:\/\/i0.wp.com\/luxmusicae.com\/wp-content\/uploads\/2024\/07\/LuxMusicae2024_www_DATE_SUN.png?fit=1500%2C1500&ssl=1",1500,1500,true],"ect-jetpack-portfolio-featured":["https:\/\/i0.wp.com\/luxmusicae.com\/wp-content\/uploads\/2024\/07\/LuxMusicae2024_www_DATE_SUN.png?resize=640%2C640&ssl=1",640,640,true],"ect-featured-content":["https:\/\/i0.wp.com\/luxmusicae.com\/wp-content\/uploads\/2024\/07\/LuxMusicae2024_www_DATE_SUN.png?resize=640%2C640&ssl=1",640,640,true],"jetpack-portfolio-admin-thumb":["https:\/\/i0.wp.com\/luxmusicae.com\/wp-content\/uploads\/2024\/07\/LuxMusicae2024_www_DATE_SUN.png?resize=50%2C50&ssl=1",50,50,true],"featured-content-admin-thumb":["https:\/\/i0.wp.com\/luxmusicae.com\/wp-content\/uploads\/2024\/07\/LuxMusicae2024_www_DATE_SUN.png?resize=50%2C50&ssl=1",50,50,true]},"uagb_author_info":{"display_name":"Lux Musicae Admin","author_link":"https:\/\/luxmusicae.com\/sv\/author\/admin\/"},"uagb_comment_info":0,"uagb_excerpt":"S\u00f6ndag kl. 10 Lux-m\u00e4ssa i Sjunde\u00e5 kyrka Fritt intr\u00e4de S\u00f6ndag kl. 16 i Sjunde\u00e5 kyrka Omaggio &#8211; till Clara Lux Ensembles (Aalto, T., Aalto, A., Koivisto, Pohjonen, Saarikettu, Uusitupa) musicerande under festivalen, tillsammans och separat, representerar Lux Musicaes str\u00e4van att sammanf\u00f6ra beg\u00e5vade musiker och ge publiken unika upplevelser av hur inspirerande den musikaliska v\u00e4xelverkan kan&hellip;","jetpack_shortlink":"https:\/\/wp.me\/P968cz-1oA","jetpack_sharing_enabled":true,"_links":{"self":[{"href":"https:\/\/luxmusicae.com\/sv\/wp-json\/wp\/v2\/pages\/5368","targetHints":{"allow":["GET"]}}],"collection":[{"href":"https:\/\/luxmusicae.com\/sv\/wp-json\/wp\/v2\/pages"}],"about":[{"href":"https:\/\/luxmusicae.com\/sv\/wp-json\/wp\/v2\/types\/page"}],"author":[{"embeddable":true,"href":"https:\/\/luxmusicae.com\/sv\/wp-json\/wp\/v2\/users\/1"}],"replies":[{"embeddable":true,"href":"https:\/\/luxmusicae.com\/sv\/wp-json\/wp\/v2\/comments?post=5368"}],"version-history":[{"count":8,"href":"https:\/\/luxmusicae.com\/sv\/wp-json\/wp\/v2\/pages\/5368\/revisions"}],"predecessor-version":[{"id":5761,"href":"https:\/\/luxmusicae.com\/sv\/wp-json\/wp\/v2\/pages\/5368\/revisions\/5761"}],"wp:featuredmedia":[{"embeddable":true,"href":"https:\/\/luxmusicae.com\/sv\/wp-json\/wp\/v2\/media\/5332"}],"wp:attachment":[{"href":"https:\/\/luxmusicae.com\/sv\/wp-json\/wp\/v2\/media?parent=5368"}],"curies":[{"name":"wp","href":"https:\/\/api.w.org\/{rel}","templated":true}]}}