{"id":5366,"date":"2024-08-13T15:11:21","date_gmt":"2024-08-13T12:11:21","guid":{"rendered":"https:\/\/luxmusicae.com\/?page_id=5366"},"modified":"2024-09-30T10:27:55","modified_gmt":"2024-09-30T07:27:55","slug":"lordag-16-11-2024","status":"publish","type":"page","link":"https:\/\/luxmusicae.com\/sv\/lordag-16-11-2024\/","title":{"rendered":"L\u00f6rdag 16.11.2024"},"content":{"rendered":"\n<p><strong>L\u00f6rdag kl. 14<\/strong> i Villa Miina<\/p>\n\n\n\n<p><strong><em>Omaggio  -Till minnet av dig<\/em><\/strong><\/p>\n\n\n\n<p>Omaggio betyder hyllning. Komposit\u00f6rerna har hanterat temat obeskrivligt m\u00e5ngsidigt som olika slags lovord till sina k\u00e4ra, sina v\u00e4nner eller m\u00e5l f\u00f6r sin beundran.<\/p>\n\n\n\n<p>Konsertprogrammet best\u00e5r av olika slag av hyllning. I det verk som <strong>Sibelius<\/strong> dedicerade till sin maka kan man h\u00f6ra inte bara k\u00e4rleksbetygelser utan ocks\u00e5 ekon av den f\u00f6rsvunna \u00e5ttonde symfonin.<\/p>\n\n\n\n<p><strong>Liszt <\/strong>skrev sin br\u00f6llopsmusik f\u00f6r violin och piano till en v\u00e4n. <strong>Glucks <\/strong>melodier \u00e4r f\u00f6r sin del mycket k\u00e4nda liksom ocks\u00e5 <strong>Beethovens<\/strong> <em>F\u00fcr Elise<\/em>. <strong>P\u00e4rts <\/strong>gripande klassiker <em>F\u00fcr Alina<\/em> avspeglar atmosf\u00e4ren kring kalla krigets j\u00e4rnrid\u00e5.<\/p>\n\n\n\n<p><strong>Teppo Koivisto, piano, Pami Karvonen, piano och Kasmir Uusitupa violin<\/strong><\/p>\n\n\n\n<p>Program:<\/p>\n\n\n\n<p>Bach:Preludi&nbsp;<\/p>\n\n\n\n<p>Bach-Siloti: Preludi<\/p>\n\n\n\n<p>Beethoven: F\u00fcr Elise (pianosolo)&nbsp;<\/p>\n\n\n\n<p>Gluck: Baletti no 19 &#8221;Orfeuksen valitus&#8221; oopperasta &#8221;Orfeus&#8221; (piano fyrh\u00e4ndigt)<\/p>\n\n\n\n<p>Sibelius: Rakkaalle Ainolle (piano fyrh\u00e4ndigt)<\/p>\n\n\n\n<p>Gluck: Aaria no 27 &#8221;Ach, Ich habe sie verloren&#8221; oopperasta &#8221;Orfeus&#8221; (piano fyrh\u00e4ndigt)<\/p>\n\n\n\n<p>P\u00e4rt: F\u00fcr Alina (pianosolo)<\/p>\n\n\n\n<p>Sibelius: 2 verk opus 77 (violin &amp; piano) &nbsp;<\/p>\n\n\n\n<p>Liszt: Epithalam (violin&amp; piano) &nbsp;<\/p>\n\n\n\n<p>Sibelius: Scene d&#8217;amour opus 71 (violin &amp;piano)&nbsp;<\/p>\n\n\n\n<p><\/p>\n\n\n\n<p>Kaffeservering ing\u00e5r i biljettpriset, konsertens l\u00e4ngd 1 h<\/p>\n\n\n\n<p>25 \u20ac &#8211; <a href=\"https:\/\/www.lippu.fi\/event\/lux-musicae-2024-villa-miina-19027935\/\">K\u00f6p biljetter till konsert Omaggio \u2013 Till minnet av dig<\/a><\/p>\n\n\n\n<p><strong>L\u00f6rdag kl. 18.00<\/strong> Bildningscampuset Sjunde\u00e5 hj\u00e4rta<\/p>\n\n\n\n<p><strong><em>Med k\u00e4rlek utan fruktan<\/em><\/strong><\/p>\n\n\n\n<p>Lux Musicae inbjuder i Aili J\u00e4rvel\u00e4s, Matias Tynis och Sigurdur R\u00f6gnvaldssons konsert dem som vill veta vad finl\u00e4ndarna lyssnar p\u00e5 och vad de tycker om. S\u00e5 ger Spotify och YouTube fina prov p\u00e5 J\u00e4rvel\u00e4s musicerande i olika sammans\u00e4ttningar.Musiken kan kategoriseras p\u00e5 olika s\u00e4tt: som indierock, etno, pop \u2026<\/p>\n\n\n\n<p><strong>Aili J\u00e4rvel\u00e4, Sigurdur R\u00f6gnvaldsson, Matias Tyni &nbsp;<\/strong><\/p>\n\n\n\n<p>I konserten h\u00f6r vi J\u00e4rvel\u00e4s nyaste musik. Konsertens l\u00e4ngd 1 h<\/p>\n\n\n\n<p>25 \u20ac &#8211; <a href=\"https:\/\/www.lippu.fi\/event\/lux-musicae-2024-sivistyskampus-siuntion-sydaen-19031841\/\">K\u00f6p biljetter till konsert Med k\u00e4rlek utan fruktan<\/a><\/p>\n\n\n\n<p><\/p>\n\n\n\n<p><strong>L\u00f6rdag, kl 20.00<\/strong> Pickala Golf, f\u00f6rst middag i restaurant Spoon, konserten b\u00f6rjar ungef\u00e4r kl 21<\/p>\n\n\n\n<p><strong><em>Love in jazz -K\u00e4rlek i jazz:  Riitta Paakki Trio<\/em><\/strong><\/p>\n\n\n\n<p>Riitta Paakki piano, Antti L\u00f6tj\u00f6nen bas och Joonas Riippa trummor<\/p>\n\n\n\n<p><strong>Riitta Paakki Trio<\/strong> som f\u00f6renar modern och traditionell jazz \u2013 \u00e4r en akustisk upplevelse utan like. Program best\u00e5r av trions egna verk och naturligtvis ocks\u00e5 jazzklassiker.<\/p>\n\n\n\n<p>I biljettpris ing\u00e5r middag.<\/p>\n\n\n\n<p>50 \u20ac &#8211; <a href=\"https:\/\/www.lippu.fi\/event\/lux-musicae-2024-pickala-golf-ravintola-19027973\/\">K\u00f6p biljetter till konsert Love in jazz -K\u00e4rlek i jazz<\/a><\/p>\n","protected":false},"excerpt":{"rendered":"<p>L\u00f6rdag kl. 14 i Villa Miina Omaggio -Till minnet av dig Omaggio betyder hyllning. Komposit\u00f6rerna har hanterat temat obeskrivligt m\u00e5ngsidigt som olika slags lovord till sina k\u00e4ra, sina v\u00e4nner eller m\u00e5l f\u00f6r sin beundran. Konsertprogrammet best\u00e5r av olika slag av hyllning. I det verk som Sibelius dedicerade till sin maka kan man h\u00f6ra inte bara [&hellip;]<\/p>\n","protected":false},"author":1,"featured_media":5279,"parent":0,"menu_order":0,"comment_status":"closed","ping_status":"closed","template":"","meta":{"_uag_custom_page_level_css":"","jetpack_post_was_ever_published":false,"footnotes":""},"class_list":["post-5366","page","type-page","status-publish","has-post-thumbnail","hentry"],"yoast_head":"<!-- This site is optimized with the Yoast SEO plugin v26.8 - https:\/\/yoast.com\/product\/yoast-seo-wordpress\/ -->\n<title>Lux Musicae 13.-15.11.2026 - L\u00f6rdag 16.11.2024<\/title>\n<meta name=\"robots\" content=\"index, follow, max-snippet:-1, max-image-preview:large, max-video-preview:-1\" \/>\n<link rel=\"canonical\" href=\"https:\/\/luxmusicae.com\/lauantai-16-11-2024\/\" \/>\n<meta property=\"og:locale\" content=\"sv_SE\" \/>\n<meta property=\"og:type\" content=\"article\" \/>\n<meta property=\"og:title\" content=\"Lux Musicae 13.-15.11.2026 - L\u00f6rdag 16.11.2024\" \/>\n<meta property=\"og:description\" content=\"L\u00f6rdag kl. 14 i Villa Miina Omaggio -Till minnet av dig Omaggio betyder hyllning. Komposit\u00f6rerna har hanterat temat obeskrivligt m\u00e5ngsidigt som olika slags lovord till sina k\u00e4ra, sina v\u00e4nner eller m\u00e5l f\u00f6r sin beundran. Konsertprogrammet best\u00e5r av olika slag av hyllning. I det verk som Sibelius dedicerade till sin maka kan man h\u00f6ra inte bara [&hellip;]\" \/>\n<meta property=\"og:url\" content=\"https:\/\/luxmusicae.com\/lauantai-16-11-2024\/\" \/>\n<meta property=\"og:site_name\" content=\"Lux Musicae 13.-15.11.2026\" \/>\n<meta property=\"article:modified_time\" content=\"2024-09-30T07:27:55+00:00\" \/>\n<meta property=\"og:image\" content=\"https:\/\/i0.wp.com\/luxmusicae.com\/wp-content\/uploads\/2024\/05\/LuxMusicae2024_www_DATE_SAT.png?fit=1500%2C1500&ssl=1\" \/>\n\t<meta property=\"og:image:width\" content=\"1500\" \/>\n\t<meta property=\"og:image:height\" content=\"1500\" \/>\n\t<meta property=\"og:image:type\" content=\"image\/png\" \/>\n<meta name=\"twitter:card\" content=\"summary_large_image\" \/>\n<meta name=\"twitter:label1\" content=\"Ber\u00e4knad l\u00e4stid\" \/>\n\t<meta name=\"twitter:data1\" content=\"2 minuter\" \/>\n<script type=\"application\/ld+json\" class=\"yoast-schema-graph\">{\"@context\":\"https:\/\/schema.org\",\"@graph\":[{\"@type\":\"WebPage\",\"@id\":\"https:\/\/luxmusicae.com\/lauantai-16-11-2024\/\",\"url\":\"https:\/\/luxmusicae.com\/lauantai-16-11-2024\/\",\"name\":\"Lux Musicae 13.-15.11.2026 - L\u00f6rdag 16.11.2024\",\"isPartOf\":{\"@id\":\"https:\/\/luxmusicae.com\/#website\"},\"primaryImageOfPage\":{\"@id\":\"https:\/\/luxmusicae.com\/lauantai-16-11-2024\/#primaryimage\"},\"image\":{\"@id\":\"https:\/\/luxmusicae.com\/lauantai-16-11-2024\/#primaryimage\"},\"thumbnailUrl\":\"https:\/\/i0.wp.com\/luxmusicae.com\/wp-content\/uploads\/2024\/05\/LuxMusicae2024_www_DATE_SAT.png?fit=1500%2C1500&ssl=1\",\"datePublished\":\"2024-08-13T12:11:21+00:00\",\"dateModified\":\"2024-09-30T07:27:55+00:00\",\"breadcrumb\":{\"@id\":\"https:\/\/luxmusicae.com\/lauantai-16-11-2024\/#breadcrumb\"},\"inLanguage\":\"sv-SE\",\"potentialAction\":[{\"@type\":\"ReadAction\",\"target\":[\"https:\/\/luxmusicae.com\/lauantai-16-11-2024\/\"]}]},{\"@type\":\"ImageObject\",\"inLanguage\":\"sv-SE\",\"@id\":\"https:\/\/luxmusicae.com\/lauantai-16-11-2024\/#primaryimage\",\"url\":\"https:\/\/i0.wp.com\/luxmusicae.com\/wp-content\/uploads\/2024\/05\/LuxMusicae2024_www_DATE_SAT.png?fit=1500%2C1500&ssl=1\",\"contentUrl\":\"https:\/\/i0.wp.com\/luxmusicae.com\/wp-content\/uploads\/2024\/05\/LuxMusicae2024_www_DATE_SAT.png?fit=1500%2C1500&ssl=1\",\"width\":1500,\"height\":1500},{\"@type\":\"BreadcrumbList\",\"@id\":\"https:\/\/luxmusicae.com\/lauantai-16-11-2024\/#breadcrumb\",\"itemListElement\":[{\"@type\":\"ListItem\",\"position\":1,\"name\":\"Etusivu\",\"item\":\"https:\/\/luxmusicae.com\/\"},{\"@type\":\"ListItem\",\"position\":2,\"name\":\"L\u00f6rdag 16.11.2024\"}]},{\"@type\":\"WebSite\",\"@id\":\"https:\/\/luxmusicae.com\/#website\",\"url\":\"https:\/\/luxmusicae.com\/\",\"name\":\"Lux Musicae 13.-15.11.2026\",\"description\":\"Musiikkifestivaali Siuntiossa joka vuoden marraskuussa! - Musikfestival i Sjunde\u00e5. Varje \u00e5r i November! - Music Festival of Siuntio. Every year in november!\",\"publisher\":{\"@id\":\"https:\/\/luxmusicae.com\/#organization\"},\"potentialAction\":[{\"@type\":\"SearchAction\",\"target\":{\"@type\":\"EntryPoint\",\"urlTemplate\":\"https:\/\/luxmusicae.com\/?s={search_term_string}\"},\"query-input\":{\"@type\":\"PropertyValueSpecification\",\"valueRequired\":true,\"valueName\":\"search_term_string\"}}],\"inLanguage\":\"sv-SE\"},{\"@type\":\"Organization\",\"@id\":\"https:\/\/luxmusicae.com\/#organization\",\"name\":\"Lux Musicae 13.-15.11.2026\",\"url\":\"https:\/\/luxmusicae.com\/\",\"logo\":{\"@type\":\"ImageObject\",\"inLanguage\":\"sv-SE\",\"@id\":\"https:\/\/luxmusicae.com\/#\/schema\/logo\/image\/\",\"url\":\"https:\/\/i0.wp.com\/luxmusicae.com\/wp-content\/uploads\/2024\/07\/cropped-LuxMusicae2024_www_LOGO.png?fit=100%2C100&ssl=1\",\"contentUrl\":\"https:\/\/i0.wp.com\/luxmusicae.com\/wp-content\/uploads\/2024\/07\/cropped-LuxMusicae2024_www_LOGO.png?fit=100%2C100&ssl=1\",\"width\":100,\"height\":100,\"caption\":\"Lux Musicae 13.-15.11.2026\"},\"image\":{\"@id\":\"https:\/\/luxmusicae.com\/#\/schema\/logo\/image\/\"}}]}<\/script>\n<!-- \/ Yoast SEO plugin. -->","yoast_head_json":{"title":"Lux Musicae 13.-15.11.2026 - L\u00f6rdag 16.11.2024","robots":{"index":"index","follow":"follow","max-snippet":"max-snippet:-1","max-image-preview":"max-image-preview:large","max-video-preview":"max-video-preview:-1"},"canonical":"https:\/\/luxmusicae.com\/lauantai-16-11-2024\/","og_locale":"sv_SE","og_type":"article","og_title":"Lux Musicae 13.-15.11.2026 - L\u00f6rdag 16.11.2024","og_description":"L\u00f6rdag kl. 14 i Villa Miina Omaggio -Till minnet av dig Omaggio betyder hyllning. Komposit\u00f6rerna har hanterat temat obeskrivligt m\u00e5ngsidigt som olika slags lovord till sina k\u00e4ra, sina v\u00e4nner eller m\u00e5l f\u00f6r sin beundran. Konsertprogrammet best\u00e5r av olika slag av hyllning. I det verk som Sibelius dedicerade till sin maka kan man h\u00f6ra inte bara [&hellip;]","og_url":"https:\/\/luxmusicae.com\/lauantai-16-11-2024\/","og_site_name":"Lux Musicae 13.-15.11.2026","article_modified_time":"2024-09-30T07:27:55+00:00","og_image":[{"width":1500,"height":1500,"url":"https:\/\/i0.wp.com\/luxmusicae.com\/wp-content\/uploads\/2024\/05\/LuxMusicae2024_www_DATE_SAT.png?fit=1500%2C1500&ssl=1","type":"image\/png"}],"twitter_card":"summary_large_image","twitter_misc":{"Ber\u00e4knad l\u00e4stid":"2 minuter"},"schema":{"@context":"https:\/\/schema.org","@graph":[{"@type":"WebPage","@id":"https:\/\/luxmusicae.com\/lauantai-16-11-2024\/","url":"https:\/\/luxmusicae.com\/lauantai-16-11-2024\/","name":"Lux Musicae 13.-15.11.2026 - L\u00f6rdag 16.11.2024","isPartOf":{"@id":"https:\/\/luxmusicae.com\/#website"},"primaryImageOfPage":{"@id":"https:\/\/luxmusicae.com\/lauantai-16-11-2024\/#primaryimage"},"image":{"@id":"https:\/\/luxmusicae.com\/lauantai-16-11-2024\/#primaryimage"},"thumbnailUrl":"https:\/\/i0.wp.com\/luxmusicae.com\/wp-content\/uploads\/2024\/05\/LuxMusicae2024_www_DATE_SAT.png?fit=1500%2C1500&ssl=1","datePublished":"2024-08-13T12:11:21+00:00","dateModified":"2024-09-30T07:27:55+00:00","breadcrumb":{"@id":"https:\/\/luxmusicae.com\/lauantai-16-11-2024\/#breadcrumb"},"inLanguage":"sv-SE","potentialAction":[{"@type":"ReadAction","target":["https:\/\/luxmusicae.com\/lauantai-16-11-2024\/"]}]},{"@type":"ImageObject","inLanguage":"sv-SE","@id":"https:\/\/luxmusicae.com\/lauantai-16-11-2024\/#primaryimage","url":"https:\/\/i0.wp.com\/luxmusicae.com\/wp-content\/uploads\/2024\/05\/LuxMusicae2024_www_DATE_SAT.png?fit=1500%2C1500&ssl=1","contentUrl":"https:\/\/i0.wp.com\/luxmusicae.com\/wp-content\/uploads\/2024\/05\/LuxMusicae2024_www_DATE_SAT.png?fit=1500%2C1500&ssl=1","width":1500,"height":1500},{"@type":"BreadcrumbList","@id":"https:\/\/luxmusicae.com\/lauantai-16-11-2024\/#breadcrumb","itemListElement":[{"@type":"ListItem","position":1,"name":"Etusivu","item":"https:\/\/luxmusicae.com\/"},{"@type":"ListItem","position":2,"name":"L\u00f6rdag 16.11.2024"}]},{"@type":"WebSite","@id":"https:\/\/luxmusicae.com\/#website","url":"https:\/\/luxmusicae.com\/","name":"Lux Musicae 13.-15.11.2026","description":"Musiikkifestivaali Siuntiossa joka vuoden marraskuussa! - Musikfestival i Sjunde\u00e5. Varje \u00e5r i November! - Music Festival of Siuntio. Every year in november!","publisher":{"@id":"https:\/\/luxmusicae.com\/#organization"},"potentialAction":[{"@type":"SearchAction","target":{"@type":"EntryPoint","urlTemplate":"https:\/\/luxmusicae.com\/?s={search_term_string}"},"query-input":{"@type":"PropertyValueSpecification","valueRequired":true,"valueName":"search_term_string"}}],"inLanguage":"sv-SE"},{"@type":"Organization","@id":"https:\/\/luxmusicae.com\/#organization","name":"Lux Musicae 13.-15.11.2026","url":"https:\/\/luxmusicae.com\/","logo":{"@type":"ImageObject","inLanguage":"sv-SE","@id":"https:\/\/luxmusicae.com\/#\/schema\/logo\/image\/","url":"https:\/\/i0.wp.com\/luxmusicae.com\/wp-content\/uploads\/2024\/07\/cropped-LuxMusicae2024_www_LOGO.png?fit=100%2C100&ssl=1","contentUrl":"https:\/\/i0.wp.com\/luxmusicae.com\/wp-content\/uploads\/2024\/07\/cropped-LuxMusicae2024_www_LOGO.png?fit=100%2C100&ssl=1","width":100,"height":100,"caption":"Lux Musicae 13.-15.11.2026"},"image":{"@id":"https:\/\/luxmusicae.com\/#\/schema\/logo\/image\/"}}]}},"uagb_featured_image_src":{"full":["https:\/\/i0.wp.com\/luxmusicae.com\/wp-content\/uploads\/2024\/05\/LuxMusicae2024_www_DATE_SAT.png?fit=1500%2C1500&ssl=1",1500,1500,false],"thumbnail":["https:\/\/i0.wp.com\/luxmusicae.com\/wp-content\/uploads\/2024\/05\/LuxMusicae2024_www_DATE_SAT.png?resize=150%2C150&ssl=1",150,150,true],"medium":["https:\/\/i0.wp.com\/luxmusicae.com\/wp-content\/uploads\/2024\/05\/LuxMusicae2024_www_DATE_SAT.png?fit=300%2C300&ssl=1",300,300,true],"medium_large":["https:\/\/i0.wp.com\/luxmusicae.com\/wp-content\/uploads\/2024\/05\/LuxMusicae2024_www_DATE_SAT.png?fit=768%2C768&ssl=1",768,768,true],"large":["https:\/\/i0.wp.com\/luxmusicae.com\/wp-content\/uploads\/2024\/05\/LuxMusicae2024_www_DATE_SAT.png?fit=1024%2C1024&ssl=1",1024,1024,true],"1536x1536":["https:\/\/i0.wp.com\/luxmusicae.com\/wp-content\/uploads\/2024\/05\/LuxMusicae2024_www_DATE_SAT.png?fit=1500%2C1500&ssl=1",1500,1500,true],"2048x2048":["https:\/\/i0.wp.com\/luxmusicae.com\/wp-content\/uploads\/2024\/05\/LuxMusicae2024_www_DATE_SAT.png?fit=1500%2C1500&ssl=1",1500,1500,true],"ect-jetpack-portfolio-featured":["https:\/\/i0.wp.com\/luxmusicae.com\/wp-content\/uploads\/2024\/05\/LuxMusicae2024_www_DATE_SAT.png?resize=640%2C640&ssl=1",640,640,true],"ect-featured-content":["https:\/\/i0.wp.com\/luxmusicae.com\/wp-content\/uploads\/2024\/05\/LuxMusicae2024_www_DATE_SAT.png?resize=640%2C640&ssl=1",640,640,true],"jetpack-portfolio-admin-thumb":["https:\/\/i0.wp.com\/luxmusicae.com\/wp-content\/uploads\/2024\/05\/LuxMusicae2024_www_DATE_SAT.png?resize=50%2C50&ssl=1",50,50,true],"featured-content-admin-thumb":["https:\/\/i0.wp.com\/luxmusicae.com\/wp-content\/uploads\/2024\/05\/LuxMusicae2024_www_DATE_SAT.png?resize=50%2C50&ssl=1",50,50,true]},"uagb_author_info":{"display_name":"Lux Musicae Admin","author_link":"https:\/\/luxmusicae.com\/sv\/author\/admin\/"},"uagb_comment_info":0,"uagb_excerpt":"L\u00f6rdag kl. 14 i Villa Miina Omaggio -Till minnet av dig Omaggio betyder hyllning. Komposit\u00f6rerna har hanterat temat obeskrivligt m\u00e5ngsidigt som olika slags lovord till sina k\u00e4ra, sina v\u00e4nner eller m\u00e5l f\u00f6r sin beundran. Konsertprogrammet best\u00e5r av olika slag av hyllning. I det verk som Sibelius dedicerade till sin maka kan man h\u00f6ra inte bara&hellip;","jetpack_shortlink":"https:\/\/wp.me\/P968cz-1oy","jetpack_sharing_enabled":true,"_links":{"self":[{"href":"https:\/\/luxmusicae.com\/sv\/wp-json\/wp\/v2\/pages\/5366","targetHints":{"allow":["GET"]}}],"collection":[{"href":"https:\/\/luxmusicae.com\/sv\/wp-json\/wp\/v2\/pages"}],"about":[{"href":"https:\/\/luxmusicae.com\/sv\/wp-json\/wp\/v2\/types\/page"}],"author":[{"embeddable":true,"href":"https:\/\/luxmusicae.com\/sv\/wp-json\/wp\/v2\/users\/1"}],"replies":[{"embeddable":true,"href":"https:\/\/luxmusicae.com\/sv\/wp-json\/wp\/v2\/comments?post=5366"}],"version-history":[{"count":11,"href":"https:\/\/luxmusicae.com\/sv\/wp-json\/wp\/v2\/pages\/5366\/revisions"}],"predecessor-version":[{"id":5698,"href":"https:\/\/luxmusicae.com\/sv\/wp-json\/wp\/v2\/pages\/5366\/revisions\/5698"}],"wp:featuredmedia":[{"embeddable":true,"href":"https:\/\/luxmusicae.com\/sv\/wp-json\/wp\/v2\/media\/5279"}],"wp:attachment":[{"href":"https:\/\/luxmusicae.com\/sv\/wp-json\/wp\/v2\/media?parent=5366"}],"curies":[{"name":"wp","href":"https:\/\/api.w.org\/{rel}","templated":true}]}}