{"id":4977,"date":"2023-09-05T12:39:11","date_gmt":"2023-09-05T09:39:11","guid":{"rendered":"https:\/\/luxmusicae.com\/?page_id=4977"},"modified":"2023-09-05T12:39:13","modified_gmt":"2023-09-05T09:39:13","slug":"30-9-bellman-konserten-pa-hotel-siuntio-kl-18","status":"publish","type":"page","link":"https:\/\/luxmusicae.com\/sv\/30-9-bellman-konserten-pa-hotel-siuntio-kl-18\/","title":{"rendered":"30.9. Bellman-konserten p\u00e5 Hotel Siuntio kl. 18."},"content":{"rendered":"\n<p>Temat f\u00f6r Lux Musicae, &#8217;Lyssna: naturen talar \u2013 lyssna: naturen andas&#8217;, inkluderar inte bara konserter utan ocks\u00e5 f\u00f6rel\u00e4sningar och utst\u00e4llningar. Festivalen startar redan p\u00e5 l\u00f6rdagen den 30 september under Siuntio-dagen n\u00e4r vi kan koppla av vid k\u00e4llan, &#8217;Hvila vid denna k\u00e4llan.&#8217; Det \u00e4r en Bellman-f\u00f6rest\u00e4llning med Pentti Hild\u00e9n, Pauliina Fred, Anna Ruotsala och Markus Pelli p\u00e5 Hotel Siuntio klockan 18. Konserten \u00e4r kostnadsfri.<\/p>\n\n\n","protected":false},"excerpt":{"rendered":"<p>Temat f\u00f6r Lux Musicae, &#8217;Lyssna: naturen talar \u2013 lyssna: naturen andas&#8217;, inkluderar inte bara konserter utan ocks\u00e5 f\u00f6rel\u00e4sningar och utst\u00e4llningar. Festivalen startar redan p\u00e5 l\u00f6rdagen den 30 september under Siuntio-dagen n\u00e4r vi kan koppla av vid k\u00e4llan, &#8217;Hvila vid denna k\u00e4llan.&#8217; Det \u00e4r en Bellman-f\u00f6rest\u00e4llning med Pentti Hild\u00e9n, Pauliina Fred, Anna Ruotsala och Markus Pelli [&hellip;]<\/p>\n","protected":false},"author":1,"featured_media":4965,"parent":0,"menu_order":0,"comment_status":"closed","ping_status":"closed","template":"","meta":{"_uag_custom_page_level_css":"","jetpack_post_was_ever_published":false,"footnotes":""},"class_list":["post-4977","page","type-page","status-publish","has-post-thumbnail","hentry"],"yoast_head":"<!-- This site is optimized with the Yoast SEO plugin v26.8 - https:\/\/yoast.com\/product\/yoast-seo-wordpress\/ -->\n<title>Lux Musicae 13.-15.11.2026 - 30.9. Bellman-konserten p\u00e5 Hotel Siuntio kl. 18.<\/title>\n<meta name=\"robots\" content=\"index, follow, max-snippet:-1, max-image-preview:large, max-video-preview:-1\" \/>\n<link rel=\"canonical\" href=\"https:\/\/luxmusicae.com\/siuntio-paivana-30-9-bellman-ilottelu-hotelli-siuntiossa-klo-18\/\" \/>\n<meta property=\"og:locale\" content=\"sv_SE\" \/>\n<meta property=\"og:type\" content=\"article\" \/>\n<meta property=\"og:title\" content=\"Lux Musicae 13.-15.11.2026 - 30.9. Bellman-konserten p\u00e5 Hotel Siuntio kl. 18.\" \/>\n<meta property=\"og:description\" content=\"Temat f\u00f6r Lux Musicae, &#8217;Lyssna: naturen talar \u2013 lyssna: naturen andas&#8217;, inkluderar inte bara konserter utan ocks\u00e5 f\u00f6rel\u00e4sningar och utst\u00e4llningar. Festivalen startar redan p\u00e5 l\u00f6rdagen den 30 september under Siuntio-dagen n\u00e4r vi kan koppla av vid k\u00e4llan, &#8217;Hvila vid denna k\u00e4llan.&#8217; Det \u00e4r en Bellman-f\u00f6rest\u00e4llning med Pentti Hild\u00e9n, Pauliina Fred, Anna Ruotsala och Markus Pelli [&hellip;]\" \/>\n<meta property=\"og:url\" content=\"https:\/\/luxmusicae.com\/siuntio-paivana-30-9-bellman-ilottelu-hotelli-siuntiossa-klo-18\/\" \/>\n<meta property=\"og:site_name\" content=\"Lux Musicae 13.-15.11.2026\" \/>\n<meta property=\"article:modified_time\" content=\"2023-09-05T09:39:13+00:00\" \/>\n<meta property=\"og:image\" content=\"https:\/\/i0.wp.com\/luxmusicae.com\/wp-content\/uploads\/2023\/08\/ef559ecf-7e09-45ec-b5e6-c24078717ab3.png?fit=1332%2C666&ssl=1\" \/>\n\t<meta property=\"og:image:width\" content=\"1332\" \/>\n\t<meta property=\"og:image:height\" content=\"666\" \/>\n\t<meta property=\"og:image:type\" content=\"image\/png\" \/>\n<meta name=\"twitter:card\" content=\"summary_large_image\" \/>\n<script type=\"application\/ld+json\" class=\"yoast-schema-graph\">{\"@context\":\"https:\/\/schema.org\",\"@graph\":[{\"@type\":\"WebPage\",\"@id\":\"https:\/\/luxmusicae.com\/siuntio-paivana-30-9-bellman-ilottelu-hotelli-siuntiossa-klo-18\/\",\"url\":\"https:\/\/luxmusicae.com\/siuntio-paivana-30-9-bellman-ilottelu-hotelli-siuntiossa-klo-18\/\",\"name\":\"Lux Musicae 13.-15.11.2026 - 30.9. Bellman-konserten p\u00e5 Hotel Siuntio kl. 18.\",\"isPartOf\":{\"@id\":\"https:\/\/luxmusicae.com\/#website\"},\"primaryImageOfPage\":{\"@id\":\"https:\/\/luxmusicae.com\/siuntio-paivana-30-9-bellman-ilottelu-hotelli-siuntiossa-klo-18\/#primaryimage\"},\"image\":{\"@id\":\"https:\/\/luxmusicae.com\/siuntio-paivana-30-9-bellman-ilottelu-hotelli-siuntiossa-klo-18\/#primaryimage\"},\"thumbnailUrl\":\"https:\/\/i0.wp.com\/luxmusicae.com\/wp-content\/uploads\/2023\/08\/ef559ecf-7e09-45ec-b5e6-c24078717ab3.png?fit=1332%2C666&ssl=1\",\"datePublished\":\"2023-09-05T09:39:11+00:00\",\"dateModified\":\"2023-09-05T09:39:13+00:00\",\"breadcrumb\":{\"@id\":\"https:\/\/luxmusicae.com\/siuntio-paivana-30-9-bellman-ilottelu-hotelli-siuntiossa-klo-18\/#breadcrumb\"},\"inLanguage\":\"sv-SE\",\"potentialAction\":[{\"@type\":\"ReadAction\",\"target\":[\"https:\/\/luxmusicae.com\/siuntio-paivana-30-9-bellman-ilottelu-hotelli-siuntiossa-klo-18\/\"]}]},{\"@type\":\"ImageObject\",\"inLanguage\":\"sv-SE\",\"@id\":\"https:\/\/luxmusicae.com\/siuntio-paivana-30-9-bellman-ilottelu-hotelli-siuntiossa-klo-18\/#primaryimage\",\"url\":\"https:\/\/i0.wp.com\/luxmusicae.com\/wp-content\/uploads\/2023\/08\/ef559ecf-7e09-45ec-b5e6-c24078717ab3.png?fit=1332%2C666&ssl=1\",\"contentUrl\":\"https:\/\/i0.wp.com\/luxmusicae.com\/wp-content\/uploads\/2023\/08\/ef559ecf-7e09-45ec-b5e6-c24078717ab3.png?fit=1332%2C666&ssl=1\",\"width\":1332,\"height\":666},{\"@type\":\"BreadcrumbList\",\"@id\":\"https:\/\/luxmusicae.com\/siuntio-paivana-30-9-bellman-ilottelu-hotelli-siuntiossa-klo-18\/#breadcrumb\",\"itemListElement\":[{\"@type\":\"ListItem\",\"position\":1,\"name\":\"Etusivu\",\"item\":\"https:\/\/luxmusicae.com\/\"},{\"@type\":\"ListItem\",\"position\":2,\"name\":\"30.9. Bellman-konserten p\u00e5 Hotel Siuntio kl. 18.\"}]},{\"@type\":\"WebSite\",\"@id\":\"https:\/\/luxmusicae.com\/#website\",\"url\":\"https:\/\/luxmusicae.com\/\",\"name\":\"Lux Musicae 13.-15.11.2026\",\"description\":\"Musiikkifestivaali Siuntiossa joka vuoden marraskuussa! - Musikfestival i Sjunde\u00e5. Varje \u00e5r i November! - Music Festival of Siuntio. Every year in november!\",\"publisher\":{\"@id\":\"https:\/\/luxmusicae.com\/#organization\"},\"potentialAction\":[{\"@type\":\"SearchAction\",\"target\":{\"@type\":\"EntryPoint\",\"urlTemplate\":\"https:\/\/luxmusicae.com\/?s={search_term_string}\"},\"query-input\":{\"@type\":\"PropertyValueSpecification\",\"valueRequired\":true,\"valueName\":\"search_term_string\"}}],\"inLanguage\":\"sv-SE\"},{\"@type\":\"Organization\",\"@id\":\"https:\/\/luxmusicae.com\/#organization\",\"name\":\"Lux Musicae 13.-15.11.2026\",\"url\":\"https:\/\/luxmusicae.com\/\",\"logo\":{\"@type\":\"ImageObject\",\"inLanguage\":\"sv-SE\",\"@id\":\"https:\/\/luxmusicae.com\/#\/schema\/logo\/image\/\",\"url\":\"https:\/\/i0.wp.com\/luxmusicae.com\/wp-content\/uploads\/2024\/07\/cropped-LuxMusicae2024_www_LOGO.png?fit=100%2C100&ssl=1\",\"contentUrl\":\"https:\/\/i0.wp.com\/luxmusicae.com\/wp-content\/uploads\/2024\/07\/cropped-LuxMusicae2024_www_LOGO.png?fit=100%2C100&ssl=1\",\"width\":100,\"height\":100,\"caption\":\"Lux Musicae 13.-15.11.2026\"},\"image\":{\"@id\":\"https:\/\/luxmusicae.com\/#\/schema\/logo\/image\/\"}}]}<\/script>\n<!-- \/ Yoast SEO plugin. -->","yoast_head_json":{"title":"Lux Musicae 13.-15.11.2026 - 30.9. Bellman-konserten p\u00e5 Hotel Siuntio kl. 18.","robots":{"index":"index","follow":"follow","max-snippet":"max-snippet:-1","max-image-preview":"max-image-preview:large","max-video-preview":"max-video-preview:-1"},"canonical":"https:\/\/luxmusicae.com\/siuntio-paivana-30-9-bellman-ilottelu-hotelli-siuntiossa-klo-18\/","og_locale":"sv_SE","og_type":"article","og_title":"Lux Musicae 13.-15.11.2026 - 30.9. Bellman-konserten p\u00e5 Hotel Siuntio kl. 18.","og_description":"Temat f\u00f6r Lux Musicae, &#8217;Lyssna: naturen talar \u2013 lyssna: naturen andas&#8217;, inkluderar inte bara konserter utan ocks\u00e5 f\u00f6rel\u00e4sningar och utst\u00e4llningar. Festivalen startar redan p\u00e5 l\u00f6rdagen den 30 september under Siuntio-dagen n\u00e4r vi kan koppla av vid k\u00e4llan, &#8217;Hvila vid denna k\u00e4llan.&#8217; Det \u00e4r en Bellman-f\u00f6rest\u00e4llning med Pentti Hild\u00e9n, Pauliina Fred, Anna Ruotsala och Markus Pelli [&hellip;]","og_url":"https:\/\/luxmusicae.com\/siuntio-paivana-30-9-bellman-ilottelu-hotelli-siuntiossa-klo-18\/","og_site_name":"Lux Musicae 13.-15.11.2026","article_modified_time":"2023-09-05T09:39:13+00:00","og_image":[{"width":1332,"height":666,"url":"https:\/\/i0.wp.com\/luxmusicae.com\/wp-content\/uploads\/2023\/08\/ef559ecf-7e09-45ec-b5e6-c24078717ab3.png?fit=1332%2C666&ssl=1","type":"image\/png"}],"twitter_card":"summary_large_image","schema":{"@context":"https:\/\/schema.org","@graph":[{"@type":"WebPage","@id":"https:\/\/luxmusicae.com\/siuntio-paivana-30-9-bellman-ilottelu-hotelli-siuntiossa-klo-18\/","url":"https:\/\/luxmusicae.com\/siuntio-paivana-30-9-bellman-ilottelu-hotelli-siuntiossa-klo-18\/","name":"Lux Musicae 13.-15.11.2026 - 30.9. Bellman-konserten p\u00e5 Hotel Siuntio kl. 18.","isPartOf":{"@id":"https:\/\/luxmusicae.com\/#website"},"primaryImageOfPage":{"@id":"https:\/\/luxmusicae.com\/siuntio-paivana-30-9-bellman-ilottelu-hotelli-siuntiossa-klo-18\/#primaryimage"},"image":{"@id":"https:\/\/luxmusicae.com\/siuntio-paivana-30-9-bellman-ilottelu-hotelli-siuntiossa-klo-18\/#primaryimage"},"thumbnailUrl":"https:\/\/i0.wp.com\/luxmusicae.com\/wp-content\/uploads\/2023\/08\/ef559ecf-7e09-45ec-b5e6-c24078717ab3.png?fit=1332%2C666&ssl=1","datePublished":"2023-09-05T09:39:11+00:00","dateModified":"2023-09-05T09:39:13+00:00","breadcrumb":{"@id":"https:\/\/luxmusicae.com\/siuntio-paivana-30-9-bellman-ilottelu-hotelli-siuntiossa-klo-18\/#breadcrumb"},"inLanguage":"sv-SE","potentialAction":[{"@type":"ReadAction","target":["https:\/\/luxmusicae.com\/siuntio-paivana-30-9-bellman-ilottelu-hotelli-siuntiossa-klo-18\/"]}]},{"@type":"ImageObject","inLanguage":"sv-SE","@id":"https:\/\/luxmusicae.com\/siuntio-paivana-30-9-bellman-ilottelu-hotelli-siuntiossa-klo-18\/#primaryimage","url":"https:\/\/i0.wp.com\/luxmusicae.com\/wp-content\/uploads\/2023\/08\/ef559ecf-7e09-45ec-b5e6-c24078717ab3.png?fit=1332%2C666&ssl=1","contentUrl":"https:\/\/i0.wp.com\/luxmusicae.com\/wp-content\/uploads\/2023\/08\/ef559ecf-7e09-45ec-b5e6-c24078717ab3.png?fit=1332%2C666&ssl=1","width":1332,"height":666},{"@type":"BreadcrumbList","@id":"https:\/\/luxmusicae.com\/siuntio-paivana-30-9-bellman-ilottelu-hotelli-siuntiossa-klo-18\/#breadcrumb","itemListElement":[{"@type":"ListItem","position":1,"name":"Etusivu","item":"https:\/\/luxmusicae.com\/"},{"@type":"ListItem","position":2,"name":"30.9. Bellman-konserten p\u00e5 Hotel Siuntio kl. 18."}]},{"@type":"WebSite","@id":"https:\/\/luxmusicae.com\/#website","url":"https:\/\/luxmusicae.com\/","name":"Lux Musicae 13.-15.11.2026","description":"Musiikkifestivaali Siuntiossa joka vuoden marraskuussa! - Musikfestival i Sjunde\u00e5. Varje \u00e5r i November! - Music Festival of Siuntio. Every year in november!","publisher":{"@id":"https:\/\/luxmusicae.com\/#organization"},"potentialAction":[{"@type":"SearchAction","target":{"@type":"EntryPoint","urlTemplate":"https:\/\/luxmusicae.com\/?s={search_term_string}"},"query-input":{"@type":"PropertyValueSpecification","valueRequired":true,"valueName":"search_term_string"}}],"inLanguage":"sv-SE"},{"@type":"Organization","@id":"https:\/\/luxmusicae.com\/#organization","name":"Lux Musicae 13.-15.11.2026","url":"https:\/\/luxmusicae.com\/","logo":{"@type":"ImageObject","inLanguage":"sv-SE","@id":"https:\/\/luxmusicae.com\/#\/schema\/logo\/image\/","url":"https:\/\/i0.wp.com\/luxmusicae.com\/wp-content\/uploads\/2024\/07\/cropped-LuxMusicae2024_www_LOGO.png?fit=100%2C100&ssl=1","contentUrl":"https:\/\/i0.wp.com\/luxmusicae.com\/wp-content\/uploads\/2024\/07\/cropped-LuxMusicae2024_www_LOGO.png?fit=100%2C100&ssl=1","width":100,"height":100,"caption":"Lux Musicae 13.-15.11.2026"},"image":{"@id":"https:\/\/luxmusicae.com\/#\/schema\/logo\/image\/"}}]}},"uagb_featured_image_src":{"full":["https:\/\/i0.wp.com\/luxmusicae.com\/wp-content\/uploads\/2023\/08\/ef559ecf-7e09-45ec-b5e6-c24078717ab3.png?fit=1332%2C666&ssl=1",1332,666,false],"thumbnail":["https:\/\/i0.wp.com\/luxmusicae.com\/wp-content\/uploads\/2023\/08\/ef559ecf-7e09-45ec-b5e6-c24078717ab3.png?resize=150%2C150&ssl=1",150,150,true],"medium":["https:\/\/i0.wp.com\/luxmusicae.com\/wp-content\/uploads\/2023\/08\/ef559ecf-7e09-45ec-b5e6-c24078717ab3.png?fit=300%2C150&ssl=1",300,150,true],"medium_large":["https:\/\/i0.wp.com\/luxmusicae.com\/wp-content\/uploads\/2023\/08\/ef559ecf-7e09-45ec-b5e6-c24078717ab3.png?fit=768%2C384&ssl=1",768,384,true],"large":["https:\/\/i0.wp.com\/luxmusicae.com\/wp-content\/uploads\/2023\/08\/ef559ecf-7e09-45ec-b5e6-c24078717ab3.png?fit=1024%2C512&ssl=1",1024,512,true],"1536x1536":["https:\/\/i0.wp.com\/luxmusicae.com\/wp-content\/uploads\/2023\/08\/ef559ecf-7e09-45ec-b5e6-c24078717ab3.png?fit=1332%2C666&ssl=1",1332,666,true],"2048x2048":["https:\/\/i0.wp.com\/luxmusicae.com\/wp-content\/uploads\/2023\/08\/ef559ecf-7e09-45ec-b5e6-c24078717ab3.png?fit=1332%2C666&ssl=1",1332,666,true],"ect-jetpack-portfolio-featured":["https:\/\/i0.wp.com\/luxmusicae.com\/wp-content\/uploads\/2023\/08\/ef559ecf-7e09-45ec-b5e6-c24078717ab3.png?resize=640%2C640&ssl=1",640,640,true],"ect-featured-content":["https:\/\/i0.wp.com\/luxmusicae.com\/wp-content\/uploads\/2023\/08\/ef559ecf-7e09-45ec-b5e6-c24078717ab3.png?resize=640%2C640&ssl=1",640,640,true],"jetpack-portfolio-admin-thumb":["https:\/\/i0.wp.com\/luxmusicae.com\/wp-content\/uploads\/2023\/08\/ef559ecf-7e09-45ec-b5e6-c24078717ab3.png?resize=50%2C50&ssl=1",50,50,true],"featured-content-admin-thumb":["https:\/\/i0.wp.com\/luxmusicae.com\/wp-content\/uploads\/2023\/08\/ef559ecf-7e09-45ec-b5e6-c24078717ab3.png?resize=50%2C50&ssl=1",50,50,true]},"uagb_author_info":{"display_name":"Lux Musicae Admin","author_link":"https:\/\/luxmusicae.com\/sv\/author\/admin\/"},"uagb_comment_info":0,"uagb_excerpt":"Temat f\u00f6r Lux Musicae, &#8217;Lyssna: naturen talar \u2013 lyssna: naturen andas&#8217;, inkluderar inte bara konserter utan ocks\u00e5 f\u00f6rel\u00e4sningar och utst\u00e4llningar. Festivalen startar redan p\u00e5 l\u00f6rdagen den 30 september under Siuntio-dagen n\u00e4r vi kan koppla av vid k\u00e4llan, &#8217;Hvila vid denna k\u00e4llan.&#8217; Det \u00e4r en Bellman-f\u00f6rest\u00e4llning med Pentti Hild\u00e9n, Pauliina Fred, Anna Ruotsala och Markus Pelli&hellip;","jetpack_shortlink":"https:\/\/wp.me\/P968cz-1ih","jetpack_sharing_enabled":true,"_links":{"self":[{"href":"https:\/\/luxmusicae.com\/sv\/wp-json\/wp\/v2\/pages\/4977","targetHints":{"allow":["GET"]}}],"collection":[{"href":"https:\/\/luxmusicae.com\/sv\/wp-json\/wp\/v2\/pages"}],"about":[{"href":"https:\/\/luxmusicae.com\/sv\/wp-json\/wp\/v2\/types\/page"}],"author":[{"embeddable":true,"href":"https:\/\/luxmusicae.com\/sv\/wp-json\/wp\/v2\/users\/1"}],"replies":[{"embeddable":true,"href":"https:\/\/luxmusicae.com\/sv\/wp-json\/wp\/v2\/comments?post=4977"}],"version-history":[{"count":1,"href":"https:\/\/luxmusicae.com\/sv\/wp-json\/wp\/v2\/pages\/4977\/revisions"}],"predecessor-version":[{"id":4978,"href":"https:\/\/luxmusicae.com\/sv\/wp-json\/wp\/v2\/pages\/4977\/revisions\/4978"}],"wp:featuredmedia":[{"embeddable":true,"href":"https:\/\/luxmusicae.com\/sv\/wp-json\/wp\/v2\/media\/4965"}],"wp:attachment":[{"href":"https:\/\/luxmusicae.com\/sv\/wp-json\/wp\/v2\/media?parent=4977"}],"curies":[{"name":"wp","href":"https:\/\/api.w.org\/{rel}","templated":true}]}}