{"id":4851,"date":"2023-06-05T15:00:55","date_gmt":"2023-06-05T12:00:55","guid":{"rendered":"https:\/\/luxmusicae.com\/?page_id=4851"},"modified":"2023-10-13T17:39:01","modified_gmt":"2023-10-13T14:39:01","slug":"fredag-17-11-2023","status":"publish","type":"page","link":"https:\/\/luxmusicae.com\/sv\/fredag-17-11-2023\/","title":{"rendered":"Fredag 17.11.2023"},"content":{"rendered":"\n<p><strong>Natur i k\u00e4nslan<\/strong> -konsert i S:t Petri kyrka i Sjunde\u00e5 kl 19.00.<\/p>\n\n\n\n<p>Pianist <strong>Janne Mertanen<\/strong>s repertoar inneh\u00e5ller 1900-talets finl\u00e4ndska pianomusik. \u00c4ven landskapen i Norra Karelen och k\u00e4nslominnen f\u00f6rmedlas p\u00e5 ett utm\u00e4rkt s\u00e4tt i programmet.<\/p>\n\n\n\n<p>Av komposit\u00f6rerna i programmet f\u00f6ddes <strong>Heino Kaski <\/strong>den 21 juni 1885 i Norra Karelen, vid Pielinen i Lieksa, och dog en dag f\u00f6re <strong>Sibelius<\/strong>, den 19 september 1957. Hans far var &#8221;klockare&#8221;. Kaski f\u00f6rlorade sin mor som sp\u00e4dbarn. Komposit\u00f6ren sj\u00e4lv tror att hans k\u00e4nslighet h\u00e4rstammade fr\u00e5n modern och att hans liv skulle ha varit helt annorlunda om han hade kunnat f\u00e5 moderns k\u00e4rlek l\u00e4ngre.<\/p>\n\n\n\n<p>Heino Kaskis produktion inkluderar, f\u00f6rutom en symfoni (som han komponerade under f\u00f6rsta v\u00e4rldskrigets tumult), fyra orkestersviter, kammarmusik, teatermusik, \u00f6ver hundra pianokompositioner, \u00f6ver hundra solos\u00e5nger, ett halvhundratal k\u00f6rkompositioner och m\u00e5nga skoll\u00e5tar.<\/p>\n\n\n\n<p>S\u00e4rskilt \u00e4r Kaski k\u00e4nd som en skicklig komposit\u00f6r av lyriska pianostycken och melodiska solos\u00e5nger. Janne Mertanen \u00e4r en subtil tolk av Kaskis pianostycken och har spelat in dem.<\/p>\n\n\n\n<p>I ungdomen betraktades Kaski som ett lovande musikaliskt geni, men det s\u00e4gs att han aldrig helt levde upp till de f\u00f6rv\u00e4ntningar som st\u00e4lldes p\u00e5 honom. Kaski var dock en naturlig kreativ beg\u00e5vning, en melodisk lyrisk och han str\u00e4vade inte efter modernistisk uttryck, p\u00e5verkades inte av de str\u00f6mningar som fanns p\u00e5 1920-talet. Kaski arbetade som musikl\u00e4rare och fick barn att sjunga.<\/p>\n\n\n\n<p><strong>Joonas Kokkonen<\/strong>, f\u00f6dd 1921 i Idenaslmi bodde p\u00e5 Villa Kokkonen i Tr\u00e4s\u00e4nda och dog 1996. Han var medlem i Finlands Akademi, musikp\u00e5verkare och framf\u00f6r allt komposit\u00f6r av operan &#8221;De sista frestelserna&#8221;.<\/p>\n\n\n\n<p>Han arbetade l\u00e4nge som professor vid Sibelius-Akademin. Kokkonen studerade komposition under <strong>Aarre  Merikanto<\/strong>. Kokkonens kompositionsstuderande har i sin tur blivit k\u00e4nda p\u00e5verkare inom nutida finl\u00e4ndsk musik.<\/p>\n\n\n\n<p>I Kokkonens omfattande produktion ing\u00e5r symfonier, orkester- och kammarmusik, orgel- och k\u00f6rverk, samt \u00e4ven pianoverk, varav Pielavesisviten tar oss tillbaka till Norra Karelen.<\/p>\n\n\n\n<p><strong>Selim Palmgren<\/strong> (1878-1951) lade grunden till den finska pianomusiken och var den f\u00f6rsta finl\u00e4ndska komposit\u00f6ren av pianokonserter. Som kreat\u00f6r och framf\u00f6rande konstn\u00e4r uppn\u00e5dde han stor internationell respekt som tolkare av sina verk. Han var en betydande inflytelse i Finlands musikliv p\u00e5 1930- och 1940-talen och utn\u00e4mndes till den f\u00f6rsta professorn i komposition vid Sibelius-Akademin.<\/p>\n\n\n\n<p>Palmgren komponerade \u00f6ver 300 stycken f\u00f6r piano. Han komponerade ocks\u00e5 k\u00f6rverk, fem pianokonserter och operan <em>Daniel Hjort <\/em>(1907-1910, finsk version 1929 och helt omarbetad version 1938), baserad p\u00e5 <strong>J.J. Wecksells<\/strong> pj\u00e4s med samma namn. I Palmgrens produktion finns influenser s\u00e4rskilt fr\u00e5n impressionismen. Samtida beskrev honom som &#8221;Nordens Chopin&#8221;.<\/p>\n\n\n\n<p>Selim Palmgren f\u00f6reningen  hedrar minnet av Palmgren som en del av det svenskspr\u00e5kiga kulturarvet i Finland.<\/p>\n\n\n\n<p><strong>Jean Sibelius<\/strong> kompositioner str\u00e4cker sig fr\u00e4mst \u00f6ver fem \u00e5rtionden fr\u00e5n b\u00f6rjan av 1880-talet till slutet av 1920-talet. Hans stilistiska utveckling fr\u00e5n tidig romantik, genom nationell romantik och de mellanliggande faserna av expressionism och impressionism, mot f\u00f6rnyelsen av symfoniskt t\u00e4nkande, \u00e4r av stor betydelse och ett \u00e4mne f\u00f6r outt\u00f6mlig forskning. Sibelius och hans musik har blivit en central del av den finska identiteten och en bro till v\u00e5rt musikaliska f\u00f6rh\u00e5llande till naturen.<\/p>\n\n\n\n<p><strong>Program:<\/strong><\/p>\n\n\n\n<p><strong>Jean Sibelius<\/strong>:<\/p>\n\n\n\n<p> Finska folks\u00e5ngsarrangemang f\u00f6r piano JS 81<\/p>\n\n\n\n<p>-Minun kultani<\/p>\n\n\n\n<p>-Syd\u00e4mest\u00e4ni rakastan<\/p>\n\n\n\n<p>-Ilta tulee, ehtoo joutuu<\/p>\n\n\n\n<p>-Tuopa tytt\u00f6, kaunis tytt\u00f6 kanteletta soittaa<\/p>\n\n\n\n<p>-Velisurmaaja<\/p>\n\n\n\n<p>-H\u00e4\u00e4muistelma<\/p>\n\n\n\n<p><strong>Selim Palmgren<\/strong>:&nbsp;<\/p>\n\n\n\n<p>Kev\u00e4ty\u00f6-Majnatt Op.27\/4<\/p>\n\n\n\n<p><strong>Jean Sibelius<\/strong>:<\/p>\n\n\n\n<p>Sex Impromptu op.5<\/p>\n\n\n\n<p>-Moderato<\/p>\n\n\n\n<p>-Lento-vivace<\/p>\n\n\n\n<p>-Moderato (alla marcia)<\/p>\n\n\n\n<p>-Andantino<\/p>\n\n\n\n<p>-Vivace<\/p>\n\n\n\n<p>-Comodo<\/p>\n\n\n\n<p><em>Paus<\/em><\/p>\n\n\n\n<p><strong>Joonas Kokkonen<\/strong>:<\/p>\n\n\n\n<p>Pielavesi-serier<\/p>\n\n\n\n<p>-Preludietto<\/p>\n\n\n\n<p>-Nocturne<\/p>\n\n\n\n<p>-Sade<\/p>\n\n\n\n<p>-Iltapilvi\u00e4<\/p>\n\n\n\n<p>-Aamutuuli<\/p>\n\n\n\n<p><strong>Jean Sibelius<\/strong>:&nbsp;<\/p>\n\n\n\n<p>Cinq morceaux pour piano op.75<\/p>\n\n\n\n<p>-N\u00e4r r\u00f6nnen blommar<\/p>\n\n\n\n<p>-Den ensamma furan<\/p>\n\n\n\n<p>-Aspen<\/p>\n\n\n\n<p>-Bj\u00f6rken<\/p>\n\n\n\n<p>-Granen<\/p>\n\n\n\n<p><strong>Heino Kaski<\/strong>:<\/p>\n\n\n\n<p>Walamo Op.48 nro 3<\/p>\n\n\n\n<p>Vuotenpaikkojen iltasoitto op.15 nro 1<\/p>\n\n\n\n<p>Y\u00f6 meren rannalla Op.34 nro 1<\/p>\n\n\n\n<p>Pankakoski Op.48 nro 1<\/p>\n\n\n\n<p>Konsertens l\u00e4ngd 1 h 30 min med paus<\/p>\n\n\n\n<p>L\u00e4s mera: <\/p>\n\n\n\n<p><a href=\"https:\/\/www.google.com\/url?sa=t&amp;rct=j&amp;q=&amp;esrc=s&amp;source=web&amp;cd=&amp;ved=2ahUKEwi7g_eYxPCBAxX9GRAIHQm3CGcQFnoECCAQAQ&amp;url=https%3A%2F%2Fwww.jannemertanen.com%2F&amp;usg=AOvVaw2NPXARXh5-9q1MCH_ovHt8&amp;opi=89978449\">https:\/\/www.jannemertanen.com<\/a><\/p>\n\n\n\n<p><a href=\"https:\/\/www.lippu.fi\/sv\/event\/lux-musicae-kuuntele-luonto-puhuu-siuntion-pyhaen-pietarin-kirkko-17556537\/\">K\u00f6p biljetter till den h\u00e4r konserten<\/a><\/p>\n","protected":false},"excerpt":{"rendered":"<p>Natur i k\u00e4nslan -konsert i S:t Petri kyrka i Sjunde\u00e5 kl 19.00. Pianist Janne Mertanens repertoar inneh\u00e5ller 1900-talets finl\u00e4ndska pianomusik. \u00c4ven landskapen i Norra Karelen och k\u00e4nslominnen f\u00f6rmedlas p\u00e5 ett utm\u00e4rkt s\u00e4tt i programmet. Av komposit\u00f6rerna i programmet f\u00f6ddes Heino Kaski den 21 juni 1885 i Norra Karelen, vid Pielinen i Lieksa, och dog en [&hellip;]<\/p>\n","protected":false},"author":1,"featured_media":4742,"parent":0,"menu_order":0,"comment_status":"closed","ping_status":"closed","template":"","meta":{"_uag_custom_page_level_css":"","jetpack_post_was_ever_published":false,"footnotes":""},"class_list":["post-4851","page","type-page","status-publish","has-post-thumbnail","hentry"],"yoast_head":"<!-- This site is optimized with the Yoast SEO plugin v26.8 - https:\/\/yoast.com\/product\/yoast-seo-wordpress\/ -->\n<title>Lux Musicae 13.-15.11.2026 - Fredag 17.11.2023<\/title>\n<meta name=\"robots\" content=\"index, follow, max-snippet:-1, max-image-preview:large, max-video-preview:-1\" \/>\n<link rel=\"canonical\" href=\"https:\/\/luxmusicae.com\/perjantai-17-11-2023\/\" \/>\n<meta property=\"og:locale\" content=\"sv_SE\" \/>\n<meta property=\"og:type\" content=\"article\" \/>\n<meta property=\"og:title\" content=\"Lux Musicae 13.-15.11.2026 - Fredag 17.11.2023\" \/>\n<meta property=\"og:description\" content=\"Natur i k\u00e4nslan -konsert i S:t Petri kyrka i Sjunde\u00e5 kl 19.00. Pianist Janne Mertanens repertoar inneh\u00e5ller 1900-talets finl\u00e4ndska pianomusik. \u00c4ven landskapen i Norra Karelen och k\u00e4nslominnen f\u00f6rmedlas p\u00e5 ett utm\u00e4rkt s\u00e4tt i programmet. Av komposit\u00f6rerna i programmet f\u00f6ddes Heino Kaski den 21 juni 1885 i Norra Karelen, vid Pielinen i Lieksa, och dog en [&hellip;]\" \/>\n<meta property=\"og:url\" content=\"https:\/\/luxmusicae.com\/perjantai-17-11-2023\/\" \/>\n<meta property=\"og:site_name\" content=\"Lux Musicae 13.-15.11.2026\" \/>\n<meta property=\"article:modified_time\" content=\"2023-10-13T14:39:01+00:00\" \/>\n<meta property=\"og:image\" content=\"https:\/\/i0.wp.com\/luxmusicae.com\/wp-content\/uploads\/2023\/05\/LuxMusicae2023_www_DATE_FRI.jpg?fit=1500%2C1500&ssl=1\" \/>\n\t<meta property=\"og:image:width\" content=\"1500\" \/>\n\t<meta property=\"og:image:height\" content=\"1500\" \/>\n\t<meta property=\"og:image:type\" content=\"image\/jpeg\" \/>\n<meta name=\"twitter:card\" content=\"summary_large_image\" \/>\n<meta name=\"twitter:label1\" content=\"Ber\u00e4knad l\u00e4stid\" \/>\n\t<meta name=\"twitter:data1\" content=\"3 minuter\" \/>\n<script type=\"application\/ld+json\" class=\"yoast-schema-graph\">{\"@context\":\"https:\/\/schema.org\",\"@graph\":[{\"@type\":\"WebPage\",\"@id\":\"https:\/\/luxmusicae.com\/perjantai-17-11-2023\/\",\"url\":\"https:\/\/luxmusicae.com\/perjantai-17-11-2023\/\",\"name\":\"Lux Musicae 13.-15.11.2026 - Fredag 17.11.2023\",\"isPartOf\":{\"@id\":\"https:\/\/luxmusicae.com\/#website\"},\"primaryImageOfPage\":{\"@id\":\"https:\/\/luxmusicae.com\/perjantai-17-11-2023\/#primaryimage\"},\"image\":{\"@id\":\"https:\/\/luxmusicae.com\/perjantai-17-11-2023\/#primaryimage\"},\"thumbnailUrl\":\"https:\/\/i0.wp.com\/luxmusicae.com\/wp-content\/uploads\/2023\/05\/LuxMusicae2023_www_DATE_FRI.jpg?fit=1500%2C1500&ssl=1\",\"datePublished\":\"2023-06-05T12:00:55+00:00\",\"dateModified\":\"2023-10-13T14:39:01+00:00\",\"breadcrumb\":{\"@id\":\"https:\/\/luxmusicae.com\/perjantai-17-11-2023\/#breadcrumb\"},\"inLanguage\":\"sv-SE\",\"potentialAction\":[{\"@type\":\"ReadAction\",\"target\":[\"https:\/\/luxmusicae.com\/perjantai-17-11-2023\/\"]}]},{\"@type\":\"ImageObject\",\"inLanguage\":\"sv-SE\",\"@id\":\"https:\/\/luxmusicae.com\/perjantai-17-11-2023\/#primaryimage\",\"url\":\"https:\/\/i0.wp.com\/luxmusicae.com\/wp-content\/uploads\/2023\/05\/LuxMusicae2023_www_DATE_FRI.jpg?fit=1500%2C1500&ssl=1\",\"contentUrl\":\"https:\/\/i0.wp.com\/luxmusicae.com\/wp-content\/uploads\/2023\/05\/LuxMusicae2023_www_DATE_FRI.jpg?fit=1500%2C1500&ssl=1\",\"width\":1500,\"height\":1500},{\"@type\":\"BreadcrumbList\",\"@id\":\"https:\/\/luxmusicae.com\/perjantai-17-11-2023\/#breadcrumb\",\"itemListElement\":[{\"@type\":\"ListItem\",\"position\":1,\"name\":\"Etusivu\",\"item\":\"https:\/\/luxmusicae.com\/\"},{\"@type\":\"ListItem\",\"position\":2,\"name\":\"Fredag 17.11.2023\"}]},{\"@type\":\"WebSite\",\"@id\":\"https:\/\/luxmusicae.com\/#website\",\"url\":\"https:\/\/luxmusicae.com\/\",\"name\":\"Lux Musicae 13.-15.11.2026\",\"description\":\"Musiikkifestivaali Siuntiossa joka vuoden marraskuussa! - Musikfestival i Sjunde\u00e5. Varje \u00e5r i November! - Music Festival of Siuntio. Every year in november!\",\"publisher\":{\"@id\":\"https:\/\/luxmusicae.com\/#organization\"},\"potentialAction\":[{\"@type\":\"SearchAction\",\"target\":{\"@type\":\"EntryPoint\",\"urlTemplate\":\"https:\/\/luxmusicae.com\/?s={search_term_string}\"},\"query-input\":{\"@type\":\"PropertyValueSpecification\",\"valueRequired\":true,\"valueName\":\"search_term_string\"}}],\"inLanguage\":\"sv-SE\"},{\"@type\":\"Organization\",\"@id\":\"https:\/\/luxmusicae.com\/#organization\",\"name\":\"Lux Musicae 13.-15.11.2026\",\"url\":\"https:\/\/luxmusicae.com\/\",\"logo\":{\"@type\":\"ImageObject\",\"inLanguage\":\"sv-SE\",\"@id\":\"https:\/\/luxmusicae.com\/#\/schema\/logo\/image\/\",\"url\":\"https:\/\/i0.wp.com\/luxmusicae.com\/wp-content\/uploads\/2024\/07\/cropped-LuxMusicae2024_www_LOGO.png?fit=100%2C100&ssl=1\",\"contentUrl\":\"https:\/\/i0.wp.com\/luxmusicae.com\/wp-content\/uploads\/2024\/07\/cropped-LuxMusicae2024_www_LOGO.png?fit=100%2C100&ssl=1\",\"width\":100,\"height\":100,\"caption\":\"Lux Musicae 13.-15.11.2026\"},\"image\":{\"@id\":\"https:\/\/luxmusicae.com\/#\/schema\/logo\/image\/\"}}]}<\/script>\n<!-- \/ Yoast SEO plugin. -->","yoast_head_json":{"title":"Lux Musicae 13.-15.11.2026 - Fredag 17.11.2023","robots":{"index":"index","follow":"follow","max-snippet":"max-snippet:-1","max-image-preview":"max-image-preview:large","max-video-preview":"max-video-preview:-1"},"canonical":"https:\/\/luxmusicae.com\/perjantai-17-11-2023\/","og_locale":"sv_SE","og_type":"article","og_title":"Lux Musicae 13.-15.11.2026 - Fredag 17.11.2023","og_description":"Natur i k\u00e4nslan -konsert i S:t Petri kyrka i Sjunde\u00e5 kl 19.00. Pianist Janne Mertanens repertoar inneh\u00e5ller 1900-talets finl\u00e4ndska pianomusik. \u00c4ven landskapen i Norra Karelen och k\u00e4nslominnen f\u00f6rmedlas p\u00e5 ett utm\u00e4rkt s\u00e4tt i programmet. Av komposit\u00f6rerna i programmet f\u00f6ddes Heino Kaski den 21 juni 1885 i Norra Karelen, vid Pielinen i Lieksa, och dog en [&hellip;]","og_url":"https:\/\/luxmusicae.com\/perjantai-17-11-2023\/","og_site_name":"Lux Musicae 13.-15.11.2026","article_modified_time":"2023-10-13T14:39:01+00:00","og_image":[{"width":1500,"height":1500,"url":"https:\/\/i0.wp.com\/luxmusicae.com\/wp-content\/uploads\/2023\/05\/LuxMusicae2023_www_DATE_FRI.jpg?fit=1500%2C1500&ssl=1","type":"image\/jpeg"}],"twitter_card":"summary_large_image","twitter_misc":{"Ber\u00e4knad l\u00e4stid":"3 minuter"},"schema":{"@context":"https:\/\/schema.org","@graph":[{"@type":"WebPage","@id":"https:\/\/luxmusicae.com\/perjantai-17-11-2023\/","url":"https:\/\/luxmusicae.com\/perjantai-17-11-2023\/","name":"Lux Musicae 13.-15.11.2026 - Fredag 17.11.2023","isPartOf":{"@id":"https:\/\/luxmusicae.com\/#website"},"primaryImageOfPage":{"@id":"https:\/\/luxmusicae.com\/perjantai-17-11-2023\/#primaryimage"},"image":{"@id":"https:\/\/luxmusicae.com\/perjantai-17-11-2023\/#primaryimage"},"thumbnailUrl":"https:\/\/i0.wp.com\/luxmusicae.com\/wp-content\/uploads\/2023\/05\/LuxMusicae2023_www_DATE_FRI.jpg?fit=1500%2C1500&ssl=1","datePublished":"2023-06-05T12:00:55+00:00","dateModified":"2023-10-13T14:39:01+00:00","breadcrumb":{"@id":"https:\/\/luxmusicae.com\/perjantai-17-11-2023\/#breadcrumb"},"inLanguage":"sv-SE","potentialAction":[{"@type":"ReadAction","target":["https:\/\/luxmusicae.com\/perjantai-17-11-2023\/"]}]},{"@type":"ImageObject","inLanguage":"sv-SE","@id":"https:\/\/luxmusicae.com\/perjantai-17-11-2023\/#primaryimage","url":"https:\/\/i0.wp.com\/luxmusicae.com\/wp-content\/uploads\/2023\/05\/LuxMusicae2023_www_DATE_FRI.jpg?fit=1500%2C1500&ssl=1","contentUrl":"https:\/\/i0.wp.com\/luxmusicae.com\/wp-content\/uploads\/2023\/05\/LuxMusicae2023_www_DATE_FRI.jpg?fit=1500%2C1500&ssl=1","width":1500,"height":1500},{"@type":"BreadcrumbList","@id":"https:\/\/luxmusicae.com\/perjantai-17-11-2023\/#breadcrumb","itemListElement":[{"@type":"ListItem","position":1,"name":"Etusivu","item":"https:\/\/luxmusicae.com\/"},{"@type":"ListItem","position":2,"name":"Fredag 17.11.2023"}]},{"@type":"WebSite","@id":"https:\/\/luxmusicae.com\/#website","url":"https:\/\/luxmusicae.com\/","name":"Lux Musicae 13.-15.11.2026","description":"Musiikkifestivaali Siuntiossa joka vuoden marraskuussa! - Musikfestival i Sjunde\u00e5. Varje \u00e5r i November! - Music Festival of Siuntio. Every year in november!","publisher":{"@id":"https:\/\/luxmusicae.com\/#organization"},"potentialAction":[{"@type":"SearchAction","target":{"@type":"EntryPoint","urlTemplate":"https:\/\/luxmusicae.com\/?s={search_term_string}"},"query-input":{"@type":"PropertyValueSpecification","valueRequired":true,"valueName":"search_term_string"}}],"inLanguage":"sv-SE"},{"@type":"Organization","@id":"https:\/\/luxmusicae.com\/#organization","name":"Lux Musicae 13.-15.11.2026","url":"https:\/\/luxmusicae.com\/","logo":{"@type":"ImageObject","inLanguage":"sv-SE","@id":"https:\/\/luxmusicae.com\/#\/schema\/logo\/image\/","url":"https:\/\/i0.wp.com\/luxmusicae.com\/wp-content\/uploads\/2024\/07\/cropped-LuxMusicae2024_www_LOGO.png?fit=100%2C100&ssl=1","contentUrl":"https:\/\/i0.wp.com\/luxmusicae.com\/wp-content\/uploads\/2024\/07\/cropped-LuxMusicae2024_www_LOGO.png?fit=100%2C100&ssl=1","width":100,"height":100,"caption":"Lux Musicae 13.-15.11.2026"},"image":{"@id":"https:\/\/luxmusicae.com\/#\/schema\/logo\/image\/"}}]}},"uagb_featured_image_src":{"full":["https:\/\/i0.wp.com\/luxmusicae.com\/wp-content\/uploads\/2023\/05\/LuxMusicae2023_www_DATE_FRI.jpg?fit=1500%2C1500&ssl=1",1500,1500,false],"thumbnail":["https:\/\/i0.wp.com\/luxmusicae.com\/wp-content\/uploads\/2023\/05\/LuxMusicae2023_www_DATE_FRI.jpg?resize=150%2C150&ssl=1",150,150,true],"medium":["https:\/\/i0.wp.com\/luxmusicae.com\/wp-content\/uploads\/2023\/05\/LuxMusicae2023_www_DATE_FRI.jpg?fit=300%2C300&ssl=1",300,300,true],"medium_large":["https:\/\/i0.wp.com\/luxmusicae.com\/wp-content\/uploads\/2023\/05\/LuxMusicae2023_www_DATE_FRI.jpg?fit=768%2C768&ssl=1",768,768,true],"large":["https:\/\/i0.wp.com\/luxmusicae.com\/wp-content\/uploads\/2023\/05\/LuxMusicae2023_www_DATE_FRI.jpg?fit=1024%2C1024&ssl=1",1024,1024,true],"1536x1536":["https:\/\/i0.wp.com\/luxmusicae.com\/wp-content\/uploads\/2023\/05\/LuxMusicae2023_www_DATE_FRI.jpg?fit=1500%2C1500&ssl=1",1500,1500,true],"2048x2048":["https:\/\/i0.wp.com\/luxmusicae.com\/wp-content\/uploads\/2023\/05\/LuxMusicae2023_www_DATE_FRI.jpg?fit=1500%2C1500&ssl=1",1500,1500,true],"ect-jetpack-portfolio-featured":["https:\/\/i0.wp.com\/luxmusicae.com\/wp-content\/uploads\/2023\/05\/LuxMusicae2023_www_DATE_FRI.jpg?resize=640%2C640&ssl=1",640,640,true],"ect-featured-content":["https:\/\/i0.wp.com\/luxmusicae.com\/wp-content\/uploads\/2023\/05\/LuxMusicae2023_www_DATE_FRI.jpg?resize=640%2C640&ssl=1",640,640,true],"jetpack-portfolio-admin-thumb":["https:\/\/i0.wp.com\/luxmusicae.com\/wp-content\/uploads\/2023\/05\/LuxMusicae2023_www_DATE_FRI.jpg?resize=50%2C50&ssl=1",50,50,true],"featured-content-admin-thumb":["https:\/\/i0.wp.com\/luxmusicae.com\/wp-content\/uploads\/2023\/05\/LuxMusicae2023_www_DATE_FRI.jpg?resize=50%2C50&ssl=1",50,50,true]},"uagb_author_info":{"display_name":"Lux Musicae Admin","author_link":"https:\/\/luxmusicae.com\/sv\/author\/admin\/"},"uagb_comment_info":0,"uagb_excerpt":"Natur i k\u00e4nslan -konsert i S:t Petri kyrka i Sjunde\u00e5 kl 19.00. Pianist Janne Mertanens repertoar inneh\u00e5ller 1900-talets finl\u00e4ndska pianomusik. \u00c4ven landskapen i Norra Karelen och k\u00e4nslominnen f\u00f6rmedlas p\u00e5 ett utm\u00e4rkt s\u00e4tt i programmet. Av komposit\u00f6rerna i programmet f\u00f6ddes Heino Kaski den 21 juni 1885 i Norra Karelen, vid Pielinen i Lieksa, och dog en&hellip;","jetpack_shortlink":"https:\/\/wp.me\/P968cz-1gf","jetpack_sharing_enabled":true,"_links":{"self":[{"href":"https:\/\/luxmusicae.com\/sv\/wp-json\/wp\/v2\/pages\/4851","targetHints":{"allow":["GET"]}}],"collection":[{"href":"https:\/\/luxmusicae.com\/sv\/wp-json\/wp\/v2\/pages"}],"about":[{"href":"https:\/\/luxmusicae.com\/sv\/wp-json\/wp\/v2\/types\/page"}],"author":[{"embeddable":true,"href":"https:\/\/luxmusicae.com\/sv\/wp-json\/wp\/v2\/users\/1"}],"replies":[{"embeddable":true,"href":"https:\/\/luxmusicae.com\/sv\/wp-json\/wp\/v2\/comments?post=4851"}],"version-history":[{"count":11,"href":"https:\/\/luxmusicae.com\/sv\/wp-json\/wp\/v2\/pages\/4851\/revisions"}],"predecessor-version":[{"id":5161,"href":"https:\/\/luxmusicae.com\/sv\/wp-json\/wp\/v2\/pages\/4851\/revisions\/5161"}],"wp:featuredmedia":[{"embeddable":true,"href":"https:\/\/luxmusicae.com\/sv\/wp-json\/wp\/v2\/media\/4742"}],"wp:attachment":[{"href":"https:\/\/luxmusicae.com\/sv\/wp-json\/wp\/v2\/media?parent=4851"}],"curies":[{"name":"wp","href":"https:\/\/api.w.org\/{rel}","templated":true}]}}