{"id":3967,"date":"2021-09-07T15:45:10","date_gmt":"2021-09-07T12:45:10","guid":{"rendered":"https:\/\/luxmusicae.com\/?page_id=3967"},"modified":"2021-10-11T09:41:26","modified_gmt":"2021-10-11T06:41:26","slug":"fredag-19-11-2021","status":"publish","type":"page","link":"https:\/\/luxmusicae.com\/sv\/fredag-19-11-2021\/","title":{"rendered":"Fredag 19.11.2021"},"content":{"rendered":"\n<p>Sjunde\u00e5 S:t Petri kyrka kl 19<\/p>\n\n\n\n<p><strong>Frid i v\u00e5r tid<\/strong><\/p>\n\n\n\n<p>Komposit\u00f6rer<strong> Gustav Holst<\/strong>, <strong>Peter Grans<\/strong> (uruppf\u00f6rande), <strong>Nino Rota<\/strong>, <strong>Tomi R\u00e4is\u00e4nen<\/strong> (uruppf\u00f6rande av det segrande verket i t\u00e4vlingen Sjunde\u00e5 560).<\/p>\n\n\n\n<p><strong>Tomi R\u00e4is\u00e4nen<\/strong> beskriver sitt verk s\u00e5 h\u00e4r: \u201d<em>Tele<\/em> \u00e4r skriven f\u00f6r en septett och f\u00f6r televisionen och \u00e4r starkt f\u00f6rknippad med coronatiden. P\u00e5 grund av pandemin regleras och begr\u00e4nsas de sociala kontakterna, resandet har avstannat, distansarbete har ersatt jobbet p\u00e5 arbetsplatser och skolg\u00e5ngen har f\u00f6rvandlats till distansstudier.<\/p>\n\n\n\n<p>I det h\u00e4r verket spelar det spatiala, det rumsliga en stor roll: musikerna r\u00f6r sig oavbrutet och g\u00e5r omkring i scenrummet. Liksom de st\u00e4ndigt f\u00f6r\u00e4ndrade coronabegr\u00e4nsningarna v\u00e4xlar musikerna i antal p\u00e5 scenen. Som en hackig videof\u00f6rhandling f\u00f6rorsakar musikernas avst\u00e5nd och brist p\u00e5 \u00f6gonkontakt sk\u00e4rvor och osk\u00e4rpa i den musikaliska kommunikationen; samspelet lider och brister s\u00f6nder i aleatoriska (slumpm\u00e4ssiga\/of\u00f6ruts\u00e4gbara) fragment.\u201d<\/p>\n\n\n\n<p><strong>Peter Grans<\/strong> har dedicerat sitt verk till Sjunde\u00e5 S:t Petri kyrka, som \u00e4r fr\u00e5n \u00e5r 1460. \u201dUnder historiens f\u00f6rlopp har m\u00e4nniskorna upplevt b\u00e5de motg\u00e5ng (skuggor) och goda tider (ljus). Mellan de olika faserna f\u00f6rekommer traditionell s\u00e5ng \u2013 psalm (cantilena), som kanske har bringat tr\u00f6st ocks\u00e5 under sv\u00e5ra tider.\u201d<\/p>\n\n\n\n<p><strong>Gustav Holst<\/strong> (1874 &#8211; 1934) \u00e4r en brittisk tons\u00e4ttare, arrang\u00f6r och l\u00e4rare. Han \u00e4r fr\u00e4mst k\u00e4nd f\u00f6r sin orkesterserie <em>the Planets<\/em> (planeterna). Holst var s\u00e4rskilt intresserad av folks\u00e5nger. Deras enkelhet och monotona framf\u00f6rande var det som attraherade honom.<\/p>\n\n\n\n<p><strong>Nino Rota<\/strong> (1911 &#8211; 1979) \u00e4r f\u00f6r sin del mest k\u00e4nd f\u00f6r sin filmmusik (s\u00e4rskilt Fellini, Visconti och Coppola) men som komposit\u00f6r, pianist och kapellm\u00e4stare var hans musikaliska produktion mycket st\u00f6rre \u00e4n s\u00e5. Den omfattar bland annat piano-, s\u00e5ng- och kammarmusik, operor och symfonier.<\/p>\n\n\n\n<p>Program:<\/p>\n\n\n\n<p><strong>Gustav Holst<\/strong>: <em>En serie med tre l\u00e5tar<\/em><\/p>\n\n\n\n<p>Sopran Helena Juntunen och Tero Latvala violin<\/p>\n\n\n\n<p><strong>Peter Grans<\/strong>: <em>Meditation Lux<\/em> (Varjoja, Cantilena, Valoa)<\/p>\n\n\n\n<p>Mari Kunnari fl\u00f6jt, Kimmo Lepp\u00e4l\u00e4 klarinett, Tuomas Harri valthorn, Tero Latvala violin, Jukka Tyrv\u00e4inen cello, Pauliina Kallio harpa<\/p>\n\n\n\n<p><strong>Nino Rota<\/strong>: <em>Sonaten f\u00f6r fl\u00f6jt och harpa<\/em><\/p>\n\n\n\n<p>Mari Kunnari fl\u00f6jt, Pauliina Kallio, harpa<\/p>\n\n\n\n<p><strong>Tomi R\u00e4is\u00e4nen<\/strong>: <em>Tele<\/em> (I. Scope, II. Commuting, III. Path, IV. Tubby, V. Vision, VI. Metric, VII. Port, VIII. Shopping ja IX. Kinesis)<\/p>\n\n\n\n<p>Mari Kunnari fl\u00f6jt, Keijo Silventoinen oboe, Kimmo Lepp\u00e4l\u00e4 klarinett, Tuomas Harri valthorn, Tero Latvala violin, Jukka Tyrv\u00e4inen cello, Pauliina Kallio, harpa<\/p>\n\n\n\n<p>Kapellm\u00e4stare Jukka Untamala med Lojo stadsorkesters musiker<\/p>\n\n\n\n<p>Ingen paus. Konsertens l\u00e4ngd ungef\u00e4r en timme.<\/p>\n\n\n\n<p>25 \u20ac<\/p>\n\n\n\n<p><\/p>\n","protected":false},"excerpt":{"rendered":"<p>Sjunde\u00e5 S:t Petri kyrka kl 19 Frid i v\u00e5r tid Komposit\u00f6rer Gustav Holst, Peter Grans (uruppf\u00f6rande), Nino Rota, Tomi R\u00e4is\u00e4nen (uruppf\u00f6rande av det segrande verket i t\u00e4vlingen Sjunde\u00e5 560). Tomi R\u00e4is\u00e4nen beskriver sitt verk s\u00e5 h\u00e4r: \u201dTele \u00e4r skriven f\u00f6r en septett och f\u00f6r televisionen och \u00e4r starkt f\u00f6rknippad med coronatiden. P\u00e5 grund av pandemin [&hellip;]<\/p>\n","protected":false},"author":1,"featured_media":3875,"parent":0,"menu_order":0,"comment_status":"closed","ping_status":"closed","template":"","meta":{"_uag_custom_page_level_css":"","jetpack_post_was_ever_published":false,"footnotes":""},"class_list":["post-3967","page","type-page","status-publish","has-post-thumbnail","hentry"],"yoast_head":"<!-- This site is optimized with the Yoast SEO plugin v26.8 - https:\/\/yoast.com\/product\/yoast-seo-wordpress\/ -->\n<title>Lux Musicae 13.-15.11.2026 - Fredag 19.11.2021<\/title>\n<meta name=\"robots\" content=\"index, follow, max-snippet:-1, max-image-preview:large, max-video-preview:-1\" \/>\n<link rel=\"canonical\" href=\"https:\/\/luxmusicae.com\/perjantai-19-11-2021\/\" \/>\n<meta property=\"og:locale\" content=\"sv_SE\" \/>\n<meta property=\"og:type\" content=\"article\" \/>\n<meta property=\"og:title\" content=\"Lux Musicae 13.-15.11.2026 - Fredag 19.11.2021\" \/>\n<meta property=\"og:description\" content=\"Sjunde\u00e5 S:t Petri kyrka kl 19 Frid i v\u00e5r tid Komposit\u00f6rer Gustav Holst, Peter Grans (uruppf\u00f6rande), Nino Rota, Tomi R\u00e4is\u00e4nen (uruppf\u00f6rande av det segrande verket i t\u00e4vlingen Sjunde\u00e5 560). Tomi R\u00e4is\u00e4nen beskriver sitt verk s\u00e5 h\u00e4r: \u201dTele \u00e4r skriven f\u00f6r en septett och f\u00f6r televisionen och \u00e4r starkt f\u00f6rknippad med coronatiden. P\u00e5 grund av pandemin [&hellip;]\" \/>\n<meta property=\"og:url\" content=\"https:\/\/luxmusicae.com\/perjantai-19-11-2021\/\" \/>\n<meta property=\"og:site_name\" content=\"Lux Musicae 13.-15.11.2026\" \/>\n<meta property=\"article:modified_time\" content=\"2021-10-11T06:41:26+00:00\" \/>\n<meta property=\"og:image\" content=\"https:\/\/i0.wp.com\/luxmusicae.com\/wp-content\/uploads\/2021\/07\/LuxMusicae2021_www_FRI.png?fit=1500%2C1500&ssl=1\" \/>\n\t<meta property=\"og:image:width\" content=\"1500\" \/>\n\t<meta property=\"og:image:height\" content=\"1500\" \/>\n\t<meta property=\"og:image:type\" content=\"image\/png\" \/>\n<meta name=\"twitter:card\" content=\"summary_large_image\" \/>\n<meta name=\"twitter:label1\" content=\"Ber\u00e4knad l\u00e4stid\" \/>\n\t<meta name=\"twitter:data1\" content=\"2 minuter\" \/>\n<script type=\"application\/ld+json\" class=\"yoast-schema-graph\">{\"@context\":\"https:\/\/schema.org\",\"@graph\":[{\"@type\":\"WebPage\",\"@id\":\"https:\/\/luxmusicae.com\/perjantai-19-11-2021\/\",\"url\":\"https:\/\/luxmusicae.com\/perjantai-19-11-2021\/\",\"name\":\"Lux Musicae 13.-15.11.2026 - Fredag 19.11.2021\",\"isPartOf\":{\"@id\":\"https:\/\/luxmusicae.com\/#website\"},\"primaryImageOfPage\":{\"@id\":\"https:\/\/luxmusicae.com\/perjantai-19-11-2021\/#primaryimage\"},\"image\":{\"@id\":\"https:\/\/luxmusicae.com\/perjantai-19-11-2021\/#primaryimage\"},\"thumbnailUrl\":\"https:\/\/i0.wp.com\/luxmusicae.com\/wp-content\/uploads\/2021\/07\/LuxMusicae2021_www_FRI.png?fit=1500%2C1500&ssl=1\",\"datePublished\":\"2021-09-07T12:45:10+00:00\",\"dateModified\":\"2021-10-11T06:41:26+00:00\",\"breadcrumb\":{\"@id\":\"https:\/\/luxmusicae.com\/perjantai-19-11-2021\/#breadcrumb\"},\"inLanguage\":\"sv-SE\",\"potentialAction\":[{\"@type\":\"ReadAction\",\"target\":[\"https:\/\/luxmusicae.com\/perjantai-19-11-2021\/\"]}]},{\"@type\":\"ImageObject\",\"inLanguage\":\"sv-SE\",\"@id\":\"https:\/\/luxmusicae.com\/perjantai-19-11-2021\/#primaryimage\",\"url\":\"https:\/\/i0.wp.com\/luxmusicae.com\/wp-content\/uploads\/2021\/07\/LuxMusicae2021_www_FRI.png?fit=1500%2C1500&ssl=1\",\"contentUrl\":\"https:\/\/i0.wp.com\/luxmusicae.com\/wp-content\/uploads\/2021\/07\/LuxMusicae2021_www_FRI.png?fit=1500%2C1500&ssl=1\",\"width\":1500,\"height\":1500},{\"@type\":\"BreadcrumbList\",\"@id\":\"https:\/\/luxmusicae.com\/perjantai-19-11-2021\/#breadcrumb\",\"itemListElement\":[{\"@type\":\"ListItem\",\"position\":1,\"name\":\"Etusivu\",\"item\":\"https:\/\/luxmusicae.com\/\"},{\"@type\":\"ListItem\",\"position\":2,\"name\":\"Fredag 19.11.2021\"}]},{\"@type\":\"WebSite\",\"@id\":\"https:\/\/luxmusicae.com\/#website\",\"url\":\"https:\/\/luxmusicae.com\/\",\"name\":\"Lux Musicae 13.-15.11.2026\",\"description\":\"Musiikkifestivaali Siuntiossa joka vuoden marraskuussa! - Musikfestival i Sjunde\u00e5. Varje \u00e5r i November! - Music Festival of Siuntio. Every year in november!\",\"publisher\":{\"@id\":\"https:\/\/luxmusicae.com\/#organization\"},\"potentialAction\":[{\"@type\":\"SearchAction\",\"target\":{\"@type\":\"EntryPoint\",\"urlTemplate\":\"https:\/\/luxmusicae.com\/?s={search_term_string}\"},\"query-input\":{\"@type\":\"PropertyValueSpecification\",\"valueRequired\":true,\"valueName\":\"search_term_string\"}}],\"inLanguage\":\"sv-SE\"},{\"@type\":\"Organization\",\"@id\":\"https:\/\/luxmusicae.com\/#organization\",\"name\":\"Lux Musicae 13.-15.11.2026\",\"url\":\"https:\/\/luxmusicae.com\/\",\"logo\":{\"@type\":\"ImageObject\",\"inLanguage\":\"sv-SE\",\"@id\":\"https:\/\/luxmusicae.com\/#\/schema\/logo\/image\/\",\"url\":\"https:\/\/i0.wp.com\/luxmusicae.com\/wp-content\/uploads\/2024\/07\/cropped-LuxMusicae2024_www_LOGO.png?fit=100%2C100&ssl=1\",\"contentUrl\":\"https:\/\/i0.wp.com\/luxmusicae.com\/wp-content\/uploads\/2024\/07\/cropped-LuxMusicae2024_www_LOGO.png?fit=100%2C100&ssl=1\",\"width\":100,\"height\":100,\"caption\":\"Lux Musicae 13.-15.11.2026\"},\"image\":{\"@id\":\"https:\/\/luxmusicae.com\/#\/schema\/logo\/image\/\"}}]}<\/script>\n<!-- \/ Yoast SEO plugin. -->","yoast_head_json":{"title":"Lux Musicae 13.-15.11.2026 - Fredag 19.11.2021","robots":{"index":"index","follow":"follow","max-snippet":"max-snippet:-1","max-image-preview":"max-image-preview:large","max-video-preview":"max-video-preview:-1"},"canonical":"https:\/\/luxmusicae.com\/perjantai-19-11-2021\/","og_locale":"sv_SE","og_type":"article","og_title":"Lux Musicae 13.-15.11.2026 - Fredag 19.11.2021","og_description":"Sjunde\u00e5 S:t Petri kyrka kl 19 Frid i v\u00e5r tid Komposit\u00f6rer Gustav Holst, Peter Grans (uruppf\u00f6rande), Nino Rota, Tomi R\u00e4is\u00e4nen (uruppf\u00f6rande av det segrande verket i t\u00e4vlingen Sjunde\u00e5 560). Tomi R\u00e4is\u00e4nen beskriver sitt verk s\u00e5 h\u00e4r: \u201dTele \u00e4r skriven f\u00f6r en septett och f\u00f6r televisionen och \u00e4r starkt f\u00f6rknippad med coronatiden. P\u00e5 grund av pandemin [&hellip;]","og_url":"https:\/\/luxmusicae.com\/perjantai-19-11-2021\/","og_site_name":"Lux Musicae 13.-15.11.2026","article_modified_time":"2021-10-11T06:41:26+00:00","og_image":[{"width":1500,"height":1500,"url":"https:\/\/i0.wp.com\/luxmusicae.com\/wp-content\/uploads\/2021\/07\/LuxMusicae2021_www_FRI.png?fit=1500%2C1500&ssl=1","type":"image\/png"}],"twitter_card":"summary_large_image","twitter_misc":{"Ber\u00e4knad l\u00e4stid":"2 minuter"},"schema":{"@context":"https:\/\/schema.org","@graph":[{"@type":"WebPage","@id":"https:\/\/luxmusicae.com\/perjantai-19-11-2021\/","url":"https:\/\/luxmusicae.com\/perjantai-19-11-2021\/","name":"Lux Musicae 13.-15.11.2026 - Fredag 19.11.2021","isPartOf":{"@id":"https:\/\/luxmusicae.com\/#website"},"primaryImageOfPage":{"@id":"https:\/\/luxmusicae.com\/perjantai-19-11-2021\/#primaryimage"},"image":{"@id":"https:\/\/luxmusicae.com\/perjantai-19-11-2021\/#primaryimage"},"thumbnailUrl":"https:\/\/i0.wp.com\/luxmusicae.com\/wp-content\/uploads\/2021\/07\/LuxMusicae2021_www_FRI.png?fit=1500%2C1500&ssl=1","datePublished":"2021-09-07T12:45:10+00:00","dateModified":"2021-10-11T06:41:26+00:00","breadcrumb":{"@id":"https:\/\/luxmusicae.com\/perjantai-19-11-2021\/#breadcrumb"},"inLanguage":"sv-SE","potentialAction":[{"@type":"ReadAction","target":["https:\/\/luxmusicae.com\/perjantai-19-11-2021\/"]}]},{"@type":"ImageObject","inLanguage":"sv-SE","@id":"https:\/\/luxmusicae.com\/perjantai-19-11-2021\/#primaryimage","url":"https:\/\/i0.wp.com\/luxmusicae.com\/wp-content\/uploads\/2021\/07\/LuxMusicae2021_www_FRI.png?fit=1500%2C1500&ssl=1","contentUrl":"https:\/\/i0.wp.com\/luxmusicae.com\/wp-content\/uploads\/2021\/07\/LuxMusicae2021_www_FRI.png?fit=1500%2C1500&ssl=1","width":1500,"height":1500},{"@type":"BreadcrumbList","@id":"https:\/\/luxmusicae.com\/perjantai-19-11-2021\/#breadcrumb","itemListElement":[{"@type":"ListItem","position":1,"name":"Etusivu","item":"https:\/\/luxmusicae.com\/"},{"@type":"ListItem","position":2,"name":"Fredag 19.11.2021"}]},{"@type":"WebSite","@id":"https:\/\/luxmusicae.com\/#website","url":"https:\/\/luxmusicae.com\/","name":"Lux Musicae 13.-15.11.2026","description":"Musiikkifestivaali Siuntiossa joka vuoden marraskuussa! - Musikfestival i Sjunde\u00e5. Varje \u00e5r i November! - Music Festival of Siuntio. Every year in november!","publisher":{"@id":"https:\/\/luxmusicae.com\/#organization"},"potentialAction":[{"@type":"SearchAction","target":{"@type":"EntryPoint","urlTemplate":"https:\/\/luxmusicae.com\/?s={search_term_string}"},"query-input":{"@type":"PropertyValueSpecification","valueRequired":true,"valueName":"search_term_string"}}],"inLanguage":"sv-SE"},{"@type":"Organization","@id":"https:\/\/luxmusicae.com\/#organization","name":"Lux Musicae 13.-15.11.2026","url":"https:\/\/luxmusicae.com\/","logo":{"@type":"ImageObject","inLanguage":"sv-SE","@id":"https:\/\/luxmusicae.com\/#\/schema\/logo\/image\/","url":"https:\/\/i0.wp.com\/luxmusicae.com\/wp-content\/uploads\/2024\/07\/cropped-LuxMusicae2024_www_LOGO.png?fit=100%2C100&ssl=1","contentUrl":"https:\/\/i0.wp.com\/luxmusicae.com\/wp-content\/uploads\/2024\/07\/cropped-LuxMusicae2024_www_LOGO.png?fit=100%2C100&ssl=1","width":100,"height":100,"caption":"Lux Musicae 13.-15.11.2026"},"image":{"@id":"https:\/\/luxmusicae.com\/#\/schema\/logo\/image\/"}}]}},"uagb_featured_image_src":{"full":["https:\/\/i0.wp.com\/luxmusicae.com\/wp-content\/uploads\/2021\/07\/LuxMusicae2021_www_FRI.png?fit=1500%2C1500&ssl=1",1500,1500,false],"thumbnail":["https:\/\/i0.wp.com\/luxmusicae.com\/wp-content\/uploads\/2021\/07\/LuxMusicae2021_www_FRI.png?resize=150%2C150&ssl=1",150,150,true],"medium":["https:\/\/i0.wp.com\/luxmusicae.com\/wp-content\/uploads\/2021\/07\/LuxMusicae2021_www_FRI.png?fit=300%2C300&ssl=1",300,300,true],"medium_large":["https:\/\/i0.wp.com\/luxmusicae.com\/wp-content\/uploads\/2021\/07\/LuxMusicae2021_www_FRI.png?fit=768%2C768&ssl=1",768,768,true],"large":["https:\/\/i0.wp.com\/luxmusicae.com\/wp-content\/uploads\/2021\/07\/LuxMusicae2021_www_FRI.png?fit=1024%2C1024&ssl=1",1024,1024,true],"1536x1536":["https:\/\/i0.wp.com\/luxmusicae.com\/wp-content\/uploads\/2021\/07\/LuxMusicae2021_www_FRI.png?fit=1500%2C1500&ssl=1",1500,1500,true],"2048x2048":["https:\/\/i0.wp.com\/luxmusicae.com\/wp-content\/uploads\/2021\/07\/LuxMusicae2021_www_FRI.png?fit=1500%2C1500&ssl=1",1500,1500,true],"ect-jetpack-portfolio-featured":["https:\/\/i0.wp.com\/luxmusicae.com\/wp-content\/uploads\/2021\/07\/LuxMusicae2021_www_FRI.png?resize=640%2C640&ssl=1",640,640,true],"ect-featured-content":["https:\/\/i0.wp.com\/luxmusicae.com\/wp-content\/uploads\/2021\/07\/LuxMusicae2021_www_FRI.png?resize=640%2C640&ssl=1",640,640,true],"jetpack-portfolio-admin-thumb":["https:\/\/i0.wp.com\/luxmusicae.com\/wp-content\/uploads\/2021\/07\/LuxMusicae2021_www_FRI.png?resize=50%2C50&ssl=1",50,50,true],"featured-content-admin-thumb":["https:\/\/i0.wp.com\/luxmusicae.com\/wp-content\/uploads\/2021\/07\/LuxMusicae2021_www_FRI.png?resize=50%2C50&ssl=1",50,50,true]},"uagb_author_info":{"display_name":"Lux Musicae Admin","author_link":"https:\/\/luxmusicae.com\/sv\/author\/admin\/"},"uagb_comment_info":0,"uagb_excerpt":"Sjunde\u00e5 S:t Petri kyrka kl 19 Frid i v\u00e5r tid Komposit\u00f6rer Gustav Holst, Peter Grans (uruppf\u00f6rande), Nino Rota, Tomi R\u00e4is\u00e4nen (uruppf\u00f6rande av det segrande verket i t\u00e4vlingen Sjunde\u00e5 560). Tomi R\u00e4is\u00e4nen beskriver sitt verk s\u00e5 h\u00e4r: \u201dTele \u00e4r skriven f\u00f6r en septett och f\u00f6r televisionen och \u00e4r starkt f\u00f6rknippad med coronatiden. P\u00e5 grund av pandemin&hellip;","jetpack_shortlink":"https:\/\/wp.me\/P968cz-11Z","jetpack_sharing_enabled":true,"_links":{"self":[{"href":"https:\/\/luxmusicae.com\/sv\/wp-json\/wp\/v2\/pages\/3967","targetHints":{"allow":["GET"]}}],"collection":[{"href":"https:\/\/luxmusicae.com\/sv\/wp-json\/wp\/v2\/pages"}],"about":[{"href":"https:\/\/luxmusicae.com\/sv\/wp-json\/wp\/v2\/types\/page"}],"author":[{"embeddable":true,"href":"https:\/\/luxmusicae.com\/sv\/wp-json\/wp\/v2\/users\/1"}],"replies":[{"embeddable":true,"href":"https:\/\/luxmusicae.com\/sv\/wp-json\/wp\/v2\/comments?post=3967"}],"version-history":[{"count":8,"href":"https:\/\/luxmusicae.com\/sv\/wp-json\/wp\/v2\/pages\/3967\/revisions"}],"predecessor-version":[{"id":4066,"href":"https:\/\/luxmusicae.com\/sv\/wp-json\/wp\/v2\/pages\/3967\/revisions\/4066"}],"wp:featuredmedia":[{"embeddable":true,"href":"https:\/\/luxmusicae.com\/sv\/wp-json\/wp\/v2\/media\/3875"}],"wp:attachment":[{"href":"https:\/\/luxmusicae.com\/sv\/wp-json\/wp\/v2\/media?parent=3967"}],"curies":[{"name":"wp","href":"https:\/\/api.w.org\/{rel}","templated":true}]}}