{"id":3118,"date":"2019-09-10T12:44:14","date_gmt":"2019-09-10T09:44:14","guid":{"rendered":"http:\/\/luxmusicae.com\/?page_id=3118"},"modified":"2019-09-12T13:46:39","modified_gmt":"2019-09-12T10:46:39","slug":"sondag-17-11-2019","status":"publish","type":"page","link":"https:\/\/luxmusicae.com\/sv\/sondag-17-11-2019\/","title":{"rendered":"S\u00f6ndag 17.11.2019"},"content":{"rendered":"\n<h2 class=\"wp-block-heading\">Sjunde\u00e5 bibliotek kl. 13.00<\/h2>\n\n\n\n<h3 class=\"wp-block-heading\">Roliga ber\u00e4ttelser f\u00f6r barn <\/h3>\n\n\n\n<p><strong>Mikko Perkoila<\/strong><\/p>\n\n\n\n<p>Fritt intr\u00e4de<\/p>\n\n\n\n<p>Konsertens l\u00e4ngd 1h<\/p>\n\n\n\n<h2 class=\"wp-block-heading\">Sjunde\u00e5 kyrka kl. 16.00<\/h2>\n\n\n\n<h3 class=\"wp-block-heading\">Ode till gl\u00e4djen \u2013 bl\u00e5smusik fr\u00e5n olika \u00e5rhundraden<\/h3>\n\n\n\n<p><strong>Helsinki Brass Quartet<\/strong><\/p>\n\n\n\n<p>Program:<\/p>\n\n\n\n<p>Jeremiah Clarke: Trumpet voluntary, arr. HBQ<br>\nG.F. H\u00e4ndel: &#8221;La Rejouissance&#8221; orkesterisarjasta Ilotulitusmusiikkia,\narr. J. Ovaskainen<br>\nJ.S. Bach: Air, arr. M. J\u00e4ms\u00e4<br>\nL. van Beethoven: Oodi ilolle, arr. HBQ<br>\nFranz Schubert: Ave Maria, arr. J. Ovaskainen<br>\nJean Sibelius: Valse triste, arr. S. Ruusuvuori<br>\nGiacomo Puccini: E lucevan le stelle oopperasta Tosca, arr. T. Hyytinen<br>\n<br>\nPaus<br> <br> Tomi R\u00e4is\u00e4nen: No-Go (2011\/2013)<br> Tommi Hyytinen: Untold (2019), Kantaesitys<br> Vittorio Monti: Czardas, arr. M. J\u00e4ms\u00e4<br> Otto Kotilainen: Varpunen jouluaamuna, arr. S. Ruusuvuori<br> Oskar Merikanto: Soi vienosti murheeni soitto, arr. J. Ovaskainen<br> Janne Ovaskainen: Memoria Spartacus<br> Chick Corea: Spain, arr. Ilkka Helanter\u00e4<\/p>\n\n\n\n<p>Konsertens l\u00e4ngd 1h 30 min<\/p>\n\n\n\n<div class=\"uagb-cta__outer-wrap\" id=\"uagb-cta-block-02378bc1-094e-43cf-a40a-631ae7c10ac4\"><div class=\"uagb-cta__content-wrap uagb-cta__block uagb-cta__icon-position-right uagb-cta__content-right uagb-cta__content-stacked-tablet uagb-cta__button-valign-middle \"><div class=\"uagb-cta__left-right-wrap\"><div class=\"uagb-cta__content\"><div class=\"uagb-cta__title-wrap\"><h3 class=\"uagb-cta__title\">K\u00f6p biljetter<\/h3><\/div><div class=\"uagb-cta-text-wrap\"><p class=\"uagb-cta__desc\">27,50\u20ac<\/p><\/div><\/div><div class=\"uagb-cta__link-wrapper uagb-cta__block-link-style\"><div class=\"uagb-cta__button-wrapper\"><a href=\"https:\/\/www.lippu.fi\/20-lux-musicae-oodi-ilolle-musiikkia-eri-vuosisadoilta-siuntio-kk-lippuja.html?affiliate=ADV&amp;doc=artistPages%2Ftickets&amp;fun=artist&amp;action=tickets&amp;key=2552146%2412212637&amp;jumpIn=yTix&amp;kuid=472439&amp;from=erdetaila\" class=\"uagb-cta__block-link uagb-cta__button-link-wrapper uagb-cta-typeof-button\" target=\"_blank\" rel=\"noopener noreferrer\"><span class=\"uagb-cta__link-content-inner\"><span>K\u00f6p biljett<\/span><\/span><\/a><\/div><\/div><\/div><\/div><\/div>\n\n\n\n<p><\/p>\n","protected":false},"excerpt":{"rendered":"<p>Sjunde\u00e5 bibliotek kl. 13.00 Roliga ber\u00e4ttelser f\u00f6r barn Mikko Perkoila Fritt intr\u00e4de Konsertens l\u00e4ngd 1h Sjunde\u00e5 kyrka kl. 16.00 Ode till gl\u00e4djen \u2013 bl\u00e5smusik fr\u00e5n olika \u00e5rhundraden Helsinki Brass Quartet Program: Jeremiah Clarke: Trumpet voluntary, arr. HBQ G.F. H\u00e4ndel: &#8221;La Rejouissance&#8221; orkesterisarjasta Ilotulitusmusiikkia, arr. J. Ovaskainen J.S. Bach: Air, arr. M. J\u00e4ms\u00e4 L. van Beethoven: [&hellip;]<\/p>\n","protected":false},"author":1,"featured_media":2854,"parent":0,"menu_order":0,"comment_status":"closed","ping_status":"closed","template":"","meta":{"_uag_custom_page_level_css":"","jetpack_post_was_ever_published":false,"footnotes":""},"class_list":["post-3118","page","type-page","status-publish","has-post-thumbnail","hentry"],"yoast_head":"<!-- This site is optimized with the Yoast SEO plugin v26.8 - https:\/\/yoast.com\/product\/yoast-seo-wordpress\/ -->\n<title>Lux Musicae 13.-15.11.2026 - S\u00f6ndag 17.11.2019<\/title>\n<meta name=\"robots\" content=\"index, follow, max-snippet:-1, max-image-preview:large, max-video-preview:-1\" \/>\n<link rel=\"canonical\" href=\"https:\/\/luxmusicae.com\/sunnuntai-17-11-2019\/\" \/>\n<meta property=\"og:locale\" content=\"sv_SE\" \/>\n<meta property=\"og:type\" content=\"article\" \/>\n<meta property=\"og:title\" content=\"Lux Musicae 13.-15.11.2026 - S\u00f6ndag 17.11.2019\" \/>\n<meta property=\"og:description\" content=\"Sjunde\u00e5 bibliotek kl. 13.00 Roliga ber\u00e4ttelser f\u00f6r barn Mikko Perkoila Fritt intr\u00e4de Konsertens l\u00e4ngd 1h Sjunde\u00e5 kyrka kl. 16.00 Ode till gl\u00e4djen \u2013 bl\u00e5smusik fr\u00e5n olika \u00e5rhundraden Helsinki Brass Quartet Program: Jeremiah Clarke: Trumpet voluntary, arr. HBQ G.F. H\u00e4ndel: &#8221;La Rejouissance&#8221; orkesterisarjasta Ilotulitusmusiikkia, arr. J. Ovaskainen J.S. Bach: Air, arr. M. J\u00e4ms\u00e4 L. van Beethoven: [&hellip;]\" \/>\n<meta property=\"og:url\" content=\"https:\/\/luxmusicae.com\/sunnuntai-17-11-2019\/\" \/>\n<meta property=\"og:site_name\" content=\"Lux Musicae 13.-15.11.2026\" \/>\n<meta property=\"article:modified_time\" content=\"2019-09-12T10:46:39+00:00\" \/>\n<meta property=\"og:image\" content=\"https:\/\/i0.wp.com\/luxmusicae.com\/wp-content\/uploads\/2019\/06\/LuxMusicae2019_Date_SUN.png?fit=1500%2C1500&ssl=1\" \/>\n\t<meta property=\"og:image:width\" content=\"1500\" \/>\n\t<meta property=\"og:image:height\" content=\"1500\" \/>\n\t<meta property=\"og:image:type\" content=\"image\/png\" \/>\n<meta name=\"twitter:card\" content=\"summary_large_image\" \/>\n<meta name=\"twitter:label1\" content=\"Ber\u00e4knad l\u00e4stid\" \/>\n\t<meta name=\"twitter:data1\" content=\"1 minut\" \/>\n<script type=\"application\/ld+json\" class=\"yoast-schema-graph\">{\"@context\":\"https:\/\/schema.org\",\"@graph\":[{\"@type\":\"WebPage\",\"@id\":\"https:\/\/luxmusicae.com\/sunnuntai-17-11-2019\/\",\"url\":\"https:\/\/luxmusicae.com\/sunnuntai-17-11-2019\/\",\"name\":\"Lux Musicae 13.-15.11.2026 - S\u00f6ndag 17.11.2019\",\"isPartOf\":{\"@id\":\"https:\/\/luxmusicae.com\/#website\"},\"primaryImageOfPage\":{\"@id\":\"https:\/\/luxmusicae.com\/sunnuntai-17-11-2019\/#primaryimage\"},\"image\":{\"@id\":\"https:\/\/luxmusicae.com\/sunnuntai-17-11-2019\/#primaryimage\"},\"thumbnailUrl\":\"https:\/\/i0.wp.com\/luxmusicae.com\/wp-content\/uploads\/2019\/06\/LuxMusicae2019_Date_SUN.png?fit=1500%2C1500&ssl=1\",\"datePublished\":\"2019-09-10T09:44:14+00:00\",\"dateModified\":\"2019-09-12T10:46:39+00:00\",\"breadcrumb\":{\"@id\":\"https:\/\/luxmusicae.com\/sunnuntai-17-11-2019\/#breadcrumb\"},\"inLanguage\":\"sv-SE\",\"potentialAction\":[{\"@type\":\"ReadAction\",\"target\":[\"https:\/\/luxmusicae.com\/sunnuntai-17-11-2019\/\"]}]},{\"@type\":\"ImageObject\",\"inLanguage\":\"sv-SE\",\"@id\":\"https:\/\/luxmusicae.com\/sunnuntai-17-11-2019\/#primaryimage\",\"url\":\"https:\/\/i0.wp.com\/luxmusicae.com\/wp-content\/uploads\/2019\/06\/LuxMusicae2019_Date_SUN.png?fit=1500%2C1500&ssl=1\",\"contentUrl\":\"https:\/\/i0.wp.com\/luxmusicae.com\/wp-content\/uploads\/2019\/06\/LuxMusicae2019_Date_SUN.png?fit=1500%2C1500&ssl=1\",\"width\":1500,\"height\":1500},{\"@type\":\"BreadcrumbList\",\"@id\":\"https:\/\/luxmusicae.com\/sunnuntai-17-11-2019\/#breadcrumb\",\"itemListElement\":[{\"@type\":\"ListItem\",\"position\":1,\"name\":\"Etusivu\",\"item\":\"https:\/\/luxmusicae.com\/\"},{\"@type\":\"ListItem\",\"position\":2,\"name\":\"S\u00f6ndag 17.11.2019\"}]},{\"@type\":\"WebSite\",\"@id\":\"https:\/\/luxmusicae.com\/#website\",\"url\":\"https:\/\/luxmusicae.com\/\",\"name\":\"Lux Musicae 13.-15.11.2026\",\"description\":\"Musiikkifestivaali Siuntiossa joka vuoden marraskuussa! - Musikfestival i Sjunde\u00e5. Varje \u00e5r i November! - Music Festival of Siuntio. Every year in november!\",\"publisher\":{\"@id\":\"https:\/\/luxmusicae.com\/#organization\"},\"potentialAction\":[{\"@type\":\"SearchAction\",\"target\":{\"@type\":\"EntryPoint\",\"urlTemplate\":\"https:\/\/luxmusicae.com\/?s={search_term_string}\"},\"query-input\":{\"@type\":\"PropertyValueSpecification\",\"valueRequired\":true,\"valueName\":\"search_term_string\"}}],\"inLanguage\":\"sv-SE\"},{\"@type\":\"Organization\",\"@id\":\"https:\/\/luxmusicae.com\/#organization\",\"name\":\"Lux Musicae 13.-15.11.2026\",\"url\":\"https:\/\/luxmusicae.com\/\",\"logo\":{\"@type\":\"ImageObject\",\"inLanguage\":\"sv-SE\",\"@id\":\"https:\/\/luxmusicae.com\/#\/schema\/logo\/image\/\",\"url\":\"https:\/\/i0.wp.com\/luxmusicae.com\/wp-content\/uploads\/2024\/07\/cropped-LuxMusicae2024_www_LOGO.png?fit=100%2C100&ssl=1\",\"contentUrl\":\"https:\/\/i0.wp.com\/luxmusicae.com\/wp-content\/uploads\/2024\/07\/cropped-LuxMusicae2024_www_LOGO.png?fit=100%2C100&ssl=1\",\"width\":100,\"height\":100,\"caption\":\"Lux Musicae 13.-15.11.2026\"},\"image\":{\"@id\":\"https:\/\/luxmusicae.com\/#\/schema\/logo\/image\/\"}}]}<\/script>\n<!-- \/ Yoast SEO plugin. -->","yoast_head_json":{"title":"Lux Musicae 13.-15.11.2026 - S\u00f6ndag 17.11.2019","robots":{"index":"index","follow":"follow","max-snippet":"max-snippet:-1","max-image-preview":"max-image-preview:large","max-video-preview":"max-video-preview:-1"},"canonical":"https:\/\/luxmusicae.com\/sunnuntai-17-11-2019\/","og_locale":"sv_SE","og_type":"article","og_title":"Lux Musicae 13.-15.11.2026 - S\u00f6ndag 17.11.2019","og_description":"Sjunde\u00e5 bibliotek kl. 13.00 Roliga ber\u00e4ttelser f\u00f6r barn Mikko Perkoila Fritt intr\u00e4de Konsertens l\u00e4ngd 1h Sjunde\u00e5 kyrka kl. 16.00 Ode till gl\u00e4djen \u2013 bl\u00e5smusik fr\u00e5n olika \u00e5rhundraden Helsinki Brass Quartet Program: Jeremiah Clarke: Trumpet voluntary, arr. HBQ G.F. H\u00e4ndel: &#8221;La Rejouissance&#8221; orkesterisarjasta Ilotulitusmusiikkia, arr. J. Ovaskainen J.S. Bach: Air, arr. M. J\u00e4ms\u00e4 L. van Beethoven: [&hellip;]","og_url":"https:\/\/luxmusicae.com\/sunnuntai-17-11-2019\/","og_site_name":"Lux Musicae 13.-15.11.2026","article_modified_time":"2019-09-12T10:46:39+00:00","og_image":[{"width":1500,"height":1500,"url":"https:\/\/i0.wp.com\/luxmusicae.com\/wp-content\/uploads\/2019\/06\/LuxMusicae2019_Date_SUN.png?fit=1500%2C1500&ssl=1","type":"image\/png"}],"twitter_card":"summary_large_image","twitter_misc":{"Ber\u00e4knad l\u00e4stid":"1 minut"},"schema":{"@context":"https:\/\/schema.org","@graph":[{"@type":"WebPage","@id":"https:\/\/luxmusicae.com\/sunnuntai-17-11-2019\/","url":"https:\/\/luxmusicae.com\/sunnuntai-17-11-2019\/","name":"Lux Musicae 13.-15.11.2026 - S\u00f6ndag 17.11.2019","isPartOf":{"@id":"https:\/\/luxmusicae.com\/#website"},"primaryImageOfPage":{"@id":"https:\/\/luxmusicae.com\/sunnuntai-17-11-2019\/#primaryimage"},"image":{"@id":"https:\/\/luxmusicae.com\/sunnuntai-17-11-2019\/#primaryimage"},"thumbnailUrl":"https:\/\/i0.wp.com\/luxmusicae.com\/wp-content\/uploads\/2019\/06\/LuxMusicae2019_Date_SUN.png?fit=1500%2C1500&ssl=1","datePublished":"2019-09-10T09:44:14+00:00","dateModified":"2019-09-12T10:46:39+00:00","breadcrumb":{"@id":"https:\/\/luxmusicae.com\/sunnuntai-17-11-2019\/#breadcrumb"},"inLanguage":"sv-SE","potentialAction":[{"@type":"ReadAction","target":["https:\/\/luxmusicae.com\/sunnuntai-17-11-2019\/"]}]},{"@type":"ImageObject","inLanguage":"sv-SE","@id":"https:\/\/luxmusicae.com\/sunnuntai-17-11-2019\/#primaryimage","url":"https:\/\/i0.wp.com\/luxmusicae.com\/wp-content\/uploads\/2019\/06\/LuxMusicae2019_Date_SUN.png?fit=1500%2C1500&ssl=1","contentUrl":"https:\/\/i0.wp.com\/luxmusicae.com\/wp-content\/uploads\/2019\/06\/LuxMusicae2019_Date_SUN.png?fit=1500%2C1500&ssl=1","width":1500,"height":1500},{"@type":"BreadcrumbList","@id":"https:\/\/luxmusicae.com\/sunnuntai-17-11-2019\/#breadcrumb","itemListElement":[{"@type":"ListItem","position":1,"name":"Etusivu","item":"https:\/\/luxmusicae.com\/"},{"@type":"ListItem","position":2,"name":"S\u00f6ndag 17.11.2019"}]},{"@type":"WebSite","@id":"https:\/\/luxmusicae.com\/#website","url":"https:\/\/luxmusicae.com\/","name":"Lux Musicae 13.-15.11.2026","description":"Musiikkifestivaali Siuntiossa joka vuoden marraskuussa! - Musikfestival i Sjunde\u00e5. Varje \u00e5r i November! - Music Festival of Siuntio. Every year in november!","publisher":{"@id":"https:\/\/luxmusicae.com\/#organization"},"potentialAction":[{"@type":"SearchAction","target":{"@type":"EntryPoint","urlTemplate":"https:\/\/luxmusicae.com\/?s={search_term_string}"},"query-input":{"@type":"PropertyValueSpecification","valueRequired":true,"valueName":"search_term_string"}}],"inLanguage":"sv-SE"},{"@type":"Organization","@id":"https:\/\/luxmusicae.com\/#organization","name":"Lux Musicae 13.-15.11.2026","url":"https:\/\/luxmusicae.com\/","logo":{"@type":"ImageObject","inLanguage":"sv-SE","@id":"https:\/\/luxmusicae.com\/#\/schema\/logo\/image\/","url":"https:\/\/i0.wp.com\/luxmusicae.com\/wp-content\/uploads\/2024\/07\/cropped-LuxMusicae2024_www_LOGO.png?fit=100%2C100&ssl=1","contentUrl":"https:\/\/i0.wp.com\/luxmusicae.com\/wp-content\/uploads\/2024\/07\/cropped-LuxMusicae2024_www_LOGO.png?fit=100%2C100&ssl=1","width":100,"height":100,"caption":"Lux Musicae 13.-15.11.2026"},"image":{"@id":"https:\/\/luxmusicae.com\/#\/schema\/logo\/image\/"}}]}},"uagb_featured_image_src":{"full":["https:\/\/i0.wp.com\/luxmusicae.com\/wp-content\/uploads\/2019\/06\/LuxMusicae2019_Date_SUN.png?fit=1500%2C1500&ssl=1",1500,1500,false],"thumbnail":["https:\/\/i0.wp.com\/luxmusicae.com\/wp-content\/uploads\/2019\/06\/LuxMusicae2019_Date_SUN.png?resize=150%2C150&ssl=1",150,150,true],"medium":["https:\/\/i0.wp.com\/luxmusicae.com\/wp-content\/uploads\/2019\/06\/LuxMusicae2019_Date_SUN.png?fit=300%2C300&ssl=1",300,300,true],"medium_large":["https:\/\/i0.wp.com\/luxmusicae.com\/wp-content\/uploads\/2019\/06\/LuxMusicae2019_Date_SUN.png?fit=768%2C768&ssl=1",768,768,true],"large":["https:\/\/i0.wp.com\/luxmusicae.com\/wp-content\/uploads\/2019\/06\/LuxMusicae2019_Date_SUN.png?fit=1024%2C1024&ssl=1",1024,1024,true],"1536x1536":["https:\/\/i0.wp.com\/luxmusicae.com\/wp-content\/uploads\/2019\/06\/LuxMusicae2019_Date_SUN.png?fit=1500%2C1500&ssl=1",1500,1500,true],"2048x2048":["https:\/\/i0.wp.com\/luxmusicae.com\/wp-content\/uploads\/2019\/06\/LuxMusicae2019_Date_SUN.png?fit=1500%2C1500&ssl=1",1500,1500,true],"ect-jetpack-portfolio-featured":["https:\/\/i0.wp.com\/luxmusicae.com\/wp-content\/uploads\/2019\/06\/LuxMusicae2019_Date_SUN.png?resize=640%2C640&ssl=1",640,640,true],"ect-featured-content":["https:\/\/i0.wp.com\/luxmusicae.com\/wp-content\/uploads\/2019\/06\/LuxMusicae2019_Date_SUN.png?resize=640%2C640&ssl=1",640,640,true],"jetpack-portfolio-admin-thumb":["https:\/\/i0.wp.com\/luxmusicae.com\/wp-content\/uploads\/2019\/06\/LuxMusicae2019_Date_SUN.png?resize=50%2C50&ssl=1",50,50,true],"featured-content-admin-thumb":["https:\/\/i0.wp.com\/luxmusicae.com\/wp-content\/uploads\/2019\/06\/LuxMusicae2019_Date_SUN.png?resize=50%2C50&ssl=1",50,50,true]},"uagb_author_info":{"display_name":"Lux Musicae Admin","author_link":"https:\/\/luxmusicae.com\/sv\/author\/admin\/"},"uagb_comment_info":0,"uagb_excerpt":"Sjunde\u00e5 bibliotek kl. 13.00 Roliga ber\u00e4ttelser f\u00f6r barn Mikko Perkoila Fritt intr\u00e4de Konsertens l\u00e4ngd 1h Sjunde\u00e5 kyrka kl. 16.00 Ode till gl\u00e4djen \u2013 bl\u00e5smusik fr\u00e5n olika \u00e5rhundraden Helsinki Brass Quartet Program: Jeremiah Clarke: Trumpet voluntary, arr. HBQ G.F. H\u00e4ndel: &#8221;La Rejouissance&#8221; orkesterisarjasta Ilotulitusmusiikkia, arr. J. Ovaskainen J.S. Bach: Air, arr. M. J\u00e4ms\u00e4 L. van Beethoven:&hellip;","jetpack_shortlink":"https:\/\/wp.me\/P968cz-Oi","jetpack_sharing_enabled":true,"_links":{"self":[{"href":"https:\/\/luxmusicae.com\/sv\/wp-json\/wp\/v2\/pages\/3118","targetHints":{"allow":["GET"]}}],"collection":[{"href":"https:\/\/luxmusicae.com\/sv\/wp-json\/wp\/v2\/pages"}],"about":[{"href":"https:\/\/luxmusicae.com\/sv\/wp-json\/wp\/v2\/types\/page"}],"author":[{"embeddable":true,"href":"https:\/\/luxmusicae.com\/sv\/wp-json\/wp\/v2\/users\/1"}],"replies":[{"embeddable":true,"href":"https:\/\/luxmusicae.com\/sv\/wp-json\/wp\/v2\/comments?post=3118"}],"version-history":[{"count":4,"href":"https:\/\/luxmusicae.com\/sv\/wp-json\/wp\/v2\/pages\/3118\/revisions"}],"predecessor-version":[{"id":3187,"href":"https:\/\/luxmusicae.com\/sv\/wp-json\/wp\/v2\/pages\/3118\/revisions\/3187"}],"wp:featuredmedia":[{"embeddable":true,"href":"https:\/\/luxmusicae.com\/sv\/wp-json\/wp\/v2\/media\/2854"}],"wp:attachment":[{"href":"https:\/\/luxmusicae.com\/sv\/wp-json\/wp\/v2\/media?parent=3118"}],"curies":[{"name":"wp","href":"https:\/\/api.w.org\/{rel}","templated":true}]}}