{"id":2974,"date":"2017-08-23T11:44:30","date_gmt":"2017-08-23T08:44:30","guid":{"rendered":"http:\/\/luxmusicae.com\/hurra-finland-100-ar\/"},"modified":"2017-08-23T11:44:30","modified_gmt":"2017-08-23T08:44:30","slug":"hurra-finland-100-ar","status":"publish","type":"page","link":"https:\/\/luxmusicae.com\/sv\/hurra-finland-100-ar\/","title":{"rendered":"Hurra! Finland 100 \u00e5r!"},"content":{"rendered":"<p>Den svenska barytonen <strong>Gabriel Suovanen<\/strong> har studerat vid Sibelius Akademin och vid Operah\u00f6gskolan i Stockholm. Han har gjort en imponerande internationell karri\u00e4r och tolkat finska personer av betydelse s\u00e5som Aleksis Kivi och Paavo Nurmi musikaliskt.<\/p>\n<p><strong>Ilmo Ranta<\/strong> \u00e4r en k\u00e4nd liedpianist som ocks\u00e5 har en framg\u00e5ngsrik solistkarri\u00e4r.<\/p>\n<p>&nbsp;<\/p>\n","protected":false},"excerpt":{"rendered":"<p>Den svenska barytonen Gabriel Suovanen har studerat vid Sibelius Akademin och vid Operah\u00f6gskolan i Stockholm. Han har gjort en imponerande internationell karri\u00e4r och tolkat finska personer av betydelse s\u00e5som Aleksis Kivi och Paavo Nurmi musikaliskt. Ilmo Ranta \u00e4r en k\u00e4nd liedpianist som ocks\u00e5 har en framg\u00e5ngsrik solistkarri\u00e4r. &nbsp;<\/p>\n","protected":false},"author":1,"featured_media":0,"parent":0,"menu_order":0,"comment_status":"closed","ping_status":"closed","template":"","meta":{"_uag_custom_page_level_css":"","jetpack_post_was_ever_published":false,"footnotes":""},"class_list":["post-2974","page","type-page","status-publish","hentry"],"yoast_head":"<!-- This site is optimized with the Yoast SEO plugin v26.8 - https:\/\/yoast.com\/product\/yoast-seo-wordpress\/ -->\n<title>Lux Musicae 13.-15.11.2026 - Hurra! Finland 100 \u00e5r!<\/title>\n<meta name=\"robots\" content=\"index, follow, max-snippet:-1, max-image-preview:large, max-video-preview:-1\" \/>\n<link rel=\"canonical\" href=\"https:\/\/luxmusicae.com\/elakoon-suomi-100-vuotta\/\" \/>\n<meta property=\"og:locale\" content=\"sv_SE\" \/>\n<meta property=\"og:type\" content=\"article\" \/>\n<meta property=\"og:title\" content=\"Lux Musicae 13.-15.11.2026 - Hurra! Finland 100 \u00e5r!\" \/>\n<meta property=\"og:description\" content=\"Den svenska barytonen Gabriel Suovanen har studerat vid Sibelius Akademin och vid Operah\u00f6gskolan i Stockholm. Han har gjort en imponerande internationell karri\u00e4r och tolkat finska personer av betydelse s\u00e5som Aleksis Kivi och Paavo Nurmi musikaliskt. Ilmo Ranta \u00e4r en k\u00e4nd liedpianist som ocks\u00e5 har en framg\u00e5ngsrik solistkarri\u00e4r. &nbsp;\" \/>\n<meta property=\"og:url\" content=\"https:\/\/luxmusicae.com\/elakoon-suomi-100-vuotta\/\" \/>\n<meta property=\"og:site_name\" content=\"Lux Musicae 13.-15.11.2026\" \/>\n<meta property=\"og:image\" content=\"https:\/\/i0.wp.com\/luxmusicae.com\/wp-content\/uploads\/2025\/07\/LuxMusicae2025_www_HEADER_KORJ.png?fit=2400%2C1600&ssl=1\" \/>\n\t<meta property=\"og:image:width\" content=\"2400\" \/>\n\t<meta property=\"og:image:height\" content=\"1600\" \/>\n\t<meta property=\"og:image:type\" content=\"image\/png\" \/>\n<meta name=\"twitter:card\" content=\"summary_large_image\" \/>\n<script type=\"application\/ld+json\" class=\"yoast-schema-graph\">{\"@context\":\"https:\/\/schema.org\",\"@graph\":[{\"@type\":\"WebPage\",\"@id\":\"https:\/\/luxmusicae.com\/elakoon-suomi-100-vuotta\/\",\"url\":\"https:\/\/luxmusicae.com\/elakoon-suomi-100-vuotta\/\",\"name\":\"Lux Musicae 13.-15.11.2026 - Hurra! Finland 100 \u00e5r!\",\"isPartOf\":{\"@id\":\"https:\/\/luxmusicae.com\/#website\"},\"datePublished\":\"2017-08-23T08:44:30+00:00\",\"breadcrumb\":{\"@id\":\"https:\/\/luxmusicae.com\/elakoon-suomi-100-vuotta\/#breadcrumb\"},\"inLanguage\":\"sv-SE\",\"potentialAction\":[{\"@type\":\"ReadAction\",\"target\":[\"https:\/\/luxmusicae.com\/elakoon-suomi-100-vuotta\/\"]}]},{\"@type\":\"BreadcrumbList\",\"@id\":\"https:\/\/luxmusicae.com\/elakoon-suomi-100-vuotta\/#breadcrumb\",\"itemListElement\":[{\"@type\":\"ListItem\",\"position\":1,\"name\":\"Etusivu\",\"item\":\"https:\/\/luxmusicae.com\/\"},{\"@type\":\"ListItem\",\"position\":2,\"name\":\"Hurra! Finland 100 \u00e5r!\"}]},{\"@type\":\"WebSite\",\"@id\":\"https:\/\/luxmusicae.com\/#website\",\"url\":\"https:\/\/luxmusicae.com\/\",\"name\":\"Lux Musicae 13.-15.11.2026\",\"description\":\"Musiikkifestivaali Siuntiossa joka vuoden marraskuussa! - Musikfestival i Sjunde\u00e5. Varje \u00e5r i November! - Music Festival of Siuntio. Every year in november!\",\"publisher\":{\"@id\":\"https:\/\/luxmusicae.com\/#organization\"},\"potentialAction\":[{\"@type\":\"SearchAction\",\"target\":{\"@type\":\"EntryPoint\",\"urlTemplate\":\"https:\/\/luxmusicae.com\/?s={search_term_string}\"},\"query-input\":{\"@type\":\"PropertyValueSpecification\",\"valueRequired\":true,\"valueName\":\"search_term_string\"}}],\"inLanguage\":\"sv-SE\"},{\"@type\":\"Organization\",\"@id\":\"https:\/\/luxmusicae.com\/#organization\",\"name\":\"Lux Musicae 13.-15.11.2026\",\"url\":\"https:\/\/luxmusicae.com\/\",\"logo\":{\"@type\":\"ImageObject\",\"inLanguage\":\"sv-SE\",\"@id\":\"https:\/\/luxmusicae.com\/#\/schema\/logo\/image\/\",\"url\":\"https:\/\/i0.wp.com\/luxmusicae.com\/wp-content\/uploads\/2024\/07\/cropped-LuxMusicae2024_www_LOGO.png?fit=100%2C100&ssl=1\",\"contentUrl\":\"https:\/\/i0.wp.com\/luxmusicae.com\/wp-content\/uploads\/2024\/07\/cropped-LuxMusicae2024_www_LOGO.png?fit=100%2C100&ssl=1\",\"width\":100,\"height\":100,\"caption\":\"Lux Musicae 13.-15.11.2026\"},\"image\":{\"@id\":\"https:\/\/luxmusicae.com\/#\/schema\/logo\/image\/\"}}]}<\/script>\n<!-- \/ Yoast SEO plugin. -->","yoast_head_json":{"title":"Lux Musicae 13.-15.11.2026 - Hurra! Finland 100 \u00e5r!","robots":{"index":"index","follow":"follow","max-snippet":"max-snippet:-1","max-image-preview":"max-image-preview:large","max-video-preview":"max-video-preview:-1"},"canonical":"https:\/\/luxmusicae.com\/elakoon-suomi-100-vuotta\/","og_locale":"sv_SE","og_type":"article","og_title":"Lux Musicae 13.-15.11.2026 - Hurra! Finland 100 \u00e5r!","og_description":"Den svenska barytonen Gabriel Suovanen har studerat vid Sibelius Akademin och vid Operah\u00f6gskolan i Stockholm. Han har gjort en imponerande internationell karri\u00e4r och tolkat finska personer av betydelse s\u00e5som Aleksis Kivi och Paavo Nurmi musikaliskt. Ilmo Ranta \u00e4r en k\u00e4nd liedpianist som ocks\u00e5 har en framg\u00e5ngsrik solistkarri\u00e4r. &nbsp;","og_url":"https:\/\/luxmusicae.com\/elakoon-suomi-100-vuotta\/","og_site_name":"Lux Musicae 13.-15.11.2026","og_image":[{"width":2400,"height":1600,"url":"https:\/\/i0.wp.com\/luxmusicae.com\/wp-content\/uploads\/2025\/07\/LuxMusicae2025_www_HEADER_KORJ.png?fit=2400%2C1600&ssl=1","type":"image\/png"}],"twitter_card":"summary_large_image","schema":{"@context":"https:\/\/schema.org","@graph":[{"@type":"WebPage","@id":"https:\/\/luxmusicae.com\/elakoon-suomi-100-vuotta\/","url":"https:\/\/luxmusicae.com\/elakoon-suomi-100-vuotta\/","name":"Lux Musicae 13.-15.11.2026 - Hurra! Finland 100 \u00e5r!","isPartOf":{"@id":"https:\/\/luxmusicae.com\/#website"},"datePublished":"2017-08-23T08:44:30+00:00","breadcrumb":{"@id":"https:\/\/luxmusicae.com\/elakoon-suomi-100-vuotta\/#breadcrumb"},"inLanguage":"sv-SE","potentialAction":[{"@type":"ReadAction","target":["https:\/\/luxmusicae.com\/elakoon-suomi-100-vuotta\/"]}]},{"@type":"BreadcrumbList","@id":"https:\/\/luxmusicae.com\/elakoon-suomi-100-vuotta\/#breadcrumb","itemListElement":[{"@type":"ListItem","position":1,"name":"Etusivu","item":"https:\/\/luxmusicae.com\/"},{"@type":"ListItem","position":2,"name":"Hurra! Finland 100 \u00e5r!"}]},{"@type":"WebSite","@id":"https:\/\/luxmusicae.com\/#website","url":"https:\/\/luxmusicae.com\/","name":"Lux Musicae 13.-15.11.2026","description":"Musiikkifestivaali Siuntiossa joka vuoden marraskuussa! - Musikfestival i Sjunde\u00e5. Varje \u00e5r i November! - Music Festival of Siuntio. Every year in november!","publisher":{"@id":"https:\/\/luxmusicae.com\/#organization"},"potentialAction":[{"@type":"SearchAction","target":{"@type":"EntryPoint","urlTemplate":"https:\/\/luxmusicae.com\/?s={search_term_string}"},"query-input":{"@type":"PropertyValueSpecification","valueRequired":true,"valueName":"search_term_string"}}],"inLanguage":"sv-SE"},{"@type":"Organization","@id":"https:\/\/luxmusicae.com\/#organization","name":"Lux Musicae 13.-15.11.2026","url":"https:\/\/luxmusicae.com\/","logo":{"@type":"ImageObject","inLanguage":"sv-SE","@id":"https:\/\/luxmusicae.com\/#\/schema\/logo\/image\/","url":"https:\/\/i0.wp.com\/luxmusicae.com\/wp-content\/uploads\/2024\/07\/cropped-LuxMusicae2024_www_LOGO.png?fit=100%2C100&ssl=1","contentUrl":"https:\/\/i0.wp.com\/luxmusicae.com\/wp-content\/uploads\/2024\/07\/cropped-LuxMusicae2024_www_LOGO.png?fit=100%2C100&ssl=1","width":100,"height":100,"caption":"Lux Musicae 13.-15.11.2026"},"image":{"@id":"https:\/\/luxmusicae.com\/#\/schema\/logo\/image\/"}}]}},"uagb_featured_image_src":{"full":false,"thumbnail":false,"medium":false,"medium_large":false,"large":false,"1536x1536":false,"2048x2048":false,"ect-jetpack-portfolio-featured":false,"ect-featured-content":false,"jetpack-portfolio-admin-thumb":false,"featured-content-admin-thumb":false},"uagb_author_info":{"display_name":"Lux Musicae Admin","author_link":"https:\/\/luxmusicae.com\/sv\/author\/admin\/"},"uagb_comment_info":0,"uagb_excerpt":"Den svenska barytonen Gabriel Suovanen har studerat vid Sibelius Akademin och vid Operah\u00f6gskolan i Stockholm. Han har gjort en imponerande internationell karri\u00e4r och tolkat finska personer av betydelse s\u00e5som Aleksis Kivi och Paavo Nurmi musikaliskt. Ilmo Ranta \u00e4r en k\u00e4nd liedpianist som ocks\u00e5 har en framg\u00e5ngsrik solistkarri\u00e4r. &nbsp;","jetpack_shortlink":"https:\/\/wp.me\/P968cz-LY","jetpack_sharing_enabled":true,"_links":{"self":[{"href":"https:\/\/luxmusicae.com\/sv\/wp-json\/wp\/v2\/pages\/2974","targetHints":{"allow":["GET"]}}],"collection":[{"href":"https:\/\/luxmusicae.com\/sv\/wp-json\/wp\/v2\/pages"}],"about":[{"href":"https:\/\/luxmusicae.com\/sv\/wp-json\/wp\/v2\/types\/page"}],"author":[{"embeddable":true,"href":"https:\/\/luxmusicae.com\/sv\/wp-json\/wp\/v2\/users\/1"}],"replies":[{"embeddable":true,"href":"https:\/\/luxmusicae.com\/sv\/wp-json\/wp\/v2\/comments?post=2974"}],"version-history":[{"count":0,"href":"https:\/\/luxmusicae.com\/sv\/wp-json\/wp\/v2\/pages\/2974\/revisions"}],"wp:attachment":[{"href":"https:\/\/luxmusicae.com\/sv\/wp-json\/wp\/v2\/media?parent=2974"}],"curies":[{"name":"wp","href":"https:\/\/api.w.org\/{rel}","templated":true}]}}