{"id":2968,"date":"2017-08-22T13:24:06","date_gmt":"2017-08-22T10:24:06","guid":{"rendered":"http:\/\/luxmusicae.com\/jungfrurna-pa-slottet-lo-18-11-2017-kl-19-00\/"},"modified":"2017-08-22T13:24:06","modified_gmt":"2017-08-22T10:24:06","slug":"jungfrurna-pa-slottet-lo-18-11-2017-kl-19-00","status":"publish","type":"page","link":"https:\/\/luxmusicae.com\/sv\/jungfrurna-pa-slottet-lo-18-11-2017-kl-19-00\/","title":{"rendered":"Jungfrurna p\u00e5 slottet L\u00f6 18.11.2017 kl 19.00"},"content":{"rendered":"<p><strong>Kaisa Kortelainen<\/strong> (f.1992) \u00e4r som fl\u00f6jtist intresserad av s\u00e5v\u00e4l konstens samh\u00e4lleliga dimensioner som att med hj\u00e4lp av musiken och andra konstformer f\u00f6ra sk\u00f6nhet i v\u00e4rlden. F\u00f6r henne \u00e4r det viktigt att f\u00f6ra m\u00e4nniskan n\u00e4rmare det icke vardagliga och f\u00f6runderliga.<\/p>\n<p><strong>Lily-Marlene Puusepp<\/strong> (f.1983) spelar under sina konserter b\u00e5de harp repertoarens evergreens och till och med ny musik. Hon \u00e4r en m\u00e5ngsidig harpistsolist, kammarmusiker och samtidigt symfoniorkestermusiker.<\/p>\n<p>Fl\u00f6jt och harpa har skapat musikaliska uttryck i vilka sk\u00f6nhet och behaglighet har f\u00f6renats i en estetiskt imponerande helhet.<\/p>\n<p>Claude Debussys\u00a0<em> Syrinx<\/em>, <em>F\u00f6rspel<\/em> till en fauns eftermiddag och <em>M\u00e5nsken<\/em> \u00e4r f\u00f6rtrollande tonm\u00e5lningar vilkas sk\u00f6nhet smeker v\u00e5rt hj\u00e4rtas innersta. <strong>Salvatore Sciarrino<\/strong> f\u00f6r sin del komponerar musik i vilken de sm\u00e5 detaljerna utvecklas till st\u00f6rre betydelse.<\/p>\n<p><strong>Paavo Heininen<\/strong>s soloverk f\u00f6r olika instrument \u00e4r studier av instrumentets sj\u00e4l. Soloaltfl\u00f6jtens f\u00e4rgskala \u00e4r full av rikedomar. Heininen \u00f6ppnar den i verket han komponerat \u00e5t m\u00e4starfl\u00f6jtisten <strong>Severino Gazzelloni<\/strong>.<\/p>\n<p>Japanska <strong>Toru Takemitsu<\/strong>s tonspr\u00e5k \u00e4r nyanserat, detaljerat och mystiskt s\u00e5 som vishetens musik.<\/p>\n<p>&nbsp;<\/p>\n","protected":false},"excerpt":{"rendered":"<p>Kaisa Kortelainen (f.1992) \u00e4r som fl\u00f6jtist intresserad av s\u00e5v\u00e4l konstens samh\u00e4lleliga dimensioner som att med hj\u00e4lp av musiken och andra konstformer f\u00f6ra sk\u00f6nhet i v\u00e4rlden. F\u00f6r henne \u00e4r det viktigt att f\u00f6ra m\u00e4nniskan n\u00e4rmare det icke vardagliga och f\u00f6runderliga. Lily-Marlene Puusepp (f.1983) spelar under sina konserter b\u00e5de harp repertoarens evergreens och till och med ny [&hellip;]<\/p>\n","protected":false},"author":1,"featured_media":0,"parent":0,"menu_order":0,"comment_status":"closed","ping_status":"closed","template":"","meta":{"_uag_custom_page_level_css":"","jetpack_post_was_ever_published":false,"footnotes":""},"class_list":["post-2968","page","type-page","status-publish","hentry"],"yoast_head":"<!-- This site is optimized with the Yoast SEO plugin v26.8 - https:\/\/yoast.com\/product\/yoast-seo-wordpress\/ -->\n<title>Lux Musicae 13.-15.11.2026 - Jungfrurna p\u00e5 slottet L\u00f6 18.11.2017 kl 19.00<\/title>\n<meta name=\"robots\" content=\"index, follow, max-snippet:-1, max-image-preview:large, max-video-preview:-1\" \/>\n<link rel=\"canonical\" href=\"https:\/\/luxmusicae.com\/linnan-neidot-la-18-11-2017-klo-19-00-sjundbyn-linna\/\" \/>\n<meta property=\"og:locale\" content=\"sv_SE\" \/>\n<meta property=\"og:type\" content=\"article\" \/>\n<meta property=\"og:title\" content=\"Lux Musicae 13.-15.11.2026 - Jungfrurna p\u00e5 slottet L\u00f6 18.11.2017 kl 19.00\" \/>\n<meta property=\"og:description\" content=\"Kaisa Kortelainen (f.1992) \u00e4r som fl\u00f6jtist intresserad av s\u00e5v\u00e4l konstens samh\u00e4lleliga dimensioner som att med hj\u00e4lp av musiken och andra konstformer f\u00f6ra sk\u00f6nhet i v\u00e4rlden. F\u00f6r henne \u00e4r det viktigt att f\u00f6ra m\u00e4nniskan n\u00e4rmare det icke vardagliga och f\u00f6runderliga. Lily-Marlene Puusepp (f.1983) spelar under sina konserter b\u00e5de harp repertoarens evergreens och till och med ny [&hellip;]\" \/>\n<meta property=\"og:url\" content=\"https:\/\/luxmusicae.com\/linnan-neidot-la-18-11-2017-klo-19-00-sjundbyn-linna\/\" \/>\n<meta property=\"og:site_name\" content=\"Lux Musicae 13.-15.11.2026\" \/>\n<meta property=\"og:image\" content=\"https:\/\/i0.wp.com\/luxmusicae.com\/wp-content\/uploads\/2025\/07\/LuxMusicae2025_www_HEADER_KORJ.png?fit=2400%2C1600&ssl=1\" \/>\n\t<meta property=\"og:image:width\" content=\"2400\" \/>\n\t<meta property=\"og:image:height\" content=\"1600\" \/>\n\t<meta property=\"og:image:type\" content=\"image\/png\" \/>\n<meta name=\"twitter:card\" content=\"summary_large_image\" \/>\n<meta name=\"twitter:label1\" content=\"Ber\u00e4knad l\u00e4stid\" \/>\n\t<meta name=\"twitter:data1\" content=\"1 minut\" \/>\n<script type=\"application\/ld+json\" class=\"yoast-schema-graph\">{\"@context\":\"https:\/\/schema.org\",\"@graph\":[{\"@type\":\"WebPage\",\"@id\":\"https:\/\/luxmusicae.com\/linnan-neidot-la-18-11-2017-klo-19-00-sjundbyn-linna\/\",\"url\":\"https:\/\/luxmusicae.com\/linnan-neidot-la-18-11-2017-klo-19-00-sjundbyn-linna\/\",\"name\":\"Lux Musicae 13.-15.11.2026 - Jungfrurna p\u00e5 slottet L\u00f6 18.11.2017 kl 19.00\",\"isPartOf\":{\"@id\":\"https:\/\/luxmusicae.com\/#website\"},\"datePublished\":\"2017-08-22T10:24:06+00:00\",\"breadcrumb\":{\"@id\":\"https:\/\/luxmusicae.com\/linnan-neidot-la-18-11-2017-klo-19-00-sjundbyn-linna\/#breadcrumb\"},\"inLanguage\":\"sv-SE\",\"potentialAction\":[{\"@type\":\"ReadAction\",\"target\":[\"https:\/\/luxmusicae.com\/linnan-neidot-la-18-11-2017-klo-19-00-sjundbyn-linna\/\"]}]},{\"@type\":\"BreadcrumbList\",\"@id\":\"https:\/\/luxmusicae.com\/linnan-neidot-la-18-11-2017-klo-19-00-sjundbyn-linna\/#breadcrumb\",\"itemListElement\":[{\"@type\":\"ListItem\",\"position\":1,\"name\":\"Etusivu\",\"item\":\"https:\/\/luxmusicae.com\/\"},{\"@type\":\"ListItem\",\"position\":2,\"name\":\"Jungfrurna p\u00e5 slottet L\u00f6 18.11.2017 kl 19.00\"}]},{\"@type\":\"WebSite\",\"@id\":\"https:\/\/luxmusicae.com\/#website\",\"url\":\"https:\/\/luxmusicae.com\/\",\"name\":\"Lux Musicae 13.-15.11.2026\",\"description\":\"Musiikkifestivaali Siuntiossa joka vuoden marraskuussa! - Musikfestival i Sjunde\u00e5. Varje \u00e5r i November! - Music Festival of Siuntio. Every year in november!\",\"publisher\":{\"@id\":\"https:\/\/luxmusicae.com\/#organization\"},\"potentialAction\":[{\"@type\":\"SearchAction\",\"target\":{\"@type\":\"EntryPoint\",\"urlTemplate\":\"https:\/\/luxmusicae.com\/?s={search_term_string}\"},\"query-input\":{\"@type\":\"PropertyValueSpecification\",\"valueRequired\":true,\"valueName\":\"search_term_string\"}}],\"inLanguage\":\"sv-SE\"},{\"@type\":\"Organization\",\"@id\":\"https:\/\/luxmusicae.com\/#organization\",\"name\":\"Lux Musicae 13.-15.11.2026\",\"url\":\"https:\/\/luxmusicae.com\/\",\"logo\":{\"@type\":\"ImageObject\",\"inLanguage\":\"sv-SE\",\"@id\":\"https:\/\/luxmusicae.com\/#\/schema\/logo\/image\/\",\"url\":\"https:\/\/i0.wp.com\/luxmusicae.com\/wp-content\/uploads\/2024\/07\/cropped-LuxMusicae2024_www_LOGO.png?fit=100%2C100&ssl=1\",\"contentUrl\":\"https:\/\/i0.wp.com\/luxmusicae.com\/wp-content\/uploads\/2024\/07\/cropped-LuxMusicae2024_www_LOGO.png?fit=100%2C100&ssl=1\",\"width\":100,\"height\":100,\"caption\":\"Lux Musicae 13.-15.11.2026\"},\"image\":{\"@id\":\"https:\/\/luxmusicae.com\/#\/schema\/logo\/image\/\"}}]}<\/script>\n<!-- \/ Yoast SEO plugin. -->","yoast_head_json":{"title":"Lux Musicae 13.-15.11.2026 - Jungfrurna p\u00e5 slottet L\u00f6 18.11.2017 kl 19.00","robots":{"index":"index","follow":"follow","max-snippet":"max-snippet:-1","max-image-preview":"max-image-preview:large","max-video-preview":"max-video-preview:-1"},"canonical":"https:\/\/luxmusicae.com\/linnan-neidot-la-18-11-2017-klo-19-00-sjundbyn-linna\/","og_locale":"sv_SE","og_type":"article","og_title":"Lux Musicae 13.-15.11.2026 - Jungfrurna p\u00e5 slottet L\u00f6 18.11.2017 kl 19.00","og_description":"Kaisa Kortelainen (f.1992) \u00e4r som fl\u00f6jtist intresserad av s\u00e5v\u00e4l konstens samh\u00e4lleliga dimensioner som att med hj\u00e4lp av musiken och andra konstformer f\u00f6ra sk\u00f6nhet i v\u00e4rlden. F\u00f6r henne \u00e4r det viktigt att f\u00f6ra m\u00e4nniskan n\u00e4rmare det icke vardagliga och f\u00f6runderliga. Lily-Marlene Puusepp (f.1983) spelar under sina konserter b\u00e5de harp repertoarens evergreens och till och med ny [&hellip;]","og_url":"https:\/\/luxmusicae.com\/linnan-neidot-la-18-11-2017-klo-19-00-sjundbyn-linna\/","og_site_name":"Lux Musicae 13.-15.11.2026","og_image":[{"width":2400,"height":1600,"url":"https:\/\/i0.wp.com\/luxmusicae.com\/wp-content\/uploads\/2025\/07\/LuxMusicae2025_www_HEADER_KORJ.png?fit=2400%2C1600&ssl=1","type":"image\/png"}],"twitter_card":"summary_large_image","twitter_misc":{"Ber\u00e4knad l\u00e4stid":"1 minut"},"schema":{"@context":"https:\/\/schema.org","@graph":[{"@type":"WebPage","@id":"https:\/\/luxmusicae.com\/linnan-neidot-la-18-11-2017-klo-19-00-sjundbyn-linna\/","url":"https:\/\/luxmusicae.com\/linnan-neidot-la-18-11-2017-klo-19-00-sjundbyn-linna\/","name":"Lux Musicae 13.-15.11.2026 - Jungfrurna p\u00e5 slottet L\u00f6 18.11.2017 kl 19.00","isPartOf":{"@id":"https:\/\/luxmusicae.com\/#website"},"datePublished":"2017-08-22T10:24:06+00:00","breadcrumb":{"@id":"https:\/\/luxmusicae.com\/linnan-neidot-la-18-11-2017-klo-19-00-sjundbyn-linna\/#breadcrumb"},"inLanguage":"sv-SE","potentialAction":[{"@type":"ReadAction","target":["https:\/\/luxmusicae.com\/linnan-neidot-la-18-11-2017-klo-19-00-sjundbyn-linna\/"]}]},{"@type":"BreadcrumbList","@id":"https:\/\/luxmusicae.com\/linnan-neidot-la-18-11-2017-klo-19-00-sjundbyn-linna\/#breadcrumb","itemListElement":[{"@type":"ListItem","position":1,"name":"Etusivu","item":"https:\/\/luxmusicae.com\/"},{"@type":"ListItem","position":2,"name":"Jungfrurna p\u00e5 slottet L\u00f6 18.11.2017 kl 19.00"}]},{"@type":"WebSite","@id":"https:\/\/luxmusicae.com\/#website","url":"https:\/\/luxmusicae.com\/","name":"Lux Musicae 13.-15.11.2026","description":"Musiikkifestivaali Siuntiossa joka vuoden marraskuussa! - Musikfestival i Sjunde\u00e5. Varje \u00e5r i November! - Music Festival of Siuntio. Every year in november!","publisher":{"@id":"https:\/\/luxmusicae.com\/#organization"},"potentialAction":[{"@type":"SearchAction","target":{"@type":"EntryPoint","urlTemplate":"https:\/\/luxmusicae.com\/?s={search_term_string}"},"query-input":{"@type":"PropertyValueSpecification","valueRequired":true,"valueName":"search_term_string"}}],"inLanguage":"sv-SE"},{"@type":"Organization","@id":"https:\/\/luxmusicae.com\/#organization","name":"Lux Musicae 13.-15.11.2026","url":"https:\/\/luxmusicae.com\/","logo":{"@type":"ImageObject","inLanguage":"sv-SE","@id":"https:\/\/luxmusicae.com\/#\/schema\/logo\/image\/","url":"https:\/\/i0.wp.com\/luxmusicae.com\/wp-content\/uploads\/2024\/07\/cropped-LuxMusicae2024_www_LOGO.png?fit=100%2C100&ssl=1","contentUrl":"https:\/\/i0.wp.com\/luxmusicae.com\/wp-content\/uploads\/2024\/07\/cropped-LuxMusicae2024_www_LOGO.png?fit=100%2C100&ssl=1","width":100,"height":100,"caption":"Lux Musicae 13.-15.11.2026"},"image":{"@id":"https:\/\/luxmusicae.com\/#\/schema\/logo\/image\/"}}]}},"uagb_featured_image_src":{"full":false,"thumbnail":false,"medium":false,"medium_large":false,"large":false,"1536x1536":false,"2048x2048":false,"ect-jetpack-portfolio-featured":false,"ect-featured-content":false,"jetpack-portfolio-admin-thumb":false,"featured-content-admin-thumb":false},"uagb_author_info":{"display_name":"Lux Musicae Admin","author_link":"https:\/\/luxmusicae.com\/sv\/author\/admin\/"},"uagb_comment_info":0,"uagb_excerpt":"Kaisa Kortelainen (f.1992) \u00e4r som fl\u00f6jtist intresserad av s\u00e5v\u00e4l konstens samh\u00e4lleliga dimensioner som att med hj\u00e4lp av musiken och andra konstformer f\u00f6ra sk\u00f6nhet i v\u00e4rlden. F\u00f6r henne \u00e4r det viktigt att f\u00f6ra m\u00e4nniskan n\u00e4rmare det icke vardagliga och f\u00f6runderliga. Lily-Marlene Puusepp (f.1983) spelar under sina konserter b\u00e5de harp repertoarens evergreens och till och med ny&hellip;","jetpack_shortlink":"https:\/\/wp.me\/P968cz-LS","jetpack_sharing_enabled":true,"_links":{"self":[{"href":"https:\/\/luxmusicae.com\/sv\/wp-json\/wp\/v2\/pages\/2968","targetHints":{"allow":["GET"]}}],"collection":[{"href":"https:\/\/luxmusicae.com\/sv\/wp-json\/wp\/v2\/pages"}],"about":[{"href":"https:\/\/luxmusicae.com\/sv\/wp-json\/wp\/v2\/types\/page"}],"author":[{"embeddable":true,"href":"https:\/\/luxmusicae.com\/sv\/wp-json\/wp\/v2\/users\/1"}],"replies":[{"embeddable":true,"href":"https:\/\/luxmusicae.com\/sv\/wp-json\/wp\/v2\/comments?post=2968"}],"version-history":[{"count":0,"href":"https:\/\/luxmusicae.com\/sv\/wp-json\/wp\/v2\/pages\/2968\/revisions"}],"wp:attachment":[{"href":"https:\/\/luxmusicae.com\/sv\/wp-json\/wp\/v2\/media?parent=2968"}],"curies":[{"name":"wp","href":"https:\/\/api.w.org\/{rel}","templated":true}]}}