{"id":2965,"date":"2017-08-22T13:21:38","date_gmt":"2017-08-22T10:21:38","guid":{"rendered":"http:\/\/luxmusicae.com\/vila-i-musiken\/"},"modified":"2017-08-22T13:21:38","modified_gmt":"2017-08-22T10:21:38","slug":"vila-i-musiken","status":"publish","type":"page","link":"https:\/\/luxmusicae.com\/sv\/vila-i-musiken\/","title":{"rendered":"Vila i Musiken"},"content":{"rendered":"<p><strong>Pami Karvonen<\/strong>s musikerskap best\u00e5r av att fungera som pianist, ackompanjat\u00f6r, l\u00e4rare, organist, k\u00f6rledare samt ledare f\u00f6r tystnadsretreat. Han \u00e4r grundare av Lux Musicae-evenemanget och verkade som dess konstn\u00e4rliga ledare under elva \u00e5r.<\/p>\n<p><strong>Tommi Sarlin<\/strong>, som under inledningen av konserten Vila i musiken leder en n\u00e4rvaro\u00f6vning, p\u00e5bygger sin utbildning integrativ psykoterapi vid Jyv\u00e4skyl\u00e4 universitet.<\/p>\n<p>Till amerikanska <strong>Morton Feldman<\/strong>s fr\u00e4msta verk fr\u00e5n 1980-talet h\u00f6r tv\u00e5 pianokompositioner Triadic Memories och <em>For Bunita Marcus<\/em>. Pianot var Feldmans favoritinstrument vilket syns i hans vida produktion av kompositioner.<\/p>\n<p><em>For Bunita Marcus<\/em> brukat beskrivas med f\u00f6ljande attribut; \u201doemotst\u00e5ndlig tjuskraft, en absolut bild av sk\u00f6nheten\u201d (Marco Lenzi).<\/p>\n<p>Den sjuttio minuter l\u00e5nga <em>For Bunita Marcus<\/em> \u00e4r som ett sj\u00e4lens mikroskop och en andlig n\u00e4rvaro\u00f6vning. Pami Karvonen beskriver verket; \u201dF\u00f6r mig \u00e4r Feldmans musik \u00e4r som ett spelande landskap n\u00e4r man betraktar r\u00f6relsen i ett lugnt hav, som luftens ber\u00f6ring med huden, ett minne. Ting som finns omkring oss, men som inte syns om vi inte \u00e4r n\u00e4rvarande h\u00e4r och nu.\u201d<\/p>\n","protected":false},"excerpt":{"rendered":"<p>Pami Karvonens musikerskap best\u00e5r av att fungera som pianist, ackompanjat\u00f6r, l\u00e4rare, organist, k\u00f6rledare samt ledare f\u00f6r tystnadsretreat. Han \u00e4r grundare av Lux Musicae-evenemanget och verkade som dess konstn\u00e4rliga ledare under elva \u00e5r. Tommi Sarlin, som under inledningen av konserten Vila i musiken leder en n\u00e4rvaro\u00f6vning, p\u00e5bygger sin utbildning integrativ psykoterapi vid Jyv\u00e4skyl\u00e4 universitet. Till amerikanska [&hellip;]<\/p>\n","protected":false},"author":1,"featured_media":0,"parent":0,"menu_order":0,"comment_status":"closed","ping_status":"closed","template":"","meta":{"_uag_custom_page_level_css":"","jetpack_post_was_ever_published":false,"footnotes":""},"class_list":["post-2965","page","type-page","status-publish","hentry"],"yoast_head":"<!-- This site is optimized with the Yoast SEO plugin v26.8 - https:\/\/yoast.com\/product\/yoast-seo-wordpress\/ -->\n<title>Lux Musicae 13.-15.11.2026 - Vila i Musiken<\/title>\n<meta name=\"robots\" content=\"index, follow, max-snippet:-1, max-image-preview:large, max-video-preview:-1\" \/>\n<link rel=\"canonical\" href=\"https:\/\/luxmusicae.com\/lepaa-musiikissa-konsertti-lepopirtilla-18-11-2017-klo-13-00\/\" \/>\n<meta property=\"og:locale\" content=\"sv_SE\" \/>\n<meta property=\"og:type\" content=\"article\" \/>\n<meta property=\"og:title\" content=\"Lux Musicae 13.-15.11.2026 - Vila i Musiken\" \/>\n<meta property=\"og:description\" content=\"Pami Karvonens musikerskap best\u00e5r av att fungera som pianist, ackompanjat\u00f6r, l\u00e4rare, organist, k\u00f6rledare samt ledare f\u00f6r tystnadsretreat. Han \u00e4r grundare av Lux Musicae-evenemanget och verkade som dess konstn\u00e4rliga ledare under elva \u00e5r. Tommi Sarlin, som under inledningen av konserten Vila i musiken leder en n\u00e4rvaro\u00f6vning, p\u00e5bygger sin utbildning integrativ psykoterapi vid Jyv\u00e4skyl\u00e4 universitet. Till amerikanska [&hellip;]\" \/>\n<meta property=\"og:url\" content=\"https:\/\/luxmusicae.com\/lepaa-musiikissa-konsertti-lepopirtilla-18-11-2017-klo-13-00\/\" \/>\n<meta property=\"og:site_name\" content=\"Lux Musicae 13.-15.11.2026\" \/>\n<meta property=\"og:image\" content=\"https:\/\/i0.wp.com\/luxmusicae.com\/wp-content\/uploads\/2025\/07\/LuxMusicae2025_www_HEADER_KORJ.png?fit=2400%2C1600&ssl=1\" \/>\n\t<meta property=\"og:image:width\" content=\"2400\" \/>\n\t<meta property=\"og:image:height\" content=\"1600\" \/>\n\t<meta property=\"og:image:type\" content=\"image\/png\" \/>\n<meta name=\"twitter:card\" content=\"summary_large_image\" \/>\n<meta name=\"twitter:label1\" content=\"Ber\u00e4knad l\u00e4stid\" \/>\n\t<meta name=\"twitter:data1\" content=\"1 minut\" \/>\n<script type=\"application\/ld+json\" class=\"yoast-schema-graph\">{\"@context\":\"https:\/\/schema.org\",\"@graph\":[{\"@type\":\"WebPage\",\"@id\":\"https:\/\/luxmusicae.com\/lepaa-musiikissa-konsertti-lepopirtilla-18-11-2017-klo-13-00\/\",\"url\":\"https:\/\/luxmusicae.com\/lepaa-musiikissa-konsertti-lepopirtilla-18-11-2017-klo-13-00\/\",\"name\":\"Lux Musicae 13.-15.11.2026 - Vila i Musiken\",\"isPartOf\":{\"@id\":\"https:\/\/luxmusicae.com\/#website\"},\"datePublished\":\"2017-08-22T10:21:38+00:00\",\"breadcrumb\":{\"@id\":\"https:\/\/luxmusicae.com\/lepaa-musiikissa-konsertti-lepopirtilla-18-11-2017-klo-13-00\/#breadcrumb\"},\"inLanguage\":\"sv-SE\",\"potentialAction\":[{\"@type\":\"ReadAction\",\"target\":[\"https:\/\/luxmusicae.com\/lepaa-musiikissa-konsertti-lepopirtilla-18-11-2017-klo-13-00\/\"]}]},{\"@type\":\"BreadcrumbList\",\"@id\":\"https:\/\/luxmusicae.com\/lepaa-musiikissa-konsertti-lepopirtilla-18-11-2017-klo-13-00\/#breadcrumb\",\"itemListElement\":[{\"@type\":\"ListItem\",\"position\":1,\"name\":\"Etusivu\",\"item\":\"https:\/\/luxmusicae.com\/\"},{\"@type\":\"ListItem\",\"position\":2,\"name\":\"Vila i Musiken\"}]},{\"@type\":\"WebSite\",\"@id\":\"https:\/\/luxmusicae.com\/#website\",\"url\":\"https:\/\/luxmusicae.com\/\",\"name\":\"Lux Musicae 13.-15.11.2026\",\"description\":\"Musiikkifestivaali Siuntiossa joka vuoden marraskuussa! - Musikfestival i Sjunde\u00e5. Varje \u00e5r i November! - Music Festival of Siuntio. Every year in november!\",\"publisher\":{\"@id\":\"https:\/\/luxmusicae.com\/#organization\"},\"potentialAction\":[{\"@type\":\"SearchAction\",\"target\":{\"@type\":\"EntryPoint\",\"urlTemplate\":\"https:\/\/luxmusicae.com\/?s={search_term_string}\"},\"query-input\":{\"@type\":\"PropertyValueSpecification\",\"valueRequired\":true,\"valueName\":\"search_term_string\"}}],\"inLanguage\":\"sv-SE\"},{\"@type\":\"Organization\",\"@id\":\"https:\/\/luxmusicae.com\/#organization\",\"name\":\"Lux Musicae 13.-15.11.2026\",\"url\":\"https:\/\/luxmusicae.com\/\",\"logo\":{\"@type\":\"ImageObject\",\"inLanguage\":\"sv-SE\",\"@id\":\"https:\/\/luxmusicae.com\/#\/schema\/logo\/image\/\",\"url\":\"https:\/\/i0.wp.com\/luxmusicae.com\/wp-content\/uploads\/2024\/07\/cropped-LuxMusicae2024_www_LOGO.png?fit=100%2C100&ssl=1\",\"contentUrl\":\"https:\/\/i0.wp.com\/luxmusicae.com\/wp-content\/uploads\/2024\/07\/cropped-LuxMusicae2024_www_LOGO.png?fit=100%2C100&ssl=1\",\"width\":100,\"height\":100,\"caption\":\"Lux Musicae 13.-15.11.2026\"},\"image\":{\"@id\":\"https:\/\/luxmusicae.com\/#\/schema\/logo\/image\/\"}}]}<\/script>\n<!-- \/ Yoast SEO plugin. -->","yoast_head_json":{"title":"Lux Musicae 13.-15.11.2026 - Vila i Musiken","robots":{"index":"index","follow":"follow","max-snippet":"max-snippet:-1","max-image-preview":"max-image-preview:large","max-video-preview":"max-video-preview:-1"},"canonical":"https:\/\/luxmusicae.com\/lepaa-musiikissa-konsertti-lepopirtilla-18-11-2017-klo-13-00\/","og_locale":"sv_SE","og_type":"article","og_title":"Lux Musicae 13.-15.11.2026 - Vila i Musiken","og_description":"Pami Karvonens musikerskap best\u00e5r av att fungera som pianist, ackompanjat\u00f6r, l\u00e4rare, organist, k\u00f6rledare samt ledare f\u00f6r tystnadsretreat. Han \u00e4r grundare av Lux Musicae-evenemanget och verkade som dess konstn\u00e4rliga ledare under elva \u00e5r. Tommi Sarlin, som under inledningen av konserten Vila i musiken leder en n\u00e4rvaro\u00f6vning, p\u00e5bygger sin utbildning integrativ psykoterapi vid Jyv\u00e4skyl\u00e4 universitet. Till amerikanska [&hellip;]","og_url":"https:\/\/luxmusicae.com\/lepaa-musiikissa-konsertti-lepopirtilla-18-11-2017-klo-13-00\/","og_site_name":"Lux Musicae 13.-15.11.2026","og_image":[{"width":2400,"height":1600,"url":"https:\/\/i0.wp.com\/luxmusicae.com\/wp-content\/uploads\/2025\/07\/LuxMusicae2025_www_HEADER_KORJ.png?fit=2400%2C1600&ssl=1","type":"image\/png"}],"twitter_card":"summary_large_image","twitter_misc":{"Ber\u00e4knad l\u00e4stid":"1 minut"},"schema":{"@context":"https:\/\/schema.org","@graph":[{"@type":"WebPage","@id":"https:\/\/luxmusicae.com\/lepaa-musiikissa-konsertti-lepopirtilla-18-11-2017-klo-13-00\/","url":"https:\/\/luxmusicae.com\/lepaa-musiikissa-konsertti-lepopirtilla-18-11-2017-klo-13-00\/","name":"Lux Musicae 13.-15.11.2026 - Vila i Musiken","isPartOf":{"@id":"https:\/\/luxmusicae.com\/#website"},"datePublished":"2017-08-22T10:21:38+00:00","breadcrumb":{"@id":"https:\/\/luxmusicae.com\/lepaa-musiikissa-konsertti-lepopirtilla-18-11-2017-klo-13-00\/#breadcrumb"},"inLanguage":"sv-SE","potentialAction":[{"@type":"ReadAction","target":["https:\/\/luxmusicae.com\/lepaa-musiikissa-konsertti-lepopirtilla-18-11-2017-klo-13-00\/"]}]},{"@type":"BreadcrumbList","@id":"https:\/\/luxmusicae.com\/lepaa-musiikissa-konsertti-lepopirtilla-18-11-2017-klo-13-00\/#breadcrumb","itemListElement":[{"@type":"ListItem","position":1,"name":"Etusivu","item":"https:\/\/luxmusicae.com\/"},{"@type":"ListItem","position":2,"name":"Vila i Musiken"}]},{"@type":"WebSite","@id":"https:\/\/luxmusicae.com\/#website","url":"https:\/\/luxmusicae.com\/","name":"Lux Musicae 13.-15.11.2026","description":"Musiikkifestivaali Siuntiossa joka vuoden marraskuussa! - Musikfestival i Sjunde\u00e5. Varje \u00e5r i November! - Music Festival of Siuntio. Every year in november!","publisher":{"@id":"https:\/\/luxmusicae.com\/#organization"},"potentialAction":[{"@type":"SearchAction","target":{"@type":"EntryPoint","urlTemplate":"https:\/\/luxmusicae.com\/?s={search_term_string}"},"query-input":{"@type":"PropertyValueSpecification","valueRequired":true,"valueName":"search_term_string"}}],"inLanguage":"sv-SE"},{"@type":"Organization","@id":"https:\/\/luxmusicae.com\/#organization","name":"Lux Musicae 13.-15.11.2026","url":"https:\/\/luxmusicae.com\/","logo":{"@type":"ImageObject","inLanguage":"sv-SE","@id":"https:\/\/luxmusicae.com\/#\/schema\/logo\/image\/","url":"https:\/\/i0.wp.com\/luxmusicae.com\/wp-content\/uploads\/2024\/07\/cropped-LuxMusicae2024_www_LOGO.png?fit=100%2C100&ssl=1","contentUrl":"https:\/\/i0.wp.com\/luxmusicae.com\/wp-content\/uploads\/2024\/07\/cropped-LuxMusicae2024_www_LOGO.png?fit=100%2C100&ssl=1","width":100,"height":100,"caption":"Lux Musicae 13.-15.11.2026"},"image":{"@id":"https:\/\/luxmusicae.com\/#\/schema\/logo\/image\/"}}]}},"uagb_featured_image_src":{"full":false,"thumbnail":false,"medium":false,"medium_large":false,"large":false,"1536x1536":false,"2048x2048":false,"ect-jetpack-portfolio-featured":false,"ect-featured-content":false,"jetpack-portfolio-admin-thumb":false,"featured-content-admin-thumb":false},"uagb_author_info":{"display_name":"Lux Musicae Admin","author_link":"https:\/\/luxmusicae.com\/sv\/author\/admin\/"},"uagb_comment_info":0,"uagb_excerpt":"Pami Karvonens musikerskap best\u00e5r av att fungera som pianist, ackompanjat\u00f6r, l\u00e4rare, organist, k\u00f6rledare samt ledare f\u00f6r tystnadsretreat. Han \u00e4r grundare av Lux Musicae-evenemanget och verkade som dess konstn\u00e4rliga ledare under elva \u00e5r. Tommi Sarlin, som under inledningen av konserten Vila i musiken leder en n\u00e4rvaro\u00f6vning, p\u00e5bygger sin utbildning integrativ psykoterapi vid Jyv\u00e4skyl\u00e4 universitet. Till amerikanska&hellip;","jetpack_shortlink":"https:\/\/wp.me\/P968cz-LP","jetpack_sharing_enabled":true,"_links":{"self":[{"href":"https:\/\/luxmusicae.com\/sv\/wp-json\/wp\/v2\/pages\/2965","targetHints":{"allow":["GET"]}}],"collection":[{"href":"https:\/\/luxmusicae.com\/sv\/wp-json\/wp\/v2\/pages"}],"about":[{"href":"https:\/\/luxmusicae.com\/sv\/wp-json\/wp\/v2\/types\/page"}],"author":[{"embeddable":true,"href":"https:\/\/luxmusicae.com\/sv\/wp-json\/wp\/v2\/users\/1"}],"replies":[{"embeddable":true,"href":"https:\/\/luxmusicae.com\/sv\/wp-json\/wp\/v2\/comments?post=2965"}],"version-history":[{"count":0,"href":"https:\/\/luxmusicae.com\/sv\/wp-json\/wp\/v2\/pages\/2965\/revisions"}],"wp:attachment":[{"href":"https:\/\/luxmusicae.com\/sv\/wp-json\/wp\/v2\/media?parent=2965"}],"curies":[{"name":"wp","href":"https:\/\/api.w.org\/{rel}","templated":true}]}}