{"id":2956,"date":"2017-05-23T07:45:19","date_gmt":"2017-05-23T04:45:19","guid":{"rendered":"http:\/\/luxmusicae.com\/lordag-18-11\/"},"modified":"2017-05-23T07:45:19","modified_gmt":"2017-05-23T04:45:19","slug":"lordag-18-11","status":"publish","type":"page","link":"https:\/\/luxmusicae.com\/sv\/lordag-18-11\/","title":{"rendered":"L\u00f6rdag 18.11."},"content":{"rendered":"<h2>L\u00f6 18.11. kl 13 Sjunde\u00e5 bad, Lepopirtti<\/h2>\n<h2>VILA I MUSIKEN<\/h2>\n<p>Pami Karvonen, piano<br \/>\nTommi Sarlin, f\u00f6rfattare och talterapeut<br \/>\nFeldman<\/p>\n<p>Fritt intr\u00e4de med biljett till konserten den 18.11 kl. 16, i annat fall 25\/20 \u20ac<\/p>\n<p>Biljetter vid d\u00f6rren!<\/p>\n<p>Se ocks\u00e5\u00a0<a href=\"http:\/\/www.cumulus.fi\/hotellit\/siuntio\/cumulus-resort-siuntio\">hotellpakett.<\/a><\/p>\n<p><iframe loading=\"lazy\" style=\"border: 0;\" src=\"https:\/\/www.google.com\/maps\/embed?pb=!1m18!1m12!1m3!1d15885.025486669227!2d24.201049478815715!3d60.15377885302366!2m3!1f0!2f0!3f0!3m2!1i1024!2i768!4f13.1!3m3!1m2!1s0x0%3A0xb37378ac936d0a1d!2sCumulus+Resort+Siuntio!5e0!3m2!1sfi!2sfi!4v1503400572148\" width=\"400\" height=\"300\" frameborder=\"0\" allowfullscreen=\"allowfullscreen\"><\/iframe><\/p>\n<h2>L\u00f6 18.11. kl 16 Sjunde\u00e5 kyrka<\/h2>\n<h2>GAMMALT \u00c4R NYTT<\/h2>\n<p>Sufira<\/p>\n<p>Dunstable, Gheorghiu (uruppf\u00f6rande), Piae Cantiones<br \/>\nPresentation av verket<br \/>\nBiljetter 25\/20 \u20ac<\/p>\n<p><strong>Biljetter vid d\u00f6rren!<\/strong><\/p>\n<p><iframe loading=\"lazy\" style=\"border: 0;\" src=\"https:\/\/www.google.com\/maps\/embed?pb=!1m18!1m12!1m3!1d14506.149619563641!2d24.20264040600374!3d60.1765902662784!2m3!1f0!2f0!3f0!3m2!1i1024!2i768!4f13.1!3m3!1m2!1s0x468d9453ff67ce87%3A0x7f48062f657e58fe!2sSiuntion+Pyh%C3%A4n+Pietarin+kirkko!5e0!3m2!1sfi!2sfi!4v1503399171027\" width=\"400\" height=\"300\" frameborder=\"0\" allowfullscreen=\"allowfullscreen\"><\/iframe><\/p>\n<h2><a href=\"http:\/\/luxmusicae.com\/linnan-neidot-la-18-11-2017-klo-19-00-sjundbyn-linna\/\">L\u00f6 18.11. kl 19 Sjundby G\u00e5rd<\/a><\/h2>\n<h2><a href=\"http:\/\/luxmusicae.com\/linnan-neidot-la-18-11-2017-klo-19-00-sjundbyn-linna\/\">JUNGFRURNA P\u00c5 SLOTTET<\/a><\/h2>\n<p>Kaisa Kortelainen, fl\u00f6jt Lily-Marlene Puusepp, harpa<br \/>\nDebussy, Lizotte, Sciarrino, Berio, Satie, Faur\u00e9 ,Takemitsu<br \/>\nBiljetter 30 \u20ac<\/p>\n<p>Sluts\u00e5ld!<\/p>\n","protected":false},"excerpt":{"rendered":"<p>L\u00f6 18.11. kl 13 Sjunde\u00e5 bad, Lepopirtti VILA I MUSIKEN Pami Karvonen, piano Tommi Sarlin, f\u00f6rfattare och talterapeut Feldman Fritt intr\u00e4de med biljett till konserten den 18.11 kl. 16, i annat fall 25\/20 \u20ac Biljetter vid d\u00f6rren! Se ocks\u00e5\u00a0hotellpakett. L\u00f6 18.11. kl 16 Sjunde\u00e5 kyrka GAMMALT \u00c4R NYTT Sufira Dunstable, Gheorghiu (uruppf\u00f6rande), Piae Cantiones Presentation [&hellip;]<\/p>\n","protected":false},"author":1,"featured_media":2750,"parent":0,"menu_order":0,"comment_status":"closed","ping_status":"closed","template":"","meta":{"_uag_custom_page_level_css":"","jetpack_post_was_ever_published":false,"footnotes":""},"class_list":["post-2956","page","type-page","status-publish","has-post-thumbnail","hentry"],"yoast_head":"<!-- This site is optimized with the Yoast SEO plugin v26.8 - https:\/\/yoast.com\/product\/yoast-seo-wordpress\/ -->\n<title>Lux Musicae 13.-15.11.2026 - L\u00f6rdag 18.11.<\/title>\n<meta name=\"robots\" content=\"index, follow, max-snippet:-1, max-image-preview:large, max-video-preview:-1\" \/>\n<link rel=\"canonical\" href=\"https:\/\/luxmusicae.com\/lauantai\/\" \/>\n<meta property=\"og:locale\" content=\"sv_SE\" \/>\n<meta property=\"og:type\" content=\"article\" \/>\n<meta property=\"og:title\" content=\"Lux Musicae 13.-15.11.2026 - L\u00f6rdag 18.11.\" \/>\n<meta property=\"og:description\" content=\"L\u00f6 18.11. kl 13 Sjunde\u00e5 bad, Lepopirtti VILA I MUSIKEN Pami Karvonen, piano Tommi Sarlin, f\u00f6rfattare och talterapeut Feldman Fritt intr\u00e4de med biljett till konserten den 18.11 kl. 16, i annat fall 25\/20 \u20ac Biljetter vid d\u00f6rren! Se ocks\u00e5\u00a0hotellpakett. L\u00f6 18.11. kl 16 Sjunde\u00e5 kyrka GAMMALT \u00c4R NYTT Sufira Dunstable, Gheorghiu (uruppf\u00f6rande), Piae Cantiones Presentation [&hellip;]\" \/>\n<meta property=\"og:url\" content=\"https:\/\/luxmusicae.com\/lauantai\/\" \/>\n<meta property=\"og:site_name\" content=\"Lux Musicae 13.-15.11.2026\" \/>\n<meta property=\"og:image\" content=\"https:\/\/i0.wp.com\/luxmusicae.com\/wp-content\/uploads\/2017\/08\/LuxMusicae2017_Date_SAT.png?fit=1500%2C1500&ssl=1\" \/>\n\t<meta property=\"og:image:width\" content=\"1500\" \/>\n\t<meta property=\"og:image:height\" content=\"1500\" \/>\n\t<meta property=\"og:image:type\" content=\"image\/png\" \/>\n<meta name=\"twitter:card\" content=\"summary_large_image\" \/>\n<script type=\"application\/ld+json\" class=\"yoast-schema-graph\">{\"@context\":\"https:\/\/schema.org\",\"@graph\":[{\"@type\":\"WebPage\",\"@id\":\"https:\/\/luxmusicae.com\/lauantai\/\",\"url\":\"https:\/\/luxmusicae.com\/lauantai\/\",\"name\":\"Lux Musicae 13.-15.11.2026 - L\u00f6rdag 18.11.\",\"isPartOf\":{\"@id\":\"https:\/\/luxmusicae.com\/#website\"},\"primaryImageOfPage\":{\"@id\":\"https:\/\/luxmusicae.com\/lauantai\/#primaryimage\"},\"image\":{\"@id\":\"https:\/\/luxmusicae.com\/lauantai\/#primaryimage\"},\"thumbnailUrl\":\"https:\/\/i0.wp.com\/luxmusicae.com\/wp-content\/uploads\/2017\/08\/LuxMusicae2017_Date_SAT.png?fit=1500%2C1500&ssl=1\",\"datePublished\":\"2017-05-23T04:45:19+00:00\",\"breadcrumb\":{\"@id\":\"https:\/\/luxmusicae.com\/lauantai\/#breadcrumb\"},\"inLanguage\":\"sv-SE\",\"potentialAction\":[{\"@type\":\"ReadAction\",\"target\":[\"https:\/\/luxmusicae.com\/lauantai\/\"]}]},{\"@type\":\"ImageObject\",\"inLanguage\":\"sv-SE\",\"@id\":\"https:\/\/luxmusicae.com\/lauantai\/#primaryimage\",\"url\":\"https:\/\/i0.wp.com\/luxmusicae.com\/wp-content\/uploads\/2017\/08\/LuxMusicae2017_Date_SAT.png?fit=1500%2C1500&ssl=1\",\"contentUrl\":\"https:\/\/i0.wp.com\/luxmusicae.com\/wp-content\/uploads\/2017\/08\/LuxMusicae2017_Date_SAT.png?fit=1500%2C1500&ssl=1\",\"width\":1500,\"height\":1500},{\"@type\":\"BreadcrumbList\",\"@id\":\"https:\/\/luxmusicae.com\/lauantai\/#breadcrumb\",\"itemListElement\":[{\"@type\":\"ListItem\",\"position\":1,\"name\":\"Etusivu\",\"item\":\"https:\/\/luxmusicae.com\/\"},{\"@type\":\"ListItem\",\"position\":2,\"name\":\"L\u00f6rdag 18.11.\"}]},{\"@type\":\"WebSite\",\"@id\":\"https:\/\/luxmusicae.com\/#website\",\"url\":\"https:\/\/luxmusicae.com\/\",\"name\":\"Lux Musicae 13.-15.11.2026\",\"description\":\"Musiikkifestivaali Siuntiossa joka vuoden marraskuussa! - Musikfestival i Sjunde\u00e5. Varje \u00e5r i November! - Music Festival of Siuntio. Every year in november!\",\"publisher\":{\"@id\":\"https:\/\/luxmusicae.com\/#organization\"},\"potentialAction\":[{\"@type\":\"SearchAction\",\"target\":{\"@type\":\"EntryPoint\",\"urlTemplate\":\"https:\/\/luxmusicae.com\/?s={search_term_string}\"},\"query-input\":{\"@type\":\"PropertyValueSpecification\",\"valueRequired\":true,\"valueName\":\"search_term_string\"}}],\"inLanguage\":\"sv-SE\"},{\"@type\":\"Organization\",\"@id\":\"https:\/\/luxmusicae.com\/#organization\",\"name\":\"Lux Musicae 13.-15.11.2026\",\"url\":\"https:\/\/luxmusicae.com\/\",\"logo\":{\"@type\":\"ImageObject\",\"inLanguage\":\"sv-SE\",\"@id\":\"https:\/\/luxmusicae.com\/#\/schema\/logo\/image\/\",\"url\":\"https:\/\/i0.wp.com\/luxmusicae.com\/wp-content\/uploads\/2024\/07\/cropped-LuxMusicae2024_www_LOGO.png?fit=100%2C100&ssl=1\",\"contentUrl\":\"https:\/\/i0.wp.com\/luxmusicae.com\/wp-content\/uploads\/2024\/07\/cropped-LuxMusicae2024_www_LOGO.png?fit=100%2C100&ssl=1\",\"width\":100,\"height\":100,\"caption\":\"Lux Musicae 13.-15.11.2026\"},\"image\":{\"@id\":\"https:\/\/luxmusicae.com\/#\/schema\/logo\/image\/\"}}]}<\/script>\n<!-- \/ Yoast SEO plugin. -->","yoast_head_json":{"title":"Lux Musicae 13.-15.11.2026 - L\u00f6rdag 18.11.","robots":{"index":"index","follow":"follow","max-snippet":"max-snippet:-1","max-image-preview":"max-image-preview:large","max-video-preview":"max-video-preview:-1"},"canonical":"https:\/\/luxmusicae.com\/lauantai\/","og_locale":"sv_SE","og_type":"article","og_title":"Lux Musicae 13.-15.11.2026 - L\u00f6rdag 18.11.","og_description":"L\u00f6 18.11. kl 13 Sjunde\u00e5 bad, Lepopirtti VILA I MUSIKEN Pami Karvonen, piano Tommi Sarlin, f\u00f6rfattare och talterapeut Feldman Fritt intr\u00e4de med biljett till konserten den 18.11 kl. 16, i annat fall 25\/20 \u20ac Biljetter vid d\u00f6rren! Se ocks\u00e5\u00a0hotellpakett. L\u00f6 18.11. kl 16 Sjunde\u00e5 kyrka GAMMALT \u00c4R NYTT Sufira Dunstable, Gheorghiu (uruppf\u00f6rande), Piae Cantiones Presentation [&hellip;]","og_url":"https:\/\/luxmusicae.com\/lauantai\/","og_site_name":"Lux Musicae 13.-15.11.2026","og_image":[{"width":1500,"height":1500,"url":"https:\/\/i0.wp.com\/luxmusicae.com\/wp-content\/uploads\/2017\/08\/LuxMusicae2017_Date_SAT.png?fit=1500%2C1500&ssl=1","type":"image\/png"}],"twitter_card":"summary_large_image","schema":{"@context":"https:\/\/schema.org","@graph":[{"@type":"WebPage","@id":"https:\/\/luxmusicae.com\/lauantai\/","url":"https:\/\/luxmusicae.com\/lauantai\/","name":"Lux Musicae 13.-15.11.2026 - L\u00f6rdag 18.11.","isPartOf":{"@id":"https:\/\/luxmusicae.com\/#website"},"primaryImageOfPage":{"@id":"https:\/\/luxmusicae.com\/lauantai\/#primaryimage"},"image":{"@id":"https:\/\/luxmusicae.com\/lauantai\/#primaryimage"},"thumbnailUrl":"https:\/\/i0.wp.com\/luxmusicae.com\/wp-content\/uploads\/2017\/08\/LuxMusicae2017_Date_SAT.png?fit=1500%2C1500&ssl=1","datePublished":"2017-05-23T04:45:19+00:00","breadcrumb":{"@id":"https:\/\/luxmusicae.com\/lauantai\/#breadcrumb"},"inLanguage":"sv-SE","potentialAction":[{"@type":"ReadAction","target":["https:\/\/luxmusicae.com\/lauantai\/"]}]},{"@type":"ImageObject","inLanguage":"sv-SE","@id":"https:\/\/luxmusicae.com\/lauantai\/#primaryimage","url":"https:\/\/i0.wp.com\/luxmusicae.com\/wp-content\/uploads\/2017\/08\/LuxMusicae2017_Date_SAT.png?fit=1500%2C1500&ssl=1","contentUrl":"https:\/\/i0.wp.com\/luxmusicae.com\/wp-content\/uploads\/2017\/08\/LuxMusicae2017_Date_SAT.png?fit=1500%2C1500&ssl=1","width":1500,"height":1500},{"@type":"BreadcrumbList","@id":"https:\/\/luxmusicae.com\/lauantai\/#breadcrumb","itemListElement":[{"@type":"ListItem","position":1,"name":"Etusivu","item":"https:\/\/luxmusicae.com\/"},{"@type":"ListItem","position":2,"name":"L\u00f6rdag 18.11."}]},{"@type":"WebSite","@id":"https:\/\/luxmusicae.com\/#website","url":"https:\/\/luxmusicae.com\/","name":"Lux Musicae 13.-15.11.2026","description":"Musiikkifestivaali Siuntiossa joka vuoden marraskuussa! - Musikfestival i Sjunde\u00e5. Varje \u00e5r i November! - Music Festival of Siuntio. Every year in november!","publisher":{"@id":"https:\/\/luxmusicae.com\/#organization"},"potentialAction":[{"@type":"SearchAction","target":{"@type":"EntryPoint","urlTemplate":"https:\/\/luxmusicae.com\/?s={search_term_string}"},"query-input":{"@type":"PropertyValueSpecification","valueRequired":true,"valueName":"search_term_string"}}],"inLanguage":"sv-SE"},{"@type":"Organization","@id":"https:\/\/luxmusicae.com\/#organization","name":"Lux Musicae 13.-15.11.2026","url":"https:\/\/luxmusicae.com\/","logo":{"@type":"ImageObject","inLanguage":"sv-SE","@id":"https:\/\/luxmusicae.com\/#\/schema\/logo\/image\/","url":"https:\/\/i0.wp.com\/luxmusicae.com\/wp-content\/uploads\/2024\/07\/cropped-LuxMusicae2024_www_LOGO.png?fit=100%2C100&ssl=1","contentUrl":"https:\/\/i0.wp.com\/luxmusicae.com\/wp-content\/uploads\/2024\/07\/cropped-LuxMusicae2024_www_LOGO.png?fit=100%2C100&ssl=1","width":100,"height":100,"caption":"Lux Musicae 13.-15.11.2026"},"image":{"@id":"https:\/\/luxmusicae.com\/#\/schema\/logo\/image\/"}}]}},"uagb_featured_image_src":{"full":["https:\/\/i0.wp.com\/luxmusicae.com\/wp-content\/uploads\/2017\/08\/LuxMusicae2017_Date_SAT.png?fit=1500%2C1500&ssl=1",1500,1500,false],"thumbnail":["https:\/\/i0.wp.com\/luxmusicae.com\/wp-content\/uploads\/2017\/08\/LuxMusicae2017_Date_SAT.png?resize=150%2C150&ssl=1",150,150,true],"medium":["https:\/\/i0.wp.com\/luxmusicae.com\/wp-content\/uploads\/2017\/08\/LuxMusicae2017_Date_SAT.png?fit=300%2C300&ssl=1",300,300,true],"medium_large":["https:\/\/i0.wp.com\/luxmusicae.com\/wp-content\/uploads\/2017\/08\/LuxMusicae2017_Date_SAT.png?fit=768%2C768&ssl=1",768,768,true],"large":["https:\/\/i0.wp.com\/luxmusicae.com\/wp-content\/uploads\/2017\/08\/LuxMusicae2017_Date_SAT.png?fit=1024%2C1024&ssl=1",1024,1024,true],"1536x1536":["https:\/\/i0.wp.com\/luxmusicae.com\/wp-content\/uploads\/2017\/08\/LuxMusicae2017_Date_SAT.png?fit=1500%2C1500&ssl=1",1500,1500,true],"2048x2048":["https:\/\/i0.wp.com\/luxmusicae.com\/wp-content\/uploads\/2017\/08\/LuxMusicae2017_Date_SAT.png?fit=1500%2C1500&ssl=1",1500,1500,true],"ect-jetpack-portfolio-featured":["https:\/\/i0.wp.com\/luxmusicae.com\/wp-content\/uploads\/2017\/08\/LuxMusicae2017_Date_SAT.png?resize=640%2C640&ssl=1",640,640,true],"ect-featured-content":["https:\/\/i0.wp.com\/luxmusicae.com\/wp-content\/uploads\/2017\/08\/LuxMusicae2017_Date_SAT.png?resize=640%2C640&ssl=1",640,640,true],"jetpack-portfolio-admin-thumb":["https:\/\/i0.wp.com\/luxmusicae.com\/wp-content\/uploads\/2017\/08\/LuxMusicae2017_Date_SAT.png?resize=50%2C50&ssl=1",50,50,true],"featured-content-admin-thumb":["https:\/\/i0.wp.com\/luxmusicae.com\/wp-content\/uploads\/2017\/08\/LuxMusicae2017_Date_SAT.png?resize=50%2C50&ssl=1",50,50,true]},"uagb_author_info":{"display_name":"Lux Musicae Admin","author_link":"https:\/\/luxmusicae.com\/sv\/author\/admin\/"},"uagb_comment_info":0,"uagb_excerpt":"L\u00f6 18.11. kl 13 Sjunde\u00e5 bad, Lepopirtti VILA I MUSIKEN Pami Karvonen, piano Tommi Sarlin, f\u00f6rfattare och talterapeut Feldman Fritt intr\u00e4de med biljett till konserten den 18.11 kl. 16, i annat fall 25\/20 \u20ac Biljetter vid d\u00f6rren! Se ocks\u00e5\u00a0hotellpakett. L\u00f6 18.11. kl 16 Sjunde\u00e5 kyrka GAMMALT \u00c4R NYTT Sufira Dunstable, Gheorghiu (uruppf\u00f6rande), Piae Cantiones Presentation&hellip;","jetpack_shortlink":"https:\/\/wp.me\/P968cz-LG","jetpack_sharing_enabled":true,"_links":{"self":[{"href":"https:\/\/luxmusicae.com\/sv\/wp-json\/wp\/v2\/pages\/2956","targetHints":{"allow":["GET"]}}],"collection":[{"href":"https:\/\/luxmusicae.com\/sv\/wp-json\/wp\/v2\/pages"}],"about":[{"href":"https:\/\/luxmusicae.com\/sv\/wp-json\/wp\/v2\/types\/page"}],"author":[{"embeddable":true,"href":"https:\/\/luxmusicae.com\/sv\/wp-json\/wp\/v2\/users\/1"}],"replies":[{"embeddable":true,"href":"https:\/\/luxmusicae.com\/sv\/wp-json\/wp\/v2\/comments?post=2956"}],"version-history":[{"count":0,"href":"https:\/\/luxmusicae.com\/sv\/wp-json\/wp\/v2\/pages\/2956\/revisions"}],"wp:featuredmedia":[{"embeddable":true,"href":"https:\/\/luxmusicae.com\/sv\/wp-json\/wp\/v2\/media\/2750"}],"wp:attachment":[{"href":"https:\/\/luxmusicae.com\/sv\/wp-json\/wp\/v2\/media?parent=2956"}],"curies":[{"name":"wp","href":"https:\/\/api.w.org\/{rel}","templated":true}]}}